{"id":9872,"date":"2023-11-28T18:02:36","date_gmt":"2023-11-28T18:02:36","guid":{"rendered":"https:\/\/ingns.com\/produits\/multipoints\/multipoint-de-la-ref-3061\/"},"modified":"2024-09-27T13:30:15","modified_gmt":"2024-09-27T13:30:15","slug":"multipoint-de-la-ref-3061","status":"publish","type":"page","link":"https:\/\/ingns.com\/fr\/produits\/multipoints\/multipoint-de-la-ref-3061\/","title":{"rendered":"Multipoint de la R\u00e9f. 3061"},"content":{"rendered":"\n<div style=\"height:50px\" aria-hidden=\"true\" class=\"wp-block-spacer\"><\/div>\n\n<h2 class=\"wp-block-heading has-neve-link-color-color has-text-color has-link-color wp-elements-79c804cea76d121e540b8a5cfe2cb10f\">3061<\/h2>\n\n<p class=\"has-link-color wp-elements-bb3cfc49a05d243566f467c7c9a47829\"><a href=\"https:\/\/ingns.com\/fr\/produits\/multipoints\/\">ANT\u00c9RIEUR<\/a><\/p>\n\n<div style=\"height:25px\" aria-hidden=\"true\" class=\"wp-block-spacer\"><\/div>\n\n<div class=\"wp-block-columns is-layout-flex wp-container-core-columns-is-layout-28f84493 wp-block-columns-is-layout-flex\">\n<div class=\"wp-block-column is-layout-flow wp-block-column-is-layout-flow\">\n<figure class=\"wp-block-image aligncenter size-full\"><img loading=\"lazy\" decoding=\"async\" width=\"20\" height=\"400\" src=\"https:\/\/ingns.com\/wp-content\/uploads\/2024\/01\/Render-Ref.-3061-2.png\" alt=\"\" class=\"wp-image-6553\" srcset=\"https:\/\/ingns.com\/wp-content\/uploads\/2024\/01\/Render-Ref.-3061-2.png 20w, https:\/\/ingns.com\/wp-content\/uploads\/2024\/01\/Render-Ref.-3061-2-15x300.png 15w\" sizes=\"auto, (max-width: 20px) 100vw, 20px\" \/><\/figure>\n<\/div>\n\n\n\n<div class=\"wp-block-column is-layout-flow wp-block-column-is-layout-flow\">\n<h3 class=\"wp-block-heading\">D\u00e9tails<\/h3>\n\n\n\n<p style=\"text-align: justify;\">Fermeture multipoint en acier inoxydable et en zamak zingu\u00e9.<br>Avec un goupille anti-soul\u00e8vement et un \u00e9videment sp\u00e9cial pour une meilleure prise.<br>Vis auto-taraudeur pour une application directe. Pour les s\u00e9ries de coulissants.<\/p>\n\n\n\n<figure class=\"wp-block-image size-full is-resized\"><img decoding=\"async\" src=\"https:\/\/ingns.com\/wp-content\/uploads\/2024\/03\/Icones-27.png\" alt=\"\" class=\"wp-image-10276\" style=\"width:auto;height:35px\"\/><\/figure>\n\n\n\n<div style=\"height:35px\" aria-hidden=\"true\" class=\"wp-block-spacer\"><\/div>\n\n\n\n<h3 class=\"wp-block-heading\">T\u00e9l\u00e9charger<\/h3>\n\n\n\n<p class=\"has-link-color wp-elements-d79a23e3cb242445267b7bff5c1ea5e9\"><a href=\"https:\/\/ingns.com\/wp-content\/uploads\/2024\/03\/FT-3061-3062.pdf\" data-type=\"link\" data-id=\"https:\/\/ingns.com\/wp-content\/uploads\/2024\/03\/FT-3061-3062.pdf\" target=\"_blank\" rel=\"noreferrer noopener\">FICHE TECHNIQUE<\/a><\/p>\n<\/div>\n<\/div>\n\n<div style=\"height:70px\" aria-hidden=\"true\" class=\"wp-block-spacer\"><\/div>\n","protected":false},"excerpt":{"rendered":"<p>3061 ANT\u00c9RIEUR D\u00e9tails Fermeture multipoint en acier inoxydable et en zamak zingu\u00e9.Avec un goupille anti-soul\u00e8vement et un \u00e9videment sp\u00e9cial pour [&hellip;]<\/p>\n","protected":false},"author":1,"featured_media":0,"parent":9870,"menu_order":1,"comment_status":"closed","ping_status":"closed","template":"","meta":{"site-sidebar-layout":"default","site-content-layout":"","ast-site-content-layout":"default","site-content-style":"default","site-sidebar-style":"default","ast-global-header-display":"","ast-banner-title-visibility":"","ast-main-header-display":"","ast-hfb-above-header-display":"","ast-hfb-below-header-display":"","ast-hfb-mobile-header-display":"","site-post-title":"","ast-breadcrumbs-content":"","ast-featured-img":"","footer-sml-layout":"","ast-disable-related-posts":"","theme-transparent-header-meta":"","adv-header-id-meta":"","stick-header-meta":"","header-above-stick-meta":"","header-main-stick-meta":"","header-below-stick-meta":"","astra-migrate-meta-layouts":"default","ast-page-background-enabled":"default","ast-page-background-meta":{"desktop":{"background-color":"var(--ast-global-color-5)","background-image":"","background-repeat":"repeat","background-position":"center center","background-size":"auto","background-attachment":"scroll","background-type":"","background-media":"","overlay-type":"","overlay-color":"","overlay-opacity":"","overlay-gradient":""},"tablet":{"background-color":"","background-image":"","background-repeat":"repeat","background-position":"center center","background-size":"auto","background-attachment":"scroll","background-type":"","background-media":"","overlay-type":"","overlay-color":"","overlay-opacity":"","overlay-gradient":""},"mobile":{"background-color":"","background-image":"","background-repeat":"repeat","background-position":"center center","background-size":"auto","background-attachment":"scroll","background-type":"","background-media":"","overlay-type":"","overlay-color":"","overlay-opacity":"","overlay-gradient":""}},"ast-content-background-meta":{"desktop":{"background-color":"var(--ast-global-color-4)","background-image":"","background-repeat":"repeat","background-position":"center center","background-size":"auto","background-attachment":"scroll","background-type":"","background-media":"","overlay-type":"","overlay-color":"","overlay-opacity":"","overlay-gradient":""},"tablet":{"background-color":"var(--ast-global-color-4)","background-image":"","background-repeat":"repeat","background-position":"center center","background-size":"auto","background-attachment":"scroll","background-type":"","background-media":"","overlay-type":"","overlay-color":"","overlay-opacity":"","overlay-gradient":""},"mobile":{"background-color":"var(--ast-global-color-4)","background-image":"","background-repeat":"repeat","background-position":"center center","background-size":"auto","background-attachment":"scroll","background-type":"","background-media":"","overlay-type":"","overlay-color":"","overlay-opacity":"","overlay-gradient":""}},"footnotes":""},"class_list":["post-9872","page","type-page","status-publish","hentry"],"_links":{"self":[{"href":"https:\/\/ingns.com\/fr\/wp-json\/wp\/v2\/pages\/9872","targetHints":{"allow":["GET"]}}],"collection":[{"href":"https:\/\/ingns.com\/fr\/wp-json\/wp\/v2\/pages"}],"about":[{"href":"https:\/\/ingns.com\/fr\/wp-json\/wp\/v2\/types\/page"}],"author":[{"embeddable":true,"href":"https:\/\/ingns.com\/fr\/wp-json\/wp\/v2\/users\/1"}],"replies":[{"embeddable":true,"href":"https:\/\/ingns.com\/fr\/wp-json\/wp\/v2\/comments?post=9872"}],"version-history":[{"count":8,"href":"https:\/\/ingns.com\/fr\/wp-json\/wp\/v2\/pages\/9872\/revisions"}],"predecessor-version":[{"id":14690,"href":"https:\/\/ingns.com\/fr\/wp-json\/wp\/v2\/pages\/9872\/revisions\/14690"}],"up":[{"embeddable":true,"href":"https:\/\/ingns.com\/fr\/wp-json\/wp\/v2\/pages\/9870"}],"wp:attachment":[{"href":"https:\/\/ingns.com\/fr\/wp-json\/wp\/v2\/media?parent=9872"}],"curies":[{"name":"wp","href":"https:\/\/api.w.org\/{rel}","templated":true}]}}