{"id":9868,"date":"2023-09-29T13:33:46","date_gmt":"2023-09-29T13:33:46","guid":{"rendered":"https:\/\/ingns.com\/produits\/paumelles\/autres\/paumelle-invisible-en-acier-inoxydable\/"},"modified":"2024-09-27T13:18:52","modified_gmt":"2024-09-27T13:18:52","slug":"paumelle-invisible-en-acier-inoxydable","status":"publish","type":"page","link":"https:\/\/ingns.com\/fr\/produits\/paumelles\/autres\/paumelle-invisible-en-acier-inoxydable\/","title":{"rendered":"Paumelle Invisible en Acier Inoxydable"},"content":{"rendered":"\n<div style=\"height:50px\" aria-hidden=\"true\" class=\"wp-block-spacer\"><\/div>\n\n<h2 class=\"wp-block-heading has-neve-link-color-color has-text-color\">Paumelle Invisible en Acier Inoxydable<\/h2>\n\n<p class=\"has-link-color wp-elements-f909e9dce23f85a98020f5621f91960a\"><a href=\"https:\/\/ingns.com\/fr\/produits\/paumelles\/autres\/\">ANT\u00c9RIEUR<\/a><\/p>\n\n<div style=\"height:25px\" aria-hidden=\"true\" class=\"wp-block-spacer\"><\/div>\n\n<div class=\"wp-block-columns is-layout-flex wp-container-core-columns-is-layout-28f84493 wp-block-columns-is-layout-flex\">\n<div class=\"wp-block-column is-vertically-aligned-center is-layout-flow wp-block-column-is-layout-flow\">\n<figure class=\"wp-block-image aligncenter size-full is-resized\"><img loading=\"lazy\" decoding=\"async\" width=\"335\" height=\"400\" src=\"http:\/\/ingns.com\/wp-content\/uploads\/2023\/10\/Render-da-Dob.-Invisivel-Inox-2.png\" alt=\"\" class=\"wp-image-2740\" style=\"width:325px;height:390px\" srcset=\"https:\/\/ingns.com\/wp-content\/uploads\/2023\/10\/Render-da-Dob.-Invisivel-Inox-2.png 335w, https:\/\/ingns.com\/wp-content\/uploads\/2023\/10\/Render-da-Dob.-Invisivel-Inox-2-251x300.png 251w, https:\/\/ingns.com\/wp-content\/uploads\/2023\/10\/Render-da-Dob.-Invisivel-Inox-2-126x150.png 126w, https:\/\/ingns.com\/wp-content\/uploads\/2023\/10\/Render-da-Dob.-Invisivel-Inox-2-10x12.png 10w, https:\/\/ingns.com\/wp-content\/uploads\/2023\/10\/Render-da-Dob.-Invisivel-Inox-2-17x20.png 17w\" sizes=\"auto, (max-width: 335px) 100vw, 335px\" \/><\/figure>\n<\/div>\n\n\n\n<div class=\"wp-block-column is-layout-flow wp-block-column-is-layout-flow\">\n<h3 class=\"wp-block-heading\">D\u00e9tails<\/h3>\n\n\n\n<p style=\"text-align: justify;\">Syst\u00e8me d\u2019ouverture basculant en acier inoxydable 304 pour fen\u00eatres \u00e0 gorge europ\u00e9enne.<br>Fonctionnant dans le canal, il reste invisible lorsque la fen\u00eatre est ferm\u00e9e.<\/p>\n\n\n\n<figure class=\"wp-block-image size-full is-resized\"><img decoding=\"async\" src=\"https:\/\/ingns.com\/wp-content\/uploads\/2024\/03\/Icones-69.png\" alt=\"\" class=\"wp-image-10444\" style=\"width:auto;height:35px\"\/><\/figure>\n\n\n\n<div style=\"height:35px\" aria-hidden=\"true\" class=\"wp-block-spacer\"><\/div>\n\n\n\n<h3 class=\"wp-block-heading\">T\u00e9l\u00e9charger<\/h3>\n\n\n\n<p class=\"has-link-color wp-elements-b5089879b5b84c7c5bdca237d728feed\"><a href=\"https:\/\/ingns.com\/wp-content\/uploads\/2024\/03\/FT-Nadir-Inv.-Inox.pdf\" data-type=\"link\" data-id=\"https:\/\/ingns.com\/wp-content\/uploads\/2024\/03\/FT-Nadir-Inv.-Inox.pdf\" target=\"_blank\" rel=\"noreferrer noopener\">FICHE TECHNIQUE<\/a><\/p>\n<\/div>\n<\/div>\n\n<div style=\"height:70px\" aria-hidden=\"true\" class=\"wp-block-spacer\"><\/div>\n","protected":false},"excerpt":{"rendered":"<p>Paumelle Invisible en Acier Inoxydable ANT\u00c9RIEUR D\u00e9tails Syst\u00e8me d\u2019ouverture basculant en acier inoxydable 304 pour fen\u00eatres \u00e0 gorge europ\u00e9enne.Fonctionnant dans [&hellip;]<\/p>\n","protected":false},"author":1,"featured_media":0,"parent":9866,"menu_order":1,"comment_status":"closed","ping_status":"closed","template":"","meta":{"site-sidebar-layout":"default","site-content-layout":"","ast-site-content-layout":"default","site-content-style":"default","site-sidebar-style":"default","ast-global-header-display":"","ast-banner-title-visibility":"","ast-main-header-display":"","ast-hfb-above-header-display":"","ast-hfb-below-header-display":"","ast-hfb-mobile-header-display":"","site-post-title":"","ast-breadcrumbs-content":"","ast-featured-img":"","footer-sml-layout":"","ast-disable-related-posts":"","theme-transparent-header-meta":"","adv-header-id-meta":"","stick-header-meta":"","header-above-stick-meta":"","header-main-stick-meta":"","header-below-stick-meta":"","astra-migrate-meta-layouts":"default","ast-page-background-enabled":"default","ast-page-background-meta":{"desktop":{"background-color":"var(--ast-global-color-5)","background-image":"","background-repeat":"repeat","background-position":"center center","background-size":"auto","background-attachment":"scroll","background-type":"","background-media":"","overlay-type":"","overlay-color":"","overlay-opacity":"","overlay-gradient":""},"tablet":{"background-color":"","background-image":"","background-repeat":"repeat","background-position":"center center","background-size":"auto","background-attachment":"scroll","background-type":"","background-media":"","overlay-type":"","overlay-color":"","overlay-opacity":"","overlay-gradient":""},"mobile":{"background-color":"","background-image":"","background-repeat":"repeat","background-position":"center center","background-size":"auto","background-attachment":"scroll","background-type":"","background-media":"","overlay-type":"","overlay-color":"","overlay-opacity":"","overlay-gradient":""}},"ast-content-background-meta":{"desktop":{"background-color":"var(--ast-global-color-4)","background-image":"","background-repeat":"repeat","background-position":"center center","background-size":"auto","background-attachment":"scroll","background-type":"","background-media":"","overlay-type":"","overlay-color":"","overlay-opacity":"","overlay-gradient":""},"tablet":{"background-color":"var(--ast-global-color-4)","background-image":"","background-repeat":"repeat","background-position":"center center","background-size":"auto","background-attachment":"scroll","background-type":"","background-media":"","overlay-type":"","overlay-color":"","overlay-opacity":"","overlay-gradient":""},"mobile":{"background-color":"var(--ast-global-color-4)","background-image":"","background-repeat":"repeat","background-position":"center center","background-size":"auto","background-attachment":"scroll","background-type":"","background-media":"","overlay-type":"","overlay-color":"","overlay-opacity":"","overlay-gradient":""}},"footnotes":""},"class_list":["post-9868","page","type-page","status-publish","hentry"],"_links":{"self":[{"href":"https:\/\/ingns.com\/fr\/wp-json\/wp\/v2\/pages\/9868","targetHints":{"allow":["GET"]}}],"collection":[{"href":"https:\/\/ingns.com\/fr\/wp-json\/wp\/v2\/pages"}],"about":[{"href":"https:\/\/ingns.com\/fr\/wp-json\/wp\/v2\/types\/page"}],"author":[{"embeddable":true,"href":"https:\/\/ingns.com\/fr\/wp-json\/wp\/v2\/users\/1"}],"replies":[{"embeddable":true,"href":"https:\/\/ingns.com\/fr\/wp-json\/wp\/v2\/comments?post=9868"}],"version-history":[{"count":4,"href":"https:\/\/ingns.com\/fr\/wp-json\/wp\/v2\/pages\/9868\/revisions"}],"predecessor-version":[{"id":14686,"href":"https:\/\/ingns.com\/fr\/wp-json\/wp\/v2\/pages\/9868\/revisions\/14686"}],"up":[{"embeddable":true,"href":"https:\/\/ingns.com\/fr\/wp-json\/wp\/v2\/pages\/9866"}],"wp:attachment":[{"href":"https:\/\/ingns.com\/fr\/wp-json\/wp\/v2\/media?parent=9868"}],"curies":[{"name":"wp","href":"https:\/\/api.w.org\/{rel}","templated":true}]}}