{"id":9846,"date":"2023-09-29T11:18:33","date_gmt":"2023-09-29T11:18:33","guid":{"rendered":"https:\/\/ingns.com\/produits\/paumelles\/paumelles-de-fenetre\/paumelle-de-la-ref-fut-2p-spec\/"},"modified":"2024-09-27T09:25:14","modified_gmt":"2024-09-27T09:25:14","slug":"paumelle-de-la-ref-fut-2p-spec","status":"publish","type":"page","link":"https:\/\/ingns.com\/fr\/produits\/paumelles\/paumelles-de-fenetre\/paumelle-de-la-ref-fut-2p-spec\/","title":{"rendered":"Paumelle de la R\u00e9f. FUT 2P SPEC"},"content":{"rendered":"\n<div style=\"height:50px\" aria-hidden=\"true\" class=\"wp-block-spacer\"><\/div>\n\n<h2 class=\"wp-block-heading has-neve-link-color-color has-text-color\">FUTURA 2P SPEC<\/h2>\n\n<p class=\"has-link-color wp-elements-f358d909e03edfeaef992f358c59a0e5\"><a href=\"https:\/\/ingns.com\/fr\/produits\/paumelles\/paumelles-de-fenetre\/\">ANT\u00c9RIEUR<\/a><\/p>\n\n<div style=\"height:25px\" aria-hidden=\"true\" class=\"wp-block-spacer\"><\/div>\n\n<div class=\"wp-block-columns is-layout-flex wp-container-core-columns-is-layout-28f84493 wp-block-columns-is-layout-flex\">\n<div class=\"wp-block-column is-vertically-aligned-center is-layout-flow wp-block-column-is-layout-flow\">\n<figure class=\"wp-block-image aligncenter size-full is-resized\"><img loading=\"lazy\" decoding=\"async\" width=\"205\" height=\"400\" src=\"http:\/\/ingns.com\/wp-content\/uploads\/2023\/10\/Render-Ref.-2P-SPEC-FUT-2.png\" alt=\"\" class=\"wp-image-2730\" style=\"object-fit:cover;width:193px;height:375px\" srcset=\"https:\/\/ingns.com\/wp-content\/uploads\/2023\/10\/Render-Ref.-2P-SPEC-FUT-2.png 205w, https:\/\/ingns.com\/wp-content\/uploads\/2023\/10\/Render-Ref.-2P-SPEC-FUT-2-154x300.png 154w\" sizes=\"auto, (max-width: 205px) 100vw, 205px\" \/><\/figure>\n<\/div>\n\n\n\n<div class=\"wp-block-column is-layout-flow wp-block-column-is-layout-flow\">\n<h3 class=\"wp-block-heading\">D\u00e9tails<\/h3>\n\n\n\n<p style=\"text-align: justify;\">Paumelle en aluminium pour profils de aluminium de gorge europ\u00e9enne.<br>D\u00e9velopp\u00e9e pour support\u00e9 charges \u00e9lev\u00e9es.<br>Avec le syst\u00e8me EZ-FIT qui permit un installation rapide et facile sur le profil.<br>Axe en acier inoxydable. Les platines incorporent un dent\u00e9 sp\u00e9ciale pour \u00e9viter le glissement. Les platines incorporent un dent\u00e9 sp\u00e9ciale pour \u00e9viter le glissement.<\/p>\n\n\n\n<figure class=\"wp-block-image size-full is-resized\"><img decoding=\"async\" src=\"https:\/\/ingns.com\/wp-content\/uploads\/2024\/03\/Icones-65.png\" alt=\"\" class=\"wp-image-10428\" style=\"width:auto;height:35px\"\/><\/figure>\n\n\n\n<div style=\"height:35px\" aria-hidden=\"true\" class=\"wp-block-spacer\"><\/div>\n\n\n\n<h3 class=\"wp-block-heading\">T\u00e9l\u00e9charger<\/h3>\n\n\n\n<p class=\"has-link-color wp-elements-c73f67a5da5b3aa65e5a9b00b14dc13d\"><a href=\"https:\/\/ingns.com\/wp-content\/uploads\/2024\/03\/FT-FUT-2P-Spec.pdf\" data-type=\"link\" data-id=\"https:\/\/ingns.com\/wp-content\/uploads\/2024\/03\/FT-FUT-2P-Spec.pdf\" target=\"_blank\" rel=\"noreferrer noopener\">FICHE TECHNIQUE<\/a><\/p>\n<\/div>\n<\/div>\n\n<div style=\"height:70px\" aria-hidden=\"true\" class=\"wp-block-spacer\"><\/div>\n","protected":false},"excerpt":{"rendered":"<p>FUTURA 2P SPEC ANT\u00c9RIEUR D\u00e9tails Paumelle en aluminium pour profils de aluminium de gorge europ\u00e9enne.D\u00e9velopp\u00e9e pour support\u00e9 charges \u00e9lev\u00e9es.Avec le [&hellip;]<\/p>\n","protected":false},"author":1,"featured_media":0,"parent":9838,"menu_order":4,"comment_status":"closed","ping_status":"closed","template":"","meta":{"site-sidebar-layout":"default","site-content-layout":"","ast-site-content-layout":"default","site-content-style":"default","site-sidebar-style":"default","ast-global-header-display":"","ast-banner-title-visibility":"","ast-main-header-display":"","ast-hfb-above-header-display":"","ast-hfb-below-header-display":"","ast-hfb-mobile-header-display":"","site-post-title":"","ast-breadcrumbs-content":"","ast-featured-img":"","footer-sml-layout":"","ast-disable-related-posts":"","theme-transparent-header-meta":"","adv-header-id-meta":"","stick-header-meta":"","header-above-stick-meta":"","header-main-stick-meta":"","header-below-stick-meta":"","astra-migrate-meta-layouts":"default","ast-page-background-enabled":"default","ast-page-background-meta":{"desktop":{"background-color":"var(--ast-global-color-5)","background-image":"","background-repeat":"repeat","background-position":"center center","background-size":"auto","background-attachment":"scroll","background-type":"","background-media":"","overlay-type":"","overlay-color":"","overlay-opacity":"","overlay-gradient":""},"tablet":{"background-color":"","background-image":"","background-repeat":"repeat","background-position":"center center","background-size":"auto","background-attachment":"scroll","background-type":"","background-media":"","overlay-type":"","overlay-color":"","overlay-opacity":"","overlay-gradient":""},"mobile":{"background-color":"","background-image":"","background-repeat":"repeat","background-position":"center center","background-size":"auto","background-attachment":"scroll","background-type":"","background-media":"","overlay-type":"","overlay-color":"","overlay-opacity":"","overlay-gradient":""}},"ast-content-background-meta":{"desktop":{"background-color":"var(--ast-global-color-4)","background-image":"","background-repeat":"repeat","background-position":"center center","background-size":"auto","background-attachment":"scroll","background-type":"","background-media":"","overlay-type":"","overlay-color":"","overlay-opacity":"","overlay-gradient":""},"tablet":{"background-color":"var(--ast-global-color-4)","background-image":"","background-repeat":"repeat","background-position":"center center","background-size":"auto","background-attachment":"scroll","background-type":"","background-media":"","overlay-type":"","overlay-color":"","overlay-opacity":"","overlay-gradient":""},"mobile":{"background-color":"var(--ast-global-color-4)","background-image":"","background-repeat":"repeat","background-position":"center center","background-size":"auto","background-attachment":"scroll","background-type":"","background-media":"","overlay-type":"","overlay-color":"","overlay-opacity":"","overlay-gradient":""}},"footnotes":""},"class_list":["post-9846","page","type-page","status-publish","hentry"],"_links":{"self":[{"href":"https:\/\/ingns.com\/fr\/wp-json\/wp\/v2\/pages\/9846","targetHints":{"allow":["GET"]}}],"collection":[{"href":"https:\/\/ingns.com\/fr\/wp-json\/wp\/v2\/pages"}],"about":[{"href":"https:\/\/ingns.com\/fr\/wp-json\/wp\/v2\/types\/page"}],"author":[{"embeddable":true,"href":"https:\/\/ingns.com\/fr\/wp-json\/wp\/v2\/users\/1"}],"replies":[{"embeddable":true,"href":"https:\/\/ingns.com\/fr\/wp-json\/wp\/v2\/comments?post=9846"}],"version-history":[{"count":6,"href":"https:\/\/ingns.com\/fr\/wp-json\/wp\/v2\/pages\/9846\/revisions"}],"predecessor-version":[{"id":14645,"href":"https:\/\/ingns.com\/fr\/wp-json\/wp\/v2\/pages\/9846\/revisions\/14645"}],"up":[{"embeddable":true,"href":"https:\/\/ingns.com\/fr\/wp-json\/wp\/v2\/pages\/9838"}],"wp:attachment":[{"href":"https:\/\/ingns.com\/fr\/wp-json\/wp\/v2\/media?parent=9846"}],"curies":[{"name":"wp","href":"https:\/\/api.w.org\/{rel}","templated":true}]}}