{"id":9828,"date":"2024-01-26T11:20:19","date_gmt":"2024-01-26T11:20:19","guid":{"rendered":"https:\/\/ingns.com\/produits\/paumelles\/paumelles-de-porte\/paumelle-de-la-ref-fut-7100-b\/"},"modified":"2024-09-27T08:47:01","modified_gmt":"2024-09-27T08:47:01","slug":"paumelle-de-la-ref-fut-7100-b","status":"publish","type":"page","link":"https:\/\/ingns.com\/fr\/produits\/paumelles\/paumelles-de-porte\/paumelle-de-la-ref-fut-7100-b\/","title":{"rendered":"Paumelle de la R\u00e9f. FUT 7100 B"},"content":{"rendered":"\n<div style=\"height:50px\" aria-hidden=\"true\" class=\"wp-block-spacer\"><\/div>\n\n<h2 class=\"wp-block-heading has-neve-link-color-color has-text-color has-link-color wp-elements-c15bef541fdc4df9859c311f3e5f2931\">7100 B<\/h2>\n\n<p class=\"has-link-color wp-elements-cc6243fcd5bac2211e20f55329825cfe\"><a href=\"https:\/\/ingns.com\/fr\/produits\/paumelles\/paumelles-de-porte\/\">ANT\u00c9RIEUR<\/a><\/p>\n\n<div style=\"height:25px\" aria-hidden=\"true\" class=\"wp-block-spacer\"><\/div>\n\n<div class=\"wp-block-columns is-layout-flex wp-container-core-columns-is-layout-28f84493 wp-block-columns-is-layout-flex\">\n<div class=\"wp-block-column is-vertically-aligned-center is-layout-flow wp-block-column-is-layout-flow\">\n<figure class=\"wp-block-image aligncenter size-full is-resized\"><img loading=\"lazy\" decoding=\"async\" width=\"359\" height=\"400\" src=\"https:\/\/ingns.com\/wp-content\/uploads\/2024\/03\/Render-Ref.-7100-B-2.png\" alt=\"\" class=\"wp-image-10107\" style=\"width:359px;height:auto\" srcset=\"https:\/\/ingns.com\/wp-content\/uploads\/2024\/03\/Render-Ref.-7100-B-2.png 359w, https:\/\/ingns.com\/wp-content\/uploads\/2024\/03\/Render-Ref.-7100-B-2-269x300.png 269w, https:\/\/ingns.com\/wp-content\/uploads\/2024\/03\/Render-Ref.-7100-B-2-135x150.png 135w\" sizes=\"auto, (max-width: 359px) 100vw, 359px\" \/><\/figure>\n<\/div>\n\n\n\n<div class=\"wp-block-column is-layout-flow wp-block-column-is-layout-flow\">\n<h3 class=\"wp-block-heading\">D\u00e9tails<\/h3>\n\n\n\n<p style=\"text-align: justify;\">Paumelle en aluminium pour s\u00e9ries de gorge europ\u00e9enne.<br>D\u00e9velopp\u00e9e pour support\u00e9 charges \u00e9lev\u00e9es jusq\u2019\u00e0 80kg, par paumelle.<br>R\u00e9glage elliptique \u00e0 travers la douille.<\/p>\n\n\n\n<figure class=\"wp-block-image size-full is-resized\"><img decoding=\"async\" src=\"https:\/\/ingns.com\/wp-content\/uploads\/2024\/03\/Icones-62.png\" alt=\"\" class=\"wp-image-10416\" style=\"width:auto;height:35px\"\/><\/figure>\n\n\n\n<div style=\"height:35px\" aria-hidden=\"true\" class=\"wp-block-spacer\"><\/div>\n\n\n\n<h3 class=\"wp-block-heading\">T\u00e9l\u00e9charger<\/h3>\n\n\n\n<p class=\"has-link-color wp-elements-7dbf2fb6a179609ef0569a3b38f2ff99\"><a href=\"https:\/\/ingns.com\/wp-content\/uploads\/2024\/03\/FT-FUT-7100-B.pdf\">FICHE TECHNIQUE<\/a><\/p>\n<\/div>\n<\/div>\n\n<div style=\"height:70px\" aria-hidden=\"true\" class=\"wp-block-spacer\"><\/div>\n","protected":false},"excerpt":{"rendered":"<p>7100 B ANT\u00c9RIEUR D\u00e9tails Paumelle en aluminium pour s\u00e9ries de gorge europ\u00e9enne.D\u00e9velopp\u00e9e pour support\u00e9 charges \u00e9lev\u00e9es jusq\u2019\u00e0 80kg, par paumelle.R\u00e9glage [&hellip;]<\/p>\n","protected":false},"author":1,"featured_media":0,"parent":9824,"menu_order":2,"comment_status":"closed","ping_status":"closed","template":"","meta":{"site-sidebar-layout":"default","site-content-layout":"","ast-site-content-layout":"default","site-content-style":"default","site-sidebar-style":"default","ast-global-header-display":"","ast-banner-title-visibility":"","ast-main-header-display":"","ast-hfb-above-header-display":"","ast-hfb-below-header-display":"","ast-hfb-mobile-header-display":"","site-post-title":"","ast-breadcrumbs-content":"","ast-featured-img":"","footer-sml-layout":"","ast-disable-related-posts":"","theme-transparent-header-meta":"","adv-header-id-meta":"","stick-header-meta":"","header-above-stick-meta":"","header-main-stick-meta":"","header-below-stick-meta":"","astra-migrate-meta-layouts":"default","ast-page-background-enabled":"default","ast-page-background-meta":{"desktop":{"background-color":"var(--ast-global-color-5)","background-image":"","background-repeat":"repeat","background-position":"center center","background-size":"auto","background-attachment":"scroll","background-type":"","background-media":"","overlay-type":"","overlay-color":"","overlay-opacity":"","overlay-gradient":""},"tablet":{"background-color":"","background-image":"","background-repeat":"repeat","background-position":"center center","background-size":"auto","background-attachment":"scroll","background-type":"","background-media":"","overlay-type":"","overlay-color":"","overlay-opacity":"","overlay-gradient":""},"mobile":{"background-color":"","background-image":"","background-repeat":"repeat","background-position":"center center","background-size":"auto","background-attachment":"scroll","background-type":"","background-media":"","overlay-type":"","overlay-color":"","overlay-opacity":"","overlay-gradient":""}},"ast-content-background-meta":{"desktop":{"background-color":"var(--ast-global-color-4)","background-image":"","background-repeat":"repeat","background-position":"center center","background-size":"auto","background-attachment":"scroll","background-type":"","background-media":"","overlay-type":"","overlay-color":"","overlay-opacity":"","overlay-gradient":""},"tablet":{"background-color":"var(--ast-global-color-4)","background-image":"","background-repeat":"repeat","background-position":"center center","background-size":"auto","background-attachment":"scroll","background-type":"","background-media":"","overlay-type":"","overlay-color":"","overlay-opacity":"","overlay-gradient":""},"mobile":{"background-color":"var(--ast-global-color-4)","background-image":"","background-repeat":"repeat","background-position":"center center","background-size":"auto","background-attachment":"scroll","background-type":"","background-media":"","overlay-type":"","overlay-color":"","overlay-opacity":"","overlay-gradient":""}},"footnotes":""},"class_list":["post-9828","page","type-page","status-publish","hentry"],"_links":{"self":[{"href":"https:\/\/ingns.com\/fr\/wp-json\/wp\/v2\/pages\/9828","targetHints":{"allow":["GET"]}}],"collection":[{"href":"https:\/\/ingns.com\/fr\/wp-json\/wp\/v2\/pages"}],"about":[{"href":"https:\/\/ingns.com\/fr\/wp-json\/wp\/v2\/types\/page"}],"author":[{"embeddable":true,"href":"https:\/\/ingns.com\/fr\/wp-json\/wp\/v2\/users\/1"}],"replies":[{"embeddable":true,"href":"https:\/\/ingns.com\/fr\/wp-json\/wp\/v2\/comments?post=9828"}],"version-history":[{"count":6,"href":"https:\/\/ingns.com\/fr\/wp-json\/wp\/v2\/pages\/9828\/revisions"}],"predecessor-version":[{"id":14618,"href":"https:\/\/ingns.com\/fr\/wp-json\/wp\/v2\/pages\/9828\/revisions\/14618"}],"up":[{"embeddable":true,"href":"https:\/\/ingns.com\/fr\/wp-json\/wp\/v2\/pages\/9824"}],"wp:attachment":[{"href":"https:\/\/ingns.com\/fr\/wp-json\/wp\/v2\/media?parent=9828"}],"curies":[{"name":"wp","href":"https:\/\/api.w.org\/{rel}","templated":true}]}}