{"id":9818,"date":"2023-09-29T10:55:41","date_gmt":"2023-09-29T10:55:41","guid":{"rendered":"https:\/\/ingns.com\/produits\/accessoires\/autres\/systeme-de-fenetres-exterieurs\/"},"modified":"2024-09-26T14:33:40","modified_gmt":"2024-09-26T14:33:40","slug":"systeme-de-fenetres-exterieurs","status":"publish","type":"page","link":"https:\/\/ingns.com\/fr\/produits\/accessoires\/autres\/systeme-de-fenetres-exterieurs\/","title":{"rendered":"Syst\u00e8me de Fen\u00eatres Ext\u00e9rieurs"},"content":{"rendered":"\n<div style=\"height:50px\" aria-hidden=\"true\" class=\"wp-block-spacer\"><\/div>\n\n<h2 class=\"wp-block-heading has-neve-link-color-color has-text-color\">SYST\u00c8ME DE FEN\u00caTRES EXT\u00c9RIEURS<\/h2>\n\n<p class=\"has-link-color wp-elements-a56ea011ba56b401546c83d6703f7201\"><a href=\"https:\/\/ingns.com\/fr\/produits\/accessoires\/autres\/\">ANT\u00c9RIEUR<\/a><\/p>\n\n<div style=\"height:25px\" aria-hidden=\"true\" class=\"wp-block-spacer\"><\/div>\n\n<div class=\"wp-block-columns is-layout-flex wp-container-core-columns-is-layout-28f84493 wp-block-columns-is-layout-flex\">\n<div class=\"wp-block-column is-vertically-aligned-center is-layout-flow wp-block-column-is-layout-flow\">\n<figure class=\"wp-block-image aligncenter size-full is-resized\"><img loading=\"lazy\" decoding=\"async\" width=\"521\" height=\"400\" src=\"http:\/\/ingns.com\/wp-content\/uploads\/2023\/10\/Render-do-Seg.-Portadas-Inox-2.png\" alt=\"\" class=\"wp-image-2722\" style=\"width:443px;height:340px\" srcset=\"https:\/\/ingns.com\/wp-content\/uploads\/2023\/10\/Render-do-Seg.-Portadas-Inox-2.png 521w, https:\/\/ingns.com\/wp-content\/uploads\/2023\/10\/Render-do-Seg.-Portadas-Inox-2-300x230.png 300w, https:\/\/ingns.com\/wp-content\/uploads\/2023\/10\/Render-do-Seg.-Portadas-Inox-2-150x115.png 150w, https:\/\/ingns.com\/wp-content\/uploads\/2023\/10\/Render-do-Seg.-Portadas-Inox-2-16x12.png 16w, https:\/\/ingns.com\/wp-content\/uploads\/2023\/10\/Render-do-Seg.-Portadas-Inox-2-20x15.png 20w\" sizes=\"auto, (max-width: 521px) 100vw, 521px\" \/><\/figure>\n<\/div>\n\n\n\n<div class=\"wp-block-column is-layout-flow wp-block-column-is-layout-flow\">\n<h3 class=\"wp-block-heading\">D\u00e9tails<\/h3>\n\n\n\n<p style=\"text-align: justify;\">Syst\u00e8me de fixation de fen\u00eatres ext\u00e9rieurs en acier inoxydable.<\/p>\n\n\n\n<figure class=\"wp-block-image size-full is-resized\"><img decoding=\"async\" src=\"https:\/\/ingns.com\/wp-content\/uploads\/2024\/03\/Icones-74.png\" alt=\"\" class=\"wp-image-10464\" style=\"width:auto;height:35px\"\/><\/figure>\n\n\n\n<div style=\"height:35px\" aria-hidden=\"true\" class=\"wp-block-spacer\"><\/div>\n\n\n\n<h3 class=\"wp-block-heading\">T\u00e9l\u00e9charger<\/h3>\n\n\n\n<p class=\"has-link-color wp-elements-85abcd58b54a55273c40e1380d13b045\"><a href=\"https:\/\/ingns.com\/wp-content\/uploads\/2024\/03\/FT-Segura-Portadas-Inox-551-552.pdf\" data-type=\"link\" data-id=\"https:\/\/ingns.com\/wp-content\/uploads\/2024\/03\/FT-Segura-Portadas-Inox-551-552.pdf\" target=\"_blank\" rel=\"noreferrer noopener\">FICHE TECHNIQUE<\/a><\/p>\n<\/div>\n<\/div>\n\n<div style=\"height:70px\" aria-hidden=\"true\" class=\"wp-block-spacer\"><\/div>\n","protected":false},"excerpt":{"rendered":"<p>SYST\u00c8ME DE FEN\u00caTRES EXT\u00c9RIEURS ANT\u00c9RIEUR D\u00e9tails Syst\u00e8me de fixation de fen\u00eatres ext\u00e9rieurs en acier inoxydable. T\u00e9l\u00e9charger FICHE TECHNIQUE<\/p>\n","protected":false},"author":1,"featured_media":0,"parent":9782,"menu_order":18,"comment_status":"closed","ping_status":"closed","template":"","meta":{"site-sidebar-layout":"default","site-content-layout":"","ast-site-content-layout":"default","site-content-style":"default","site-sidebar-style":"default","ast-global-header-display":"","ast-banner-title-visibility":"","ast-main-header-display":"","ast-hfb-above-header-display":"","ast-hfb-below-header-display":"","ast-hfb-mobile-header-display":"","site-post-title":"","ast-breadcrumbs-content":"","ast-featured-img":"","footer-sml-layout":"","ast-disable-related-posts":"","theme-transparent-header-meta":"","adv-header-id-meta":"","stick-header-meta":"","header-above-stick-meta":"","header-main-stick-meta":"","header-below-stick-meta":"","astra-migrate-meta-layouts":"default","ast-page-background-enabled":"default","ast-page-background-meta":{"desktop":{"background-color":"var(--ast-global-color-5)","background-image":"","background-repeat":"repeat","background-position":"center center","background-size":"auto","background-attachment":"scroll","background-type":"","background-media":"","overlay-type":"","overlay-color":"","overlay-opacity":"","overlay-gradient":""},"tablet":{"background-color":"","background-image":"","background-repeat":"repeat","background-position":"center center","background-size":"auto","background-attachment":"scroll","background-type":"","background-media":"","overlay-type":"","overlay-color":"","overlay-opacity":"","overlay-gradient":""},"mobile":{"background-color":"","background-image":"","background-repeat":"repeat","background-position":"center center","background-size":"auto","background-attachment":"scroll","background-type":"","background-media":"","overlay-type":"","overlay-color":"","overlay-opacity":"","overlay-gradient":""}},"ast-content-background-meta":{"desktop":{"background-color":"var(--ast-global-color-4)","background-image":"","background-repeat":"repeat","background-position":"center center","background-size":"auto","background-attachment":"scroll","background-type":"","background-media":"","overlay-type":"","overlay-color":"","overlay-opacity":"","overlay-gradient":""},"tablet":{"background-color":"var(--ast-global-color-4)","background-image":"","background-repeat":"repeat","background-position":"center center","background-size":"auto","background-attachment":"scroll","background-type":"","background-media":"","overlay-type":"","overlay-color":"","overlay-opacity":"","overlay-gradient":""},"mobile":{"background-color":"var(--ast-global-color-4)","background-image":"","background-repeat":"repeat","background-position":"center center","background-size":"auto","background-attachment":"scroll","background-type":"","background-media":"","overlay-type":"","overlay-color":"","overlay-opacity":"","overlay-gradient":""}},"footnotes":""},"class_list":["post-9818","page","type-page","status-publish","hentry"],"_links":{"self":[{"href":"https:\/\/ingns.com\/fr\/wp-json\/wp\/v2\/pages\/9818","targetHints":{"allow":["GET"]}}],"collection":[{"href":"https:\/\/ingns.com\/fr\/wp-json\/wp\/v2\/pages"}],"about":[{"href":"https:\/\/ingns.com\/fr\/wp-json\/wp\/v2\/types\/page"}],"author":[{"embeddable":true,"href":"https:\/\/ingns.com\/fr\/wp-json\/wp\/v2\/users\/1"}],"replies":[{"embeddable":true,"href":"https:\/\/ingns.com\/fr\/wp-json\/wp\/v2\/comments?post=9818"}],"version-history":[{"count":4,"href":"https:\/\/ingns.com\/fr\/wp-json\/wp\/v2\/pages\/9818\/revisions"}],"predecessor-version":[{"id":14606,"href":"https:\/\/ingns.com\/fr\/wp-json\/wp\/v2\/pages\/9818\/revisions\/14606"}],"up":[{"embeddable":true,"href":"https:\/\/ingns.com\/fr\/wp-json\/wp\/v2\/pages\/9782"}],"wp:attachment":[{"href":"https:\/\/ingns.com\/fr\/wp-json\/wp\/v2\/media?parent=9818"}],"curies":[{"name":"wp","href":"https:\/\/api.w.org\/{rel}","templated":true}]}}