{"id":9788,"date":"2023-09-29T09:15:49","date_gmt":"2023-09-29T09:15:49","guid":{"rendered":"https:\/\/ingns.com\/produits\/accessoires\/autres\/gache-de-la-ref-2202-double-basse\/"},"modified":"2025-05-15T16:43:32","modified_gmt":"2025-05-15T16:43:32","slug":"gache-de-la-ref-2202-double-basse","status":"publish","type":"page","link":"https:\/\/ingns.com\/fr\/produits\/accessoires\/autres\/gache-de-la-ref-2202-double-basse\/","title":{"rendered":"G\u00e2che de la R\u00e9f. 2202 Double Basse"},"content":{"rendered":"\n<div style=\"height:50px\" aria-hidden=\"true\" class=\"wp-block-spacer\"><\/div>\n\n<h2 class=\"wp-block-heading has-neve-link-color-color has-text-color\">2202 DOUBLE BASSE<\/h2>\n\n<p class=\"has-link-color wp-elements-a56ea011ba56b401546c83d6703f7201\"><a href=\"https:\/\/ingns.com\/fr\/produits\/accessoires\/autres\/\">ANT\u00c9RIEUR<\/a><\/p>\n\n<div style=\"height:25px\" aria-hidden=\"true\" class=\"wp-block-spacer\"><\/div>\n\n<div class=\"wp-block-columns is-layout-flex wp-container-core-columns-is-layout-28f84493 wp-block-columns-is-layout-flex\">\n<div class=\"wp-block-column is-vertically-aligned-center is-layout-flow wp-block-column-is-layout-flow\">\n<figure class=\"wp-block-image aligncenter size-full is-resized\"><img loading=\"lazy\" decoding=\"async\" width=\"564\" height=\"161\" src=\"http:\/\/ingns.com\/wp-content\/uploads\/2023\/10\/Render-Ref.-2202-2.png\" alt=\"\" class=\"wp-image-2705\" style=\"width:316px;height:90px\" srcset=\"https:\/\/ingns.com\/wp-content\/uploads\/2023\/10\/Render-Ref.-2202-2.png 564w, https:\/\/ingns.com\/wp-content\/uploads\/2023\/10\/Render-Ref.-2202-2-300x86.png 300w\" sizes=\"auto, (max-width: 564px) 100vw, 564px\" \/><\/figure>\n<\/div>\n\n\n\n<div class=\"wp-block-column is-layout-flow wp-block-column-is-layout-flow\">\n<h3 class=\"wp-block-heading\">D\u00e9tails<\/h3>\n\n\n\n<p style=\"text-align: justify;\">G\u00e2che en nylon noir avec \u00e9crous de r\u00e9glage en acier inoxydable et vis en acier inoxydable.<\/p>\n\n\n\n<figure class=\"wp-block-image size-large is-resized\"><img decoding=\"async\" src=\"http:\/\/ingns.com\/wp-content\/uploads\/2023\/11\/Icones-51.png\" alt=\"\" style=\"width:auto;height:35px\"\/><\/figure>\n<\/div>\n<\/div>\n\n<div style=\"height:70px\" aria-hidden=\"true\" class=\"wp-block-spacer\"><\/div>\n","protected":false},"excerpt":{"rendered":"<p>2202 DOUBLE BASSE ANT\u00c9RIEUR D\u00e9tails G\u00e2che en nylon noir avec \u00e9crous de r\u00e9glage en acier inoxydable et vis en acier [&hellip;]<\/p>\n","protected":false},"author":1,"featured_media":0,"parent":9782,"menu_order":3,"comment_status":"closed","ping_status":"closed","template":"","meta":{"site-sidebar-layout":"default","site-content-layout":"","ast-site-content-layout":"default","site-content-style":"default","site-sidebar-style":"default","ast-global-header-display":"","ast-banner-title-visibility":"","ast-main-header-display":"","ast-hfb-above-header-display":"","ast-hfb-below-header-display":"","ast-hfb-mobile-header-display":"","site-post-title":"","ast-breadcrumbs-content":"","ast-featured-img":"","footer-sml-layout":"","ast-disable-related-posts":"","theme-transparent-header-meta":"","adv-header-id-meta":"","stick-header-meta":"","header-above-stick-meta":"","header-main-stick-meta":"","header-below-stick-meta":"","astra-migrate-meta-layouts":"default","ast-page-background-enabled":"default","ast-page-background-meta":{"desktop":{"background-color":"var(--ast-global-color-5)","background-image":"","background-repeat":"repeat","background-position":"center center","background-size":"auto","background-attachment":"scroll","background-type":"","background-media":"","overlay-type":"","overlay-color":"","overlay-opacity":"","overlay-gradient":""},"tablet":{"background-color":"","background-image":"","background-repeat":"repeat","background-position":"center center","background-size":"auto","background-attachment":"scroll","background-type":"","background-media":"","overlay-type":"","overlay-color":"","overlay-opacity":"","overlay-gradient":""},"mobile":{"background-color":"","background-image":"","background-repeat":"repeat","background-position":"center center","background-size":"auto","background-attachment":"scroll","background-type":"","background-media":"","overlay-type":"","overlay-color":"","overlay-opacity":"","overlay-gradient":""}},"ast-content-background-meta":{"desktop":{"background-color":"var(--ast-global-color-4)","background-image":"","background-repeat":"repeat","background-position":"center center","background-size":"auto","background-attachment":"scroll","background-type":"","background-media":"","overlay-type":"","overlay-color":"","overlay-opacity":"","overlay-gradient":""},"tablet":{"background-color":"var(--ast-global-color-4)","background-image":"","background-repeat":"repeat","background-position":"center center","background-size":"auto","background-attachment":"scroll","background-type":"","background-media":"","overlay-type":"","overlay-color":"","overlay-opacity":"","overlay-gradient":""},"mobile":{"background-color":"var(--ast-global-color-4)","background-image":"","background-repeat":"repeat","background-position":"center center","background-size":"auto","background-attachment":"scroll","background-type":"","background-media":"","overlay-type":"","overlay-color":"","overlay-opacity":"","overlay-gradient":""}},"footnotes":""},"class_list":["post-9788","page","type-page","status-publish","hentry"],"_links":{"self":[{"href":"https:\/\/ingns.com\/fr\/wp-json\/wp\/v2\/pages\/9788","targetHints":{"allow":["GET"]}}],"collection":[{"href":"https:\/\/ingns.com\/fr\/wp-json\/wp\/v2\/pages"}],"about":[{"href":"https:\/\/ingns.com\/fr\/wp-json\/wp\/v2\/types\/page"}],"author":[{"embeddable":true,"href":"https:\/\/ingns.com\/fr\/wp-json\/wp\/v2\/users\/1"}],"replies":[{"embeddable":true,"href":"https:\/\/ingns.com\/fr\/wp-json\/wp\/v2\/comments?post=9788"}],"version-history":[{"count":3,"href":"https:\/\/ingns.com\/fr\/wp-json\/wp\/v2\/pages\/9788\/revisions"}],"predecessor-version":[{"id":14535,"href":"https:\/\/ingns.com\/fr\/wp-json\/wp\/v2\/pages\/9788\/revisions\/14535"}],"up":[{"embeddable":true,"href":"https:\/\/ingns.com\/fr\/wp-json\/wp\/v2\/pages\/9782"}],"wp:attachment":[{"href":"https:\/\/ingns.com\/fr\/wp-json\/wp\/v2\/media?parent=9788"}],"curies":[{"name":"wp","href":"https:\/\/api.w.org\/{rel}","templated":true}]}}