{"id":9784,"date":"2024-01-26T15:53:11","date_gmt":"2024-01-26T15:53:11","guid":{"rendered":"https:\/\/ingns.com\/produits\/accessoires\/autres\/poignee-en-aluminium-de-la-ref-551-552\/"},"modified":"2025-05-15T16:43:08","modified_gmt":"2025-05-15T16:43:08","slug":"poignee-en-aluminium-de-la-ref-551-552","status":"publish","type":"page","link":"https:\/\/ingns.com\/fr\/produits\/accessoires\/autres\/poignee-en-aluminium-de-la-ref-551-552\/","title":{"rendered":"Poign\u00e9e en Aluminium de la R\u00e9f. 551\/552"},"content":{"rendered":"\n<div style=\"height:50px\" aria-hidden=\"true\" class=\"wp-block-spacer\"><\/div>\n\n<h2 class=\"wp-block-heading has-neve-link-color-color has-text-color has-link-color wp-elements-31d2d527f976d05dd8756595eb91fc00\">551 \/ 552<\/h2>\n\n<p class=\"has-link-color wp-elements-a56ea011ba56b401546c83d6703f7201\"><a href=\"https:\/\/ingns.com\/fr\/produits\/accessoires\/autres\/\">ANT\u00c9RIEUR<\/a><\/p>\n\n<div style=\"height:25px\" aria-hidden=\"true\" class=\"wp-block-spacer\"><\/div>\n\n<div class=\"wp-block-columns is-layout-flex wp-container-core-columns-is-layout-28f84493 wp-block-columns-is-layout-flex\">\n<div class=\"wp-block-column is-vertically-aligned-center is-layout-flow wp-block-column-is-layout-flow\">\n<figure class=\"wp-block-image aligncenter size-full\"><img loading=\"lazy\" decoding=\"async\" width=\"532\" height=\"400\" src=\"https:\/\/ingns.com\/wp-content\/uploads\/2024\/03\/Render-Ref.-551-552-2.png\" alt=\"\" class=\"wp-image-10103\" srcset=\"https:\/\/ingns.com\/wp-content\/uploads\/2024\/03\/Render-Ref.-551-552-2.png 532w, https:\/\/ingns.com\/wp-content\/uploads\/2024\/03\/Render-Ref.-551-552-2-300x226.png 300w, https:\/\/ingns.com\/wp-content\/uploads\/2024\/03\/Render-Ref.-551-552-2-150x113.png 150w\" sizes=\"auto, (max-width: 532px) 100vw, 532px\" \/><\/figure>\n<\/div>\n\n\n\n<div class=\"wp-block-column is-layout-flow wp-block-column-is-layout-flow\">\n<h3 class=\"wp-block-heading\">D\u00e9tails<\/h3>\n\n\n\n<p style=\"text-align: justify;\">Solution de poign\u00e9e double avec un esth\u00e9tique renouvel\u00e9e, robuste, facile \u00e0 monter et anodisable.<br>Poign\u00e9e double en aluminium et nylon pour les portes.<\/p>\n\n\n\n<figure class=\"wp-block-image size-full is-resized\"><img decoding=\"async\" src=\"https:\/\/ingns.com\/wp-content\/uploads\/2024\/03\/Icones-75.png\" alt=\"\" class=\"wp-image-10468\" style=\"width:auto;height:35px\"\/><\/figure>\n\n\n\n<div style=\"height:35px\" aria-hidden=\"true\" class=\"wp-block-spacer\"><\/div>\n\n\n\n<h3 class=\"wp-block-heading\">T\u00e9l\u00e9charger<\/h3>\n\n\n\n<p class=\"has-link-color wp-elements-afd01b7f1a65f8aeaa7b334cb82881c3\"><a href=\"https:\/\/ingns.com\/wp-content\/uploads\/2024\/03\/FT-Segura-Portadas-Inox-551-552.pdf\">FICHE TECHNIQUE<\/a><\/p>\n<\/div>\n<\/div>\n\n<div style=\"height:70px\" aria-hidden=\"true\" class=\"wp-block-spacer\"><\/div>\n","protected":false},"excerpt":{"rendered":"<p>551 \/ 552 ANT\u00c9RIEUR D\u00e9tails Solution de poign\u00e9e double avec un esth\u00e9tique renouvel\u00e9e, robuste, facile \u00e0 monter et anodisable.Poign\u00e9e double [&hellip;]<\/p>\n","protected":false},"author":1,"featured_media":0,"parent":9782,"menu_order":1,"comment_status":"closed","ping_status":"closed","template":"","meta":{"site-sidebar-layout":"default","site-content-layout":"","ast-site-content-layout":"default","site-content-style":"default","site-sidebar-style":"default","ast-global-header-display":"","ast-banner-title-visibility":"","ast-main-header-display":"","ast-hfb-above-header-display":"","ast-hfb-below-header-display":"","ast-hfb-mobile-header-display":"","site-post-title":"","ast-breadcrumbs-content":"","ast-featured-img":"","footer-sml-layout":"","ast-disable-related-posts":"","theme-transparent-header-meta":"","adv-header-id-meta":"","stick-header-meta":"","header-above-stick-meta":"","header-main-stick-meta":"","header-below-stick-meta":"","astra-migrate-meta-layouts":"default","ast-page-background-enabled":"default","ast-page-background-meta":{"desktop":{"background-color":"var(--ast-global-color-5)","background-image":"","background-repeat":"repeat","background-position":"center center","background-size":"auto","background-attachment":"scroll","background-type":"","background-media":"","overlay-type":"","overlay-color":"","overlay-opacity":"","overlay-gradient":""},"tablet":{"background-color":"","background-image":"","background-repeat":"repeat","background-position":"center center","background-size":"auto","background-attachment":"scroll","background-type":"","background-media":"","overlay-type":"","overlay-color":"","overlay-opacity":"","overlay-gradient":""},"mobile":{"background-color":"","background-image":"","background-repeat":"repeat","background-position":"center center","background-size":"auto","background-attachment":"scroll","background-type":"","background-media":"","overlay-type":"","overlay-color":"","overlay-opacity":"","overlay-gradient":""}},"ast-content-background-meta":{"desktop":{"background-color":"var(--ast-global-color-4)","background-image":"","background-repeat":"repeat","background-position":"center center","background-size":"auto","background-attachment":"scroll","background-type":"","background-media":"","overlay-type":"","overlay-color":"","overlay-opacity":"","overlay-gradient":""},"tablet":{"background-color":"var(--ast-global-color-4)","background-image":"","background-repeat":"repeat","background-position":"center center","background-size":"auto","background-attachment":"scroll","background-type":"","background-media":"","overlay-type":"","overlay-color":"","overlay-opacity":"","overlay-gradient":""},"mobile":{"background-color":"var(--ast-global-color-4)","background-image":"","background-repeat":"repeat","background-position":"center center","background-size":"auto","background-attachment":"scroll","background-type":"","background-media":"","overlay-type":"","overlay-color":"","overlay-opacity":"","overlay-gradient":""}},"footnotes":""},"class_list":["post-9784","page","type-page","status-publish","hentry"],"_links":{"self":[{"href":"https:\/\/ingns.com\/fr\/wp-json\/wp\/v2\/pages\/9784","targetHints":{"allow":["GET"]}}],"collection":[{"href":"https:\/\/ingns.com\/fr\/wp-json\/wp\/v2\/pages"}],"about":[{"href":"https:\/\/ingns.com\/fr\/wp-json\/wp\/v2\/types\/page"}],"author":[{"embeddable":true,"href":"https:\/\/ingns.com\/fr\/wp-json\/wp\/v2\/users\/1"}],"replies":[{"embeddable":true,"href":"https:\/\/ingns.com\/fr\/wp-json\/wp\/v2\/comments?post=9784"}],"version-history":[{"count":5,"href":"https:\/\/ingns.com\/fr\/wp-json\/wp\/v2\/pages\/9784\/revisions"}],"predecessor-version":[{"id":14526,"href":"https:\/\/ingns.com\/fr\/wp-json\/wp\/v2\/pages\/9784\/revisions\/14526"}],"up":[{"embeddable":true,"href":"https:\/\/ingns.com\/fr\/wp-json\/wp\/v2\/pages\/9782"}],"wp:attachment":[{"href":"https:\/\/ingns.com\/fr\/wp-json\/wp\/v2\/media?parent=9784"}],"curies":[{"name":"wp","href":"https:\/\/api.w.org\/{rel}","templated":true}]}}