{"id":9782,"date":"2023-09-13T10:18:13","date_gmt":"2023-09-13T10:18:13","guid":{"rendered":"https:\/\/ingns.com\/produits\/accessoires\/autres\/"},"modified":"2024-09-30T14:38:41","modified_gmt":"2024-09-30T14:38:41","slug":"autres","status":"publish","type":"page","link":"https:\/\/ingns.com\/fr\/produits\/accessoires\/autres\/","title":{"rendered":"Autres"},"content":{"rendered":"\n<div style=\"height:50px\" aria-hidden=\"true\" class=\"wp-block-spacer\"><\/div>\n\n<h2 class=\"wp-block-heading has-neve-link-color-color has-text-color\">AUTRES<\/h2>\n\n<p class=\"has-link-color wp-elements-98531fcf04e61bdc1a1cca978dd66e06\"><a href=\"https:\/\/ingns.com\/fr\/produits\/accessoires\/\">ANT\u00c9RIEUR<\/a><\/p>\n\n<div style=\"height:25px\" aria-hidden=\"true\" class=\"wp-block-spacer\"><\/div>\n\n<div class=\"wp-block-columns is-layout-flex wp-container-core-columns-is-layout-28f84493 wp-block-columns-is-layout-flex\">\n<div class=\"wp-block-column is-vertically-aligned-bottom is-layout-flow wp-block-column-is-layout-flow\">\n<figure class=\"wp-block-image aligncenter size-full\"><a href=\"https:\/\/ingns.com\/fr\/produits\/accessoires\/autres\/poignee-en-aluminium-de-la-ref-551-552\/\"><img loading=\"lazy\" decoding=\"async\" width=\"286\" height=\"215\" src=\"https:\/\/ingns.com\/wp-content\/uploads\/2024\/03\/Render-Ref.-551-552-1.png\" alt=\"\" class=\"wp-image-10095\" srcset=\"https:\/\/ingns.com\/wp-content\/uploads\/2024\/03\/Render-Ref.-551-552-1.png 286w, https:\/\/ingns.com\/wp-content\/uploads\/2024\/03\/Render-Ref.-551-552-1-150x113.png 150w\" sizes=\"auto, (max-width: 286px) 100vw, 286px\" \/><\/a><\/figure>\n\n\n\n<div style=\"height:15px\" aria-hidden=\"true\" class=\"wp-block-spacer\"><\/div>\n\n\n\n<p class=\"has-text-align-center\">551\/552<\/p>\n<\/div>\n\n\n\n<div class=\"wp-block-column is-vertically-aligned-bottom is-layout-flow wp-block-column-is-layout-flow\">\n<figure class=\"wp-block-image aligncenter size-full\"><a href=\"https:\/\/ingns.com\/fr\/produits\/accessoires\/autres\/gache-de-la-ref-2201-double\/\"><img loading=\"lazy\" decoding=\"async\" width=\"135\" height=\"40\" src=\"https:\/\/ingns.com\/wp-content\/uploads\/2023\/09\/Render-Ref.-2201-1.png\" alt=\"\" class=\"wp-image-2438\" srcset=\"https:\/\/ingns.com\/wp-content\/uploads\/2023\/09\/Render-Ref.-2201-1.png 135w, https:\/\/ingns.com\/wp-content\/uploads\/2023\/09\/Render-Ref.-2201-1-18x5.png 18w, https:\/\/ingns.com\/wp-content\/uploads\/2023\/09\/Render-Ref.-2201-1-20x6.png 20w\" sizes=\"auto, (max-width: 135px) 100vw, 135px\" \/><\/a><\/figure>\n\n\n\n<div style=\"height:15px\" aria-hidden=\"true\" class=\"wp-block-spacer\"><\/div>\n\n\n\n<p class=\"has-text-align-center\">2201 Double<\/p>\n<\/div>\n\n\n\n<div class=\"wp-block-column is-vertically-aligned-bottom is-layout-flow wp-block-column-is-layout-flow\">\n<figure class=\"wp-block-image aligncenter size-full\"><a href=\"https:\/\/ingns.com\/fr\/produits\/accessoires\/autres\/gache-de-la-ref-2202-double-basse\/\"><img loading=\"lazy\" decoding=\"async\" width=\"139\" height=\"40\" src=\"https:\/\/ingns.com\/wp-content\/uploads\/2023\/09\/Render-Ref.-2202-1.png\" alt=\"\" class=\"wp-image-2439\" srcset=\"https:\/\/ingns.com\/wp-content\/uploads\/2023\/09\/Render-Ref.-2202-1.png 139w, https:\/\/ingns.com\/wp-content\/uploads\/2023\/09\/Render-Ref.-2202-1-18x5.png 18w, https:\/\/ingns.com\/wp-content\/uploads\/2023\/09\/Render-Ref.-2202-1-20x6.png 20w\" sizes=\"auto, (max-width: 139px) 100vw, 139px\" \/><\/a><\/figure>\n\n\n\n<div style=\"height:15px\" aria-hidden=\"true\" class=\"wp-block-spacer\"><\/div>\n\n\n\n<p class=\"has-text-align-center\">2202 Double Basse<\/p>\n<\/div>\n\n\n\n<div class=\"wp-block-column is-vertically-aligned-bottom is-layout-flow wp-block-column-is-layout-flow\">\n<figure class=\"wp-block-image aligncenter size-full\"><a href=\"https:\/\/ingns.com\/fr\/produits\/accessoires\/autres\/gache-de-la-ref-2203-double-haut\/\"><img loading=\"lazy\" decoding=\"async\" width=\"73\" height=\"40\" src=\"https:\/\/ingns.com\/wp-content\/uploads\/2023\/09\/Render-Ref.-2203-1.png\" alt=\"\" class=\"wp-image-2440\" srcset=\"https:\/\/ingns.com\/wp-content\/uploads\/2023\/09\/Render-Ref.-2203-1.png 73w, https:\/\/ingns.com\/wp-content\/uploads\/2023\/09\/Render-Ref.-2203-1-18x10.png 18w, https:\/\/ingns.com\/wp-content\/uploads\/2023\/09\/Render-Ref.-2203-1-20x11.png 20w\" sizes=\"auto, (max-width: 73px) 100vw, 73px\" \/><\/a><\/figure>\n\n\n\n<div style=\"height:15px\" aria-hidden=\"true\" class=\"wp-block-spacer\"><\/div>\n\n\n\n<p class=\"has-text-align-center\">2203 Double Haut<\/p>\n<\/div>\n\n\n\n<div class=\"wp-block-column is-vertically-aligned-bottom is-layout-flow wp-block-column-is-layout-flow\">\n<figure class=\"wp-block-image aligncenter size-full\"><a href=\"https:\/\/ingns.com\/fr\/produits\/accessoires\/autres\/gache-de-la-ref-2204-simple\/\"><img loading=\"lazy\" decoding=\"async\" width=\"63\" height=\"40\" src=\"https:\/\/ingns.com\/wp-content\/uploads\/2023\/09\/Render-Ref.-2204-1.png\" alt=\"\" class=\"wp-image-2441\" srcset=\"https:\/\/ingns.com\/wp-content\/uploads\/2023\/09\/Render-Ref.-2204-1.png 63w, https:\/\/ingns.com\/wp-content\/uploads\/2023\/09\/Render-Ref.-2204-1-18x12.png 18w, https:\/\/ingns.com\/wp-content\/uploads\/2023\/09\/Render-Ref.-2204-1-20x13.png 20w\" sizes=\"auto, (max-width: 63px) 100vw, 63px\" \/><\/a><\/figure>\n\n\n\n<div style=\"height:15px\" aria-hidden=\"true\" class=\"wp-block-spacer\"><\/div>\n\n\n\n<p class=\"has-text-align-center\">2204 Simple<\/p>\n<\/div>\n<\/div>\n\n<div style=\"height:10px\" aria-hidden=\"true\" class=\"wp-block-spacer\"><\/div>\n\n<div class=\"wp-block-columns is-layout-flex wp-container-core-columns-is-layout-28f84493 wp-block-columns-is-layout-flex\">\n<div class=\"wp-block-column is-vertically-aligned-bottom is-layout-flow wp-block-column-is-layout-flow\">\n<figure class=\"wp-block-image aligncenter size-full is-resized\"><a href=\"https:\/\/ingns.com\/fr\/produits\/accessoires\/autres\/gache-de-la-ref-2205-simple-basse\/\"><img loading=\"lazy\" decoding=\"async\" width=\"63\" height=\"40\" src=\"https:\/\/ingns.com\/wp-content\/uploads\/2023\/09\/Render-Ref.-2205-1.png\" alt=\"\" class=\"wp-image-2442\" style=\"width:63px;height:auto\" srcset=\"https:\/\/ingns.com\/wp-content\/uploads\/2023\/09\/Render-Ref.-2205-1.png 63w, https:\/\/ingns.com\/wp-content\/uploads\/2023\/09\/Render-Ref.-2205-1-18x12.png 18w, https:\/\/ingns.com\/wp-content\/uploads\/2023\/09\/Render-Ref.-2205-1-20x13.png 20w\" sizes=\"auto, (max-width: 63px) 100vw, 63px\" \/><\/a><\/figure>\n\n\n\n<div style=\"height:15px\" aria-hidden=\"true\" class=\"wp-block-spacer\"><\/div>\n\n\n\n<p class=\"has-text-align-center\">2205 Simple Basse<\/p>\n<\/div>\n\n\n\n<div class=\"wp-block-column is-vertically-aligned-bottom is-layout-flow wp-block-column-is-layout-flow\">\n<figure class=\"wp-block-image aligncenter size-full is-resized\"><a href=\"https:\/\/ingns.com\/fr\/produits\/accessoires\/autres\/gache-de-la-ref-2206-simple\/\"><img loading=\"lazy\" decoding=\"async\" width=\"96\" height=\"40\" src=\"https:\/\/ingns.com\/wp-content\/uploads\/2023\/09\/Render-Ref.-2206-1.png\" alt=\"\" class=\"wp-image-2443\" style=\"width:96px;height:auto\" srcset=\"https:\/\/ingns.com\/wp-content\/uploads\/2023\/09\/Render-Ref.-2206-1.png 96w, https:\/\/ingns.com\/wp-content\/uploads\/2023\/09\/Render-Ref.-2206-1-18x8.png 18w, https:\/\/ingns.com\/wp-content\/uploads\/2023\/09\/Render-Ref.-2206-1-20x8.png 20w\" sizes=\"auto, (max-width: 96px) 100vw, 96px\" \/><\/a><\/figure>\n\n\n\n<div style=\"height:15px\" aria-hidden=\"true\" class=\"wp-block-spacer\"><\/div>\n\n\n\n<p class=\"has-text-align-center\">2206 Simple<\/p>\n<\/div>\n\n\n\n<div class=\"wp-block-column is-vertically-aligned-bottom is-layout-flow wp-block-column-is-layout-flow\">\n<figure class=\"wp-block-image aligncenter size-full is-resized\"><a href=\"https:\/\/ingns.com\/fr\/produits\/accessoires\/autres\/rosace-de-la-ref-3500\/\"><img loading=\"lazy\" decoding=\"async\" width=\"76\" height=\"175\" src=\"https:\/\/ingns.com\/wp-content\/uploads\/2023\/09\/Render-Ref.-3500-1.png\" alt=\"\" class=\"wp-image-2444\" style=\"width:64px;height:auto\" srcset=\"https:\/\/ingns.com\/wp-content\/uploads\/2023\/09\/Render-Ref.-3500-1.png 76w, https:\/\/ingns.com\/wp-content\/uploads\/2023\/09\/Render-Ref.-3500-1-65x150.png 65w, https:\/\/ingns.com\/wp-content\/uploads\/2023\/09\/Render-Ref.-3500-1-5x12.png 5w, https:\/\/ingns.com\/wp-content\/uploads\/2023\/09\/Render-Ref.-3500-1-9x20.png 9w\" sizes=\"auto, (max-width: 76px) 100vw, 76px\" \/><\/a><\/figure>\n\n\n\n<div style=\"height:15px\" aria-hidden=\"true\" class=\"wp-block-spacer\"><\/div>\n\n\n\n<p class=\"has-text-align-center\">3500<\/p>\n<\/div>\n\n\n\n<div class=\"wp-block-column is-vertically-aligned-bottom is-layout-flow wp-block-column-is-layout-flow\">\n<figure class=\"wp-block-image aligncenter size-full is-resized\"><a href=\"https:\/\/ingns.com\/fr\/produits\/accessoires\/autres\/rosace-de-la-ref-3501\/\"><img loading=\"lazy\" decoding=\"async\" width=\"70\" height=\"175\" src=\"https:\/\/ingns.com\/wp-content\/uploads\/2023\/09\/Render-Ref.-3501-1.png\" alt=\"\" class=\"wp-image-2445\" style=\"width:64px;height:auto\" srcset=\"https:\/\/ingns.com\/wp-content\/uploads\/2023\/09\/Render-Ref.-3501-1.png 70w, https:\/\/ingns.com\/wp-content\/uploads\/2023\/09\/Render-Ref.-3501-1-60x150.png 60w, https:\/\/ingns.com\/wp-content\/uploads\/2023\/09\/Render-Ref.-3501-1-5x12.png 5w, https:\/\/ingns.com\/wp-content\/uploads\/2023\/09\/Render-Ref.-3501-1-8x20.png 8w\" sizes=\"auto, (max-width: 70px) 100vw, 70px\" \/><\/a><\/figure>\n\n\n\n<div style=\"height:15px\" aria-hidden=\"true\" class=\"wp-block-spacer\"><\/div>\n\n\n\n<p class=\"has-text-align-center\">3501<\/p>\n<\/div>\n\n\n\n<div class=\"wp-block-column is-vertically-aligned-bottom is-layout-flow wp-block-column-is-layout-flow\">\n<figure class=\"wp-block-image aligncenter size-full is-resized\"><a href=\"https:\/\/ingns.com\/fr\/produits\/accessoires\/autres\/renforcement-du-systeme-3600-a\/\"><img loading=\"lazy\" decoding=\"async\" width=\"148\" height=\"215\" src=\"https:\/\/ingns.com\/wp-content\/uploads\/2023\/09\/Render-Ref.-3600-A-1.png\" alt=\"\" class=\"wp-image-2446\" style=\"width:120px;height:auto\" srcset=\"https:\/\/ingns.com\/wp-content\/uploads\/2023\/09\/Render-Ref.-3600-A-1.png 148w, https:\/\/ingns.com\/wp-content\/uploads\/2023\/09\/Render-Ref.-3600-A-1-103x150.png 103w, https:\/\/ingns.com\/wp-content\/uploads\/2023\/09\/Render-Ref.-3600-A-1-8x12.png 8w, https:\/\/ingns.com\/wp-content\/uploads\/2023\/09\/Render-Ref.-3600-A-1-14x20.png 14w\" sizes=\"auto, (max-width: 148px) 100vw, 148px\" \/><\/a><\/figure>\n\n\n\n<div style=\"height:15px\" aria-hidden=\"true\" class=\"wp-block-spacer\"><\/div>\n\n\n\n<p class=\"has-text-align-center\">3600 A<\/p>\n<\/div>\n<\/div>\n\n<div style=\"height:10px\" aria-hidden=\"true\" class=\"wp-block-spacer\"><\/div>\n\n<div class=\"wp-block-columns is-layout-flex wp-container-core-columns-is-layout-28f84493 wp-block-columns-is-layout-flex\">\n<div class=\"wp-block-column is-vertically-aligned-bottom is-layout-flow wp-block-column-is-layout-flow\">\n<figure class=\"wp-block-image aligncenter size-full is-resized\"><a href=\"https:\/\/ingns.com\/fr\/produits\/accessoires\/autres\/renforcement-du-systeme-3600-b\/\"><img loading=\"lazy\" decoding=\"async\" width=\"134\" height=\"215\" src=\"https:\/\/ingns.com\/wp-content\/uploads\/2023\/09\/Render-Ref.-3600-B-1.png\" alt=\"\" class=\"wp-image-2447\" style=\"width:120px;height:auto\" srcset=\"https:\/\/ingns.com\/wp-content\/uploads\/2023\/09\/Render-Ref.-3600-B-1.png 134w, https:\/\/ingns.com\/wp-content\/uploads\/2023\/09\/Render-Ref.-3600-B-1-93x150.png 93w, https:\/\/ingns.com\/wp-content\/uploads\/2023\/09\/Render-Ref.-3600-B-1-7x12.png 7w, https:\/\/ingns.com\/wp-content\/uploads\/2023\/09\/Render-Ref.-3600-B-1-12x20.png 12w\" sizes=\"auto, (max-width: 134px) 100vw, 134px\" \/><\/a><\/figure>\n\n\n\n<div style=\"height:15px\" aria-hidden=\"true\" class=\"wp-block-spacer\"><\/div>\n\n\n\n<p class=\"has-text-align-center\">3600 B<\/p>\n<\/div>\n\n\n\n<div class=\"wp-block-column is-vertically-aligned-bottom is-layout-flow wp-block-column-is-layout-flow\">\n<figure class=\"wp-block-image aligncenter size-full is-resized\"><a href=\"https:\/\/ingns.com\/fr\/produits\/accessoires\/autres\/rosace-de-la-ref-3700\/\"><img loading=\"lazy\" decoding=\"async\" width=\"72\" height=\"175\" src=\"https:\/\/ingns.com\/wp-content\/uploads\/2023\/09\/Render-Ref.-3700-1.png\" alt=\"\" class=\"wp-image-2448\" style=\"width:64px;height:auto\" srcset=\"https:\/\/ingns.com\/wp-content\/uploads\/2023\/09\/Render-Ref.-3700-1.png 72w, https:\/\/ingns.com\/wp-content\/uploads\/2023\/09\/Render-Ref.-3700-1-62x150.png 62w, https:\/\/ingns.com\/wp-content\/uploads\/2023\/09\/Render-Ref.-3700-1-5x12.png 5w, https:\/\/ingns.com\/wp-content\/uploads\/2023\/09\/Render-Ref.-3700-1-8x20.png 8w\" sizes=\"auto, (max-width: 72px) 100vw, 72px\" \/><\/a><\/figure>\n\n\n\n<div style=\"height:15px\" aria-hidden=\"true\" class=\"wp-block-spacer\"><\/div>\n\n\n\n<p class=\"has-text-align-center\">3700<\/p>\n<\/div>\n\n\n\n<div class=\"wp-block-column is-vertically-aligned-bottom is-layout-flow wp-block-column-is-layout-flow\">\n<figure class=\"wp-block-image aligncenter size-full is-resized\"><a href=\"https:\/\/ingns.com\/fr\/produits\/accessoires\/autres\/rosace-de-la-ref-3730\/\"><img loading=\"lazy\" decoding=\"async\" width=\"75\" height=\"175\" src=\"https:\/\/ingns.com\/wp-content\/uploads\/2023\/09\/Render-Ref.-3730-1.png\" alt=\"\" class=\"wp-image-2449\" style=\"width:65px;height:auto\" srcset=\"https:\/\/ingns.com\/wp-content\/uploads\/2023\/09\/Render-Ref.-3730-1.png 75w, https:\/\/ingns.com\/wp-content\/uploads\/2023\/09\/Render-Ref.-3730-1-64x150.png 64w, https:\/\/ingns.com\/wp-content\/uploads\/2023\/09\/Render-Ref.-3730-1-5x12.png 5w, https:\/\/ingns.com\/wp-content\/uploads\/2023\/09\/Render-Ref.-3730-1-9x20.png 9w\" sizes=\"auto, (max-width: 75px) 100vw, 75px\" \/><\/a><\/figure>\n\n\n\n<div style=\"height:15px\" aria-hidden=\"true\" class=\"wp-block-spacer\"><\/div>\n\n\n\n<p class=\"has-text-align-center\">3730<\/p>\n<\/div>\n\n\n\n<div class=\"wp-block-column is-vertically-aligned-bottom is-layout-flow wp-block-column-is-layout-flow\">\n<figure class=\"wp-block-image aligncenter size-full is-resized\"><a href=\"https:\/\/ingns.com\/fr\/produits\/accessoires\/autres\/carre-fq-7-8\/\"><img loading=\"lazy\" decoding=\"async\" width=\"202\" height=\"115\" src=\"https:\/\/ingns.com\/wp-content\/uploads\/2023\/09\/Render-Ref.-FQ.-7-8-1.png\" alt=\"\" class=\"wp-image-2450\" style=\"width:202px;height:auto\" srcset=\"https:\/\/ingns.com\/wp-content\/uploads\/2023\/09\/Render-Ref.-FQ.-7-8-1.png 202w, https:\/\/ingns.com\/wp-content\/uploads\/2023\/09\/Render-Ref.-FQ.-7-8-1-150x85.png 150w, https:\/\/ingns.com\/wp-content\/uploads\/2023\/09\/Render-Ref.-FQ.-7-8-1-18x10.png 18w, https:\/\/ingns.com\/wp-content\/uploads\/2023\/09\/Render-Ref.-FQ.-7-8-1-20x11.png 20w\" sizes=\"auto, (max-width: 202px) 100vw, 202px\" \/><\/a><\/figure>\n\n\n\n<div style=\"height:15px\" aria-hidden=\"true\" class=\"wp-block-spacer\"><\/div>\n\n\n\n<p class=\"has-text-align-center\">FQ. 7\/8<\/p>\n<\/div>\n\n\n\n<div class=\"wp-block-column is-vertically-aligned-bottom is-layout-flow wp-block-column-is-layout-flow\">\n<figure class=\"wp-block-image aligncenter size-full\"><a href=\"https:\/\/ingns.com\/fr\/produits\/accessoires\/autres\/pointe-a\/\"><img loading=\"lazy\" decoding=\"async\" width=\"45\" height=\"215\" src=\"https:\/\/ingns.com\/wp-content\/uploads\/2023\/09\/Render-da-Ponteira-A-1.png\" alt=\"\" class=\"wp-image-2451\" srcset=\"https:\/\/ingns.com\/wp-content\/uploads\/2023\/09\/Render-da-Ponteira-A-1.png 45w, https:\/\/ingns.com\/wp-content\/uploads\/2023\/09\/Render-da-Ponteira-A-1-4x20.png 4w\" sizes=\"auto, (max-width: 45px) 100vw, 45px\" \/><\/a><\/figure>\n\n\n\n<div style=\"height:15px\" aria-hidden=\"true\" class=\"wp-block-spacer\"><\/div>\n\n\n\n<p class=\"has-text-align-center\">Pointe A<\/p>\n<\/div>\n<\/div>\n\n<div style=\"height:10px\" aria-hidden=\"true\" class=\"wp-block-spacer\"><\/div>\n\n<div class=\"wp-block-columns is-layout-flex wp-container-core-columns-is-layout-28f84493 wp-block-columns-is-layout-flex\">\n<div class=\"wp-block-column is-vertically-aligned-bottom is-layout-flow wp-block-column-is-layout-flow\">\n<figure class=\"wp-block-image aligncenter size-full is-resized\"><a href=\"https:\/\/ingns.com\/fr\/produits\/accessoires\/autres\/pointe-b\/\"><img loading=\"lazy\" decoding=\"async\" width=\"49\" height=\"215\" src=\"https:\/\/ingns.com\/wp-content\/uploads\/2023\/09\/Render-da-Ponteira-B-1.png\" alt=\"\" class=\"wp-image-2452\" style=\"width:49px;height:auto\" srcset=\"https:\/\/ingns.com\/wp-content\/uploads\/2023\/09\/Render-da-Ponteira-B-1.png 49w, https:\/\/ingns.com\/wp-content\/uploads\/2023\/09\/Render-da-Ponteira-B-1-34x150.png 34w, https:\/\/ingns.com\/wp-content\/uploads\/2023\/09\/Render-da-Ponteira-B-1-3x12.png 3w\" sizes=\"auto, (max-width: 49px) 100vw, 49px\" \/><\/a><\/figure>\n\n\n\n<div style=\"height:15px\" aria-hidden=\"true\" class=\"wp-block-spacer\"><\/div>\n\n\n\n<p class=\"has-text-align-center\">Pointe B<\/p>\n\n\n\n<div style=\"height:25px\" aria-hidden=\"true\" class=\"wp-block-spacer\"><\/div>\n<\/div>\n\n\n\n<div class=\"wp-block-column is-vertically-aligned-bottom is-layout-flow wp-block-column-is-layout-flow\">\n<figure class=\"wp-block-image aligncenter size-full is-resized\"><a href=\"https:\/\/ingns.com\/fr\/produits\/accessoires\/autres\/adaptateur-rf\/\"><img loading=\"lazy\" decoding=\"async\" width=\"62\" height=\"40\" src=\"https:\/\/ingns.com\/wp-content\/uploads\/2023\/09\/Render-Ref.-RF-1.png\" alt=\"\" class=\"wp-image-2453\" style=\"width:62px;height:auto\" srcset=\"https:\/\/ingns.com\/wp-content\/uploads\/2023\/09\/Render-Ref.-RF-1.png 62w, https:\/\/ingns.com\/wp-content\/uploads\/2023\/09\/Render-Ref.-RF-1-18x12.png 18w, https:\/\/ingns.com\/wp-content\/uploads\/2023\/09\/Render-Ref.-RF-1-20x13.png 20w\" sizes=\"auto, (max-width: 62px) 100vw, 62px\" \/><\/a><\/figure>\n\n\n\n<div style=\"height:15px\" aria-hidden=\"true\" class=\"wp-block-spacer\"><\/div>\n\n\n\n<p class=\"has-text-align-center\">RF.<\/p>\n\n\n\n<div style=\"height:25px\" aria-hidden=\"true\" class=\"wp-block-spacer\"><\/div>\n<\/div>\n\n\n\n<div class=\"wp-block-column is-vertically-aligned-bottom is-layout-flow wp-block-column-is-layout-flow\">\n<figure class=\"wp-block-image aligncenter size-full is-resized\"><a href=\"https:\/\/ingns.com\/fr\/produits\/accessoires\/autres\/systeme-de-fenetres-exterieurs\/\"><img loading=\"lazy\" decoding=\"async\" width=\"280\" height=\"215\" src=\"https:\/\/ingns.com\/wp-content\/uploads\/2023\/09\/Render-do-Seg.-Portadas-Inox-1.png\" alt=\"\" class=\"wp-image-2454\" style=\"width:195px;height:auto\" srcset=\"https:\/\/ingns.com\/wp-content\/uploads\/2023\/09\/Render-do-Seg.-Portadas-Inox-1.png 280w, https:\/\/ingns.com\/wp-content\/uploads\/2023\/09\/Render-do-Seg.-Portadas-Inox-1-150x115.png 150w, https:\/\/ingns.com\/wp-content\/uploads\/2023\/09\/Render-do-Seg.-Portadas-Inox-1-16x12.png 16w, https:\/\/ingns.com\/wp-content\/uploads\/2023\/09\/Render-do-Seg.-Portadas-Inox-1-20x15.png 20w\" sizes=\"auto, (max-width: 280px) 100vw, 280px\" \/><\/a><\/figure>\n\n\n\n<div style=\"height:15px\" aria-hidden=\"true\" class=\"wp-block-spacer\"><\/div>\n\n\n\n<p class=\"has-text-align-center\">Syst\u00e8me de Fen\u00eatres Ext\u00e9rieurs<\/p>\n\n\n\n<div style=\"height:25px\" aria-hidden=\"true\" class=\"wp-block-spacer\"><\/div>\n<\/div>\n\n\n\n<div class=\"wp-block-column is-vertically-aligned-bottom is-layout-flow wp-block-column-is-layout-flow\">\n<figure class=\"wp-block-image aligncenter size-full is-resized\"><a href=\"https:\/\/ingns.com\/fr\/produits\/accessoires\/autres\/systeme-de-ventilation\/\"><img loading=\"lazy\" decoding=\"async\" width=\"210\" height=\"215\" src=\"https:\/\/ingns.com\/wp-content\/uploads\/2023\/09\/Render-do-Sist.-Microventilacao-Basculante-1.png\" alt=\"\" class=\"wp-image-2455\" style=\"width:170px;height:auto\" srcset=\"https:\/\/ingns.com\/wp-content\/uploads\/2023\/09\/Render-do-Sist.-Microventilacao-Basculante-1.png 210w, https:\/\/ingns.com\/wp-content\/uploads\/2023\/09\/Render-do-Sist.-Microventilacao-Basculante-1-147x150.png 147w, https:\/\/ingns.com\/wp-content\/uploads\/2023\/09\/Render-do-Sist.-Microventilacao-Basculante-1-12x12.png 12w, https:\/\/ingns.com\/wp-content\/uploads\/2023\/09\/Render-do-Sist.-Microventilacao-Basculante-1-20x20.png 20w\" sizes=\"auto, (max-width: 210px) 100vw, 210px\" \/><\/a><\/figure>\n\n\n\n<div style=\"height:15px\" aria-hidden=\"true\" class=\"wp-block-spacer\"><\/div>\n\n\n\n<p class=\"has-text-align-center\">Syst\u00e8me de Ventilation<\/p>\n<\/div>\n\n\n\n<div class=\"wp-block-column is-vertically-aligned-bottom is-layout-flow wp-block-column-is-layout-flow\"><\/div>\n<\/div>\n\n<div style=\"height:70px\" aria-hidden=\"true\" class=\"wp-block-spacer\"><\/div>\n","protected":false},"excerpt":{"rendered":"<p>AUTRES ANT\u00c9RIEUR 551\/552 2201 Double 2202 Double Basse 2203 Double Haut 2204 Simple 2205 Simple Basse 2206 Simple 3500 3501 [&hellip;]<\/p>\n","protected":false},"author":1,"featured_media":0,"parent":9606,"menu_order":7,"comment_status":"closed","ping_status":"closed","template":"","meta":{"site-sidebar-layout":"default","site-content-layout":"","ast-site-content-layout":"default","site-content-style":"default","site-sidebar-style":"default","ast-global-header-display":"","ast-banner-title-visibility":"","ast-main-header-display":"","ast-hfb-above-header-display":"","ast-hfb-below-header-display":"","ast-hfb-mobile-header-display":"","site-post-title":"","ast-breadcrumbs-content":"","ast-featured-img":"","footer-sml-layout":"","ast-disable-related-posts":"","theme-transparent-header-meta":"","adv-header-id-meta":"","stick-header-meta":"","header-above-stick-meta":"","header-main-stick-meta":"","header-below-stick-meta":"","astra-migrate-meta-layouts":"default","ast-page-background-enabled":"default","ast-page-background-meta":{"desktop":{"background-color":"var(--ast-global-color-5)","background-image":"","background-repeat":"repeat","background-position":"center center","background-size":"auto","background-attachment":"scroll","background-type":"","background-media":"","overlay-type":"","overlay-color":"","overlay-opacity":"","overlay-gradient":""},"tablet":{"background-color":"","background-image":"","background-repeat":"repeat","background-position":"center center","background-size":"auto","background-attachment":"scroll","background-type":"","background-media":"","overlay-type":"","overlay-color":"","overlay-opacity":"","overlay-gradient":""},"mobile":{"background-color":"","background-image":"","background-repeat":"repeat","background-position":"center center","background-size":"auto","background-attachment":"scroll","background-type":"","background-media":"","overlay-type":"","overlay-color":"","overlay-opacity":"","overlay-gradient":""}},"ast-content-background-meta":{"desktop":{"background-color":"var(--ast-global-color-4)","background-image":"","background-repeat":"repeat","background-position":"center center","background-size":"auto","background-attachment":"scroll","background-type":"","background-media":"","overlay-type":"","overlay-color":"","overlay-opacity":"","overlay-gradient":""},"tablet":{"background-color":"var(--ast-global-color-4)","background-image":"","background-repeat":"repeat","background-position":"center center","background-size":"auto","background-attachment":"scroll","background-type":"","background-media":"","overlay-type":"","overlay-color":"","overlay-opacity":"","overlay-gradient":""},"mobile":{"background-color":"var(--ast-global-color-4)","background-image":"","background-repeat":"repeat","background-position":"center center","background-size":"auto","background-attachment":"scroll","background-type":"","background-media":"","overlay-type":"","overlay-color":"","overlay-opacity":"","overlay-gradient":""}},"footnotes":""},"class_list":["post-9782","page","type-page","status-publish","hentry"],"_links":{"self":[{"href":"https:\/\/ingns.com\/fr\/wp-json\/wp\/v2\/pages\/9782","targetHints":{"allow":["GET"]}}],"collection":[{"href":"https:\/\/ingns.com\/fr\/wp-json\/wp\/v2\/pages"}],"about":[{"href":"https:\/\/ingns.com\/fr\/wp-json\/wp\/v2\/types\/page"}],"author":[{"embeddable":true,"href":"https:\/\/ingns.com\/fr\/wp-json\/wp\/v2\/users\/1"}],"replies":[{"embeddable":true,"href":"https:\/\/ingns.com\/fr\/wp-json\/wp\/v2\/comments?post=9782"}],"version-history":[{"count":4,"href":"https:\/\/ingns.com\/fr\/wp-json\/wp\/v2\/pages\/9782\/revisions"}],"predecessor-version":[{"id":14768,"href":"https:\/\/ingns.com\/fr\/wp-json\/wp\/v2\/pages\/9782\/revisions\/14768"}],"up":[{"embeddable":true,"href":"https:\/\/ingns.com\/fr\/wp-json\/wp\/v2\/pages\/9606"}],"wp:attachment":[{"href":"https:\/\/ingns.com\/fr\/wp-json\/wp\/v2\/media?parent=9782"}],"curies":[{"name":"wp","href":"https:\/\/api.w.org\/{rel}","templated":true}]}}