{"id":9736,"date":"2023-09-29T08:44:50","date_gmt":"2023-09-29T08:44:50","guid":{"rendered":"https:\/\/ingns.com\/produits\/accessoires\/verrous\/verrou-de-la-ref-a-040\/"},"modified":"2024-09-25T09:38:36","modified_gmt":"2024-09-25T09:38:36","slug":"verrou-de-la-ref-a-040","status":"publish","type":"page","link":"https:\/\/ingns.com\/fr\/produits\/accessoires\/verrous\/verrou-de-la-ref-a-040\/","title":{"rendered":"Verrou de la R\u00e9f. A 040"},"content":{"rendered":"\n<div style=\"height:50px\" aria-hidden=\"true\" class=\"wp-block-spacer\"><\/div>\n\n<h2 class=\"wp-block-heading has-neve-link-color-color has-text-color\">A 040<\/h2>\n\n<p class=\"has-link-color wp-elements-5d408f462c68306c6eb2f55b2d94e2d2\"><a href=\"https:\/\/ingns.com\/fr\/produits\/accessoires\/verrous\/\">ANT\u00c9RIEUR<\/a><\/p>\n\n<div style=\"height:25px\" aria-hidden=\"true\" class=\"wp-block-spacer\"><\/div>\n\n<div class=\"wp-block-columns is-layout-flex wp-container-core-columns-is-layout-28f84493 wp-block-columns-is-layout-flex\">\n<div class=\"wp-block-column is-vertically-aligned-center is-layout-flow wp-block-column-is-layout-flow\">\n<figure class=\"wp-block-image aligncenter size-full is-resized\"><img loading=\"lazy\" decoding=\"async\" width=\"142\" height=\"400\" src=\"http:\/\/ingns.com\/wp-content\/uploads\/2023\/10\/Render-Ref.-A-040-2.png\" alt=\"\" class=\"wp-image-2695\" style=\"width:142px;height:400px\" srcset=\"https:\/\/ingns.com\/wp-content\/uploads\/2023\/10\/Render-Ref.-A-040-2.png 142w, https:\/\/ingns.com\/wp-content\/uploads\/2023\/10\/Render-Ref.-A-040-2-107x300.png 107w\" sizes=\"auto, (max-width: 142px) 100vw, 142px\" \/><\/figure>\n<\/div>\n\n\n\n<div class=\"wp-block-column is-layout-flow wp-block-column-is-layout-flow\">\n<h3 class=\"wp-block-heading\">D\u00e9tails<\/h3>\n\n\n\n<p style=\"text-align: justify;\">Fermeture pour la 2\u00e8me feuille applicable en s\u00e9ries de gorge europ\u00e9enne, avec un canal de 18mm. Pointe renforc\u00e9e avec pointe en laiton.<\/p>\n\n\n\n<figure class=\"wp-block-image size-full is-resized\"><img decoding=\"async\" src=\"https:\/\/ingns.com\/wp-content\/uploads\/2024\/03\/Icones-50.png\" alt=\"\" class=\"wp-image-10368\" style=\"width:auto;height:35px\"\/><\/figure>\n\n\n\n<div style=\"height:35px\" aria-hidden=\"true\" class=\"wp-block-spacer\"><\/div>\n\n\n\n<h3 class=\"wp-block-heading\">T\u00e9l\u00e9charger<\/h3>\n\n\n\n<p class=\"has-link-color wp-elements-da8c03564a998b05730725f229edb4e9\"><a href=\"https:\/\/ingns.com\/wp-content\/uploads\/2024\/03\/FT-2200-2250-A040.pdf\" data-type=\"link\" data-id=\"https:\/\/ingns.com\/wp-content\/uploads\/2024\/03\/FT-2200-2250-A040.pdf\" target=\"_blank\" rel=\"noreferrer noopener\">FICHE TECHNIQUE<\/a><\/p>\n<\/div>\n<\/div>\n\n<div style=\"height:70px\" aria-hidden=\"true\" class=\"wp-block-spacer\"><\/div>\n","protected":false},"excerpt":{"rendered":"<p>A 040 ANT\u00c9RIEUR D\u00e9tails Fermeture pour la 2\u00e8me feuille applicable en s\u00e9ries de gorge europ\u00e9enne, avec un canal de 18mm. [&hellip;]<\/p>\n","protected":false},"author":1,"featured_media":0,"parent":9710,"menu_order":14,"comment_status":"closed","ping_status":"closed","template":"","meta":{"site-sidebar-layout":"default","site-content-layout":"","ast-site-content-layout":"default","site-content-style":"default","site-sidebar-style":"default","ast-global-header-display":"","ast-banner-title-visibility":"","ast-main-header-display":"","ast-hfb-above-header-display":"","ast-hfb-below-header-display":"","ast-hfb-mobile-header-display":"","site-post-title":"","ast-breadcrumbs-content":"","ast-featured-img":"","footer-sml-layout":"","ast-disable-related-posts":"","theme-transparent-header-meta":"","adv-header-id-meta":"","stick-header-meta":"","header-above-stick-meta":"","header-main-stick-meta":"","header-below-stick-meta":"","astra-migrate-meta-layouts":"default","ast-page-background-enabled":"default","ast-page-background-meta":{"desktop":{"background-color":"var(--ast-global-color-5)","background-image":"","background-repeat":"repeat","background-position":"center center","background-size":"auto","background-attachment":"scroll","background-type":"","background-media":"","overlay-type":"","overlay-color":"","overlay-opacity":"","overlay-gradient":""},"tablet":{"background-color":"","background-image":"","background-repeat":"repeat","background-position":"center center","background-size":"auto","background-attachment":"scroll","background-type":"","background-media":"","overlay-type":"","overlay-color":"","overlay-opacity":"","overlay-gradient":""},"mobile":{"background-color":"","background-image":"","background-repeat":"repeat","background-position":"center center","background-size":"auto","background-attachment":"scroll","background-type":"","background-media":"","overlay-type":"","overlay-color":"","overlay-opacity":"","overlay-gradient":""}},"ast-content-background-meta":{"desktop":{"background-color":"var(--ast-global-color-4)","background-image":"","background-repeat":"repeat","background-position":"center center","background-size":"auto","background-attachment":"scroll","background-type":"","background-media":"","overlay-type":"","overlay-color":"","overlay-opacity":"","overlay-gradient":""},"tablet":{"background-color":"var(--ast-global-color-4)","background-image":"","background-repeat":"repeat","background-position":"center center","background-size":"auto","background-attachment":"scroll","background-type":"","background-media":"","overlay-type":"","overlay-color":"","overlay-opacity":"","overlay-gradient":""},"mobile":{"background-color":"var(--ast-global-color-4)","background-image":"","background-repeat":"repeat","background-position":"center center","background-size":"auto","background-attachment":"scroll","background-type":"","background-media":"","overlay-type":"","overlay-color":"","overlay-opacity":"","overlay-gradient":""}},"footnotes":""},"class_list":["post-9736","page","type-page","status-publish","hentry"],"_links":{"self":[{"href":"https:\/\/ingns.com\/fr\/wp-json\/wp\/v2\/pages\/9736","targetHints":{"allow":["GET"]}}],"collection":[{"href":"https:\/\/ingns.com\/fr\/wp-json\/wp\/v2\/pages"}],"about":[{"href":"https:\/\/ingns.com\/fr\/wp-json\/wp\/v2\/types\/page"}],"author":[{"embeddable":true,"href":"https:\/\/ingns.com\/fr\/wp-json\/wp\/v2\/users\/1"}],"replies":[{"embeddable":true,"href":"https:\/\/ingns.com\/fr\/wp-json\/wp\/v2\/comments?post=9736"}],"version-history":[{"count":5,"href":"https:\/\/ingns.com\/fr\/wp-json\/wp\/v2\/pages\/9736\/revisions"}],"predecessor-version":[{"id":14384,"href":"https:\/\/ingns.com\/fr\/wp-json\/wp\/v2\/pages\/9736\/revisions\/14384"}],"up":[{"embeddable":true,"href":"https:\/\/ingns.com\/fr\/wp-json\/wp\/v2\/pages\/9710"}],"wp:attachment":[{"href":"https:\/\/ingns.com\/fr\/wp-json\/wp\/v2\/media?parent=9736"}],"curies":[{"name":"wp","href":"https:\/\/api.w.org\/{rel}","templated":true}]}}