{"id":9732,"date":"2023-09-29T08:42:42","date_gmt":"2023-09-29T08:42:42","guid":{"rendered":"https:\/\/ingns.com\/produits\/accessoires\/verrous\/verrou-de-la-ref-7000\/"},"modified":"2024-09-25T09:23:23","modified_gmt":"2024-09-25T09:23:23","slug":"verrou-de-la-ref-7000","status":"publish","type":"page","link":"https:\/\/ingns.com\/fr\/produits\/accessoires\/verrous\/verrou-de-la-ref-7000\/","title":{"rendered":"Verrou de la R\u00e9f. 7000"},"content":{"rendered":"\n<div style=\"height:50px\" aria-hidden=\"true\" class=\"wp-block-spacer\"><\/div>\n\n<h2 class=\"wp-block-heading has-neve-link-color-color has-text-color\">7000<\/h2>\n\n<p class=\"has-link-color wp-elements-5d408f462c68306c6eb2f55b2d94e2d2\"><a href=\"https:\/\/ingns.com\/fr\/produits\/accessoires\/verrous\/\">ANT\u00c9RIEUR<\/a><\/p>\n\n<div style=\"height:25px\" aria-hidden=\"true\" class=\"wp-block-spacer\"><\/div>\n\n<div class=\"wp-block-columns is-layout-flex wp-container-core-columns-is-layout-28f84493 wp-block-columns-is-layout-flex\">\n<div class=\"wp-block-column is-vertically-aligned-center is-layout-flow wp-block-column-is-layout-flow\">\n<figure class=\"wp-block-image aligncenter size-full is-resized\"><img loading=\"lazy\" decoding=\"async\" width=\"663\" height=\"400\" src=\"http:\/\/ingns.com\/wp-content\/uploads\/2023\/10\/Render-Ref.-7000-2.png\" alt=\"\" class=\"wp-image-2694\" style=\"width:533px;height:320px\" srcset=\"https:\/\/ingns.com\/wp-content\/uploads\/2023\/10\/Render-Ref.-7000-2.png 663w, https:\/\/ingns.com\/wp-content\/uploads\/2023\/10\/Render-Ref.-7000-2-300x181.png 300w, https:\/\/ingns.com\/wp-content\/uploads\/2023\/10\/Render-Ref.-7000-2-150x90.png 150w, https:\/\/ingns.com\/wp-content\/uploads\/2023\/10\/Render-Ref.-7000-2-18x12.png 18w, https:\/\/ingns.com\/wp-content\/uploads\/2023\/10\/Render-Ref.-7000-2-20x12.png 20w\" sizes=\"auto, (max-width: 663px) 100vw, 663px\" \/><\/figure>\n<\/div>\n\n\n\n<div class=\"wp-block-column is-layout-flow wp-block-column-is-layout-flow\">\n<h3 class=\"wp-block-heading\">D\u00e9tails<\/h3>\n\n\n\n<p style=\"text-align: justify;\">Kit de verrouillage bidirectionnel pour la deuxi\u00e8me feuille de fen\u00eatre oscillo-battant.<br>Deux pointes reli\u00e9es par deux r\u00e8gles \u00e0 un m\u00e9canisme central. En actionnant le levier, les deux points s&rsquo;ouvrent et se ferment simultan\u00e9ment. Ils int\u00e8grent deux points de verrouillage avec r\u00e9glage.<br>Avec syst\u00e8me de r\u00e9glage vertical.<\/p>\n\n\n\n<figure class=\"wp-block-image size-full is-resized\"><img decoding=\"async\" src=\"https:\/\/ingns.com\/wp-content\/uploads\/2024\/03\/Icones-37.png\" alt=\"\" class=\"wp-image-10316\" style=\"width:auto;height:35px\"\/><\/figure>\n\n\n\n<div style=\"height:35px\" aria-hidden=\"true\" class=\"wp-block-spacer\"><\/div>\n\n\n\n<h3 class=\"wp-block-heading\">T\u00e9l\u00e9charger<\/h3>\n\n\n\n<p class=\"has-link-color wp-elements-3ce5f0065379a65c6ef4c80c92898614\"><a href=\"https:\/\/ingns.com\/wp-content\/uploads\/2024\/03\/FT-7000.pdf\" data-type=\"link\" data-id=\"https:\/\/ingns.com\/wp-content\/uploads\/2024\/03\/FT-7000.pdf\" target=\"_blank\" rel=\"noreferrer noopener\">FICHE TECHNIQUE<\/a><\/p>\n<\/div>\n<\/div>\n\n<div style=\"height:70px\" aria-hidden=\"true\" class=\"wp-block-spacer\"><\/div>\n","protected":false},"excerpt":{"rendered":"<p>7000 ANT\u00c9RIEUR D\u00e9tails Kit de verrouillage bidirectionnel pour la deuxi\u00e8me feuille de fen\u00eatre oscillo-battant.Deux pointes reli\u00e9es par deux r\u00e8gles \u00e0 [&hellip;]<\/p>\n","protected":false},"author":1,"featured_media":0,"parent":9710,"menu_order":13,"comment_status":"closed","ping_status":"closed","template":"","meta":{"site-sidebar-layout":"default","site-content-layout":"","ast-site-content-layout":"default","site-content-style":"default","site-sidebar-style":"default","ast-global-header-display":"","ast-banner-title-visibility":"","ast-main-header-display":"","ast-hfb-above-header-display":"","ast-hfb-below-header-display":"","ast-hfb-mobile-header-display":"","site-post-title":"","ast-breadcrumbs-content":"","ast-featured-img":"","footer-sml-layout":"","ast-disable-related-posts":"","theme-transparent-header-meta":"","adv-header-id-meta":"","stick-header-meta":"","header-above-stick-meta":"","header-main-stick-meta":"","header-below-stick-meta":"","astra-migrate-meta-layouts":"default","ast-page-background-enabled":"default","ast-page-background-meta":{"desktop":{"background-color":"var(--ast-global-color-5)","background-image":"","background-repeat":"repeat","background-position":"center center","background-size":"auto","background-attachment":"scroll","background-type":"","background-media":"","overlay-type":"","overlay-color":"","overlay-opacity":"","overlay-gradient":""},"tablet":{"background-color":"","background-image":"","background-repeat":"repeat","background-position":"center center","background-size":"auto","background-attachment":"scroll","background-type":"","background-media":"","overlay-type":"","overlay-color":"","overlay-opacity":"","overlay-gradient":""},"mobile":{"background-color":"","background-image":"","background-repeat":"repeat","background-position":"center center","background-size":"auto","background-attachment":"scroll","background-type":"","background-media":"","overlay-type":"","overlay-color":"","overlay-opacity":"","overlay-gradient":""}},"ast-content-background-meta":{"desktop":{"background-color":"var(--ast-global-color-4)","background-image":"","background-repeat":"repeat","background-position":"center center","background-size":"auto","background-attachment":"scroll","background-type":"","background-media":"","overlay-type":"","overlay-color":"","overlay-opacity":"","overlay-gradient":""},"tablet":{"background-color":"var(--ast-global-color-4)","background-image":"","background-repeat":"repeat","background-position":"center center","background-size":"auto","background-attachment":"scroll","background-type":"","background-media":"","overlay-type":"","overlay-color":"","overlay-opacity":"","overlay-gradient":""},"mobile":{"background-color":"var(--ast-global-color-4)","background-image":"","background-repeat":"repeat","background-position":"center center","background-size":"auto","background-attachment":"scroll","background-type":"","background-media":"","overlay-type":"","overlay-color":"","overlay-opacity":"","overlay-gradient":""}},"footnotes":""},"class_list":["post-9732","page","type-page","status-publish","hentry"],"_links":{"self":[{"href":"https:\/\/ingns.com\/fr\/wp-json\/wp\/v2\/pages\/9732","targetHints":{"allow":["GET"]}}],"collection":[{"href":"https:\/\/ingns.com\/fr\/wp-json\/wp\/v2\/pages"}],"about":[{"href":"https:\/\/ingns.com\/fr\/wp-json\/wp\/v2\/types\/page"}],"author":[{"embeddable":true,"href":"https:\/\/ingns.com\/fr\/wp-json\/wp\/v2\/users\/1"}],"replies":[{"embeddable":true,"href":"https:\/\/ingns.com\/fr\/wp-json\/wp\/v2\/comments?post=9732"}],"version-history":[{"count":7,"href":"https:\/\/ingns.com\/fr\/wp-json\/wp\/v2\/pages\/9732\/revisions"}],"predecessor-version":[{"id":14381,"href":"https:\/\/ingns.com\/fr\/wp-json\/wp\/v2\/pages\/9732\/revisions\/14381"}],"up":[{"embeddable":true,"href":"https:\/\/ingns.com\/fr\/wp-json\/wp\/v2\/pages\/9710"}],"wp:attachment":[{"href":"https:\/\/ingns.com\/fr\/wp-json\/wp\/v2\/media?parent=9732"}],"curies":[{"name":"wp","href":"https:\/\/api.w.org\/{rel}","templated":true}]}}