{"id":9638,"date":"2023-09-20T10:10:21","date_gmt":"2023-09-20T10:10:21","guid":{"rendered":"https:\/\/ingns.com\/produits\/accessoires\/bequilles-et-cremones\/cremone-de-ref-2600\/"},"modified":"2024-09-23T11:23:37","modified_gmt":"2024-09-23T11:23:37","slug":"cremone-de-ref-2600","status":"publish","type":"page","link":"https:\/\/ingns.com\/fr\/produits\/accessoires\/bequilles-et-cremones\/cremone-de-ref-2600\/","title":{"rendered":"Cr\u00e9mone de R\u00e9f. 2600"},"content":{"rendered":"\n<div style=\"height:50px\" aria-hidden=\"true\" class=\"wp-block-spacer\"><\/div>\n\n<h2 class=\"wp-block-heading has-neve-link-color-color has-text-color\">2600<\/h2>\n\n<p class=\"has-link-color wp-elements-c3fa2ddbc0c53c4e317c6b06efd888a1\"><a href=\"https:\/\/ingns.com\/fr\/produits\/accessoires\/bequilles-et-cremones\/\">ANT\u00c9RIEUR<\/a><\/p>\n\n<div style=\"height:25px\" aria-hidden=\"true\" class=\"wp-block-spacer\"><\/div>\n\n<div class=\"wp-block-columns is-layout-flex wp-container-core-columns-is-layout-28f84493 wp-block-columns-is-layout-flex\">\n<div class=\"wp-block-column is-vertically-aligned-center is-layout-flow wp-block-column-is-layout-flow\">\n<figure class=\"wp-block-image aligncenter size-full is-resized\"><img loading=\"lazy\" decoding=\"async\" width=\"158\" height=\"380\" src=\"http:\/\/ingns.com\/wp-content\/uploads\/2023\/10\/Render-Ref.-2600-2.png\" alt=\"\" class=\"wp-image-2646\" style=\"width:158px;height:380px\" srcset=\"https:\/\/ingns.com\/wp-content\/uploads\/2023\/10\/Render-Ref.-2600-2.png 158w, https:\/\/ingns.com\/wp-content\/uploads\/2023\/10\/Render-Ref.-2600-2-125x300.png 125w\" sizes=\"auto, (max-width: 158px) 100vw, 158px\" \/><\/figure>\n<\/div>\n\n\n\n<div class=\"wp-block-column is-layout-flow wp-block-column-is-layout-flow\">\n<h3 class=\"wp-block-heading\">D\u00e9tails<\/h3>\n\n\n\n<p style=\"text-align: justify;\">Cr\u00e9mone rotative en aluminium et zamak avec fixation interne pour gorges europ\u00e9ennes. R\u00e9versible.<br>Vis en acier inoxydable M5X12.<\/p>\n\n\n\n<figure class=\"wp-block-image size-full is-resized\"><img decoding=\"async\" src=\"https:\/\/ingns.com\/wp-content\/uploads\/2024\/03\/Icones-43.png\" alt=\"\" class=\"wp-image-10340\" style=\"width:auto;height:35px\"\/><\/figure>\n\n\n\n<div style=\"height:35px\" aria-hidden=\"true\" class=\"wp-block-spacer\"><\/div>\n\n\n\n<h3 class=\"wp-block-heading\">T\u00e9l\u00e9charger<\/h3>\n\n\n\n<p class=\"has-link-color wp-elements-9bc6c81c99b39930afb355d23061a06f\"><a href=\"https:\/\/ingns.com\/wp-content\/uploads\/2024\/03\/FT-1800-2500-2600.pdf\" data-type=\"link\" data-id=\"https:\/\/ingns.com\/wp-content\/uploads\/2024\/03\/FT-1800-2500-2600.pdf\" target=\"_blank\" rel=\"noreferrer noopener\">FICHE TECHNIQUE<\/a><\/p>\n<\/div>\n<\/div>\n\n<div style=\"height:70px\" aria-hidden=\"true\" class=\"wp-block-spacer\"><\/div>\n","protected":false},"excerpt":{"rendered":"<p>2600 ANT\u00c9RIEUR D\u00e9tails Cr\u00e9mone rotative en aluminium et zamak avec fixation interne pour gorges europ\u00e9ennes. R\u00e9versible.Vis en acier inoxydable M5X12. [&hellip;]<\/p>\n","protected":false},"author":1,"featured_media":0,"parent":9616,"menu_order":10,"comment_status":"closed","ping_status":"closed","template":"","meta":{"site-sidebar-layout":"default","site-content-layout":"","ast-site-content-layout":"default","site-content-style":"default","site-sidebar-style":"default","ast-global-header-display":"","ast-banner-title-visibility":"","ast-main-header-display":"","ast-hfb-above-header-display":"","ast-hfb-below-header-display":"","ast-hfb-mobile-header-display":"","site-post-title":"","ast-breadcrumbs-content":"","ast-featured-img":"","footer-sml-layout":"","ast-disable-related-posts":"","theme-transparent-header-meta":"","adv-header-id-meta":"","stick-header-meta":"","header-above-stick-meta":"","header-main-stick-meta":"","header-below-stick-meta":"","astra-migrate-meta-layouts":"default","ast-page-background-enabled":"default","ast-page-background-meta":{"desktop":{"background-color":"var(--ast-global-color-5)","background-image":"","background-repeat":"repeat","background-position":"center center","background-size":"auto","background-attachment":"scroll","background-type":"","background-media":"","overlay-type":"","overlay-color":"","overlay-opacity":"","overlay-gradient":""},"tablet":{"background-color":"","background-image":"","background-repeat":"repeat","background-position":"center center","background-size":"auto","background-attachment":"scroll","background-type":"","background-media":"","overlay-type":"","overlay-color":"","overlay-opacity":"","overlay-gradient":""},"mobile":{"background-color":"","background-image":"","background-repeat":"repeat","background-position":"center center","background-size":"auto","background-attachment":"scroll","background-type":"","background-media":"","overlay-type":"","overlay-color":"","overlay-opacity":"","overlay-gradient":""}},"ast-content-background-meta":{"desktop":{"background-color":"var(--ast-global-color-4)","background-image":"","background-repeat":"repeat","background-position":"center center","background-size":"auto","background-attachment":"scroll","background-type":"","background-media":"","overlay-type":"","overlay-color":"","overlay-opacity":"","overlay-gradient":""},"tablet":{"background-color":"var(--ast-global-color-4)","background-image":"","background-repeat":"repeat","background-position":"center center","background-size":"auto","background-attachment":"scroll","background-type":"","background-media":"","overlay-type":"","overlay-color":"","overlay-opacity":"","overlay-gradient":""},"mobile":{"background-color":"var(--ast-global-color-4)","background-image":"","background-repeat":"repeat","background-position":"center center","background-size":"auto","background-attachment":"scroll","background-type":"","background-media":"","overlay-type":"","overlay-color":"","overlay-opacity":"","overlay-gradient":""}},"footnotes":""},"class_list":["post-9638","page","type-page","status-publish","hentry"],"_links":{"self":[{"href":"https:\/\/ingns.com\/fr\/wp-json\/wp\/v2\/pages\/9638","targetHints":{"allow":["GET"]}}],"collection":[{"href":"https:\/\/ingns.com\/fr\/wp-json\/wp\/v2\/pages"}],"about":[{"href":"https:\/\/ingns.com\/fr\/wp-json\/wp\/v2\/types\/page"}],"author":[{"embeddable":true,"href":"https:\/\/ingns.com\/fr\/wp-json\/wp\/v2\/users\/1"}],"replies":[{"embeddable":true,"href":"https:\/\/ingns.com\/fr\/wp-json\/wp\/v2\/comments?post=9638"}],"version-history":[{"count":8,"href":"https:\/\/ingns.com\/fr\/wp-json\/wp\/v2\/pages\/9638\/revisions"}],"predecessor-version":[{"id":14239,"href":"https:\/\/ingns.com\/fr\/wp-json\/wp\/v2\/pages\/9638\/revisions\/14239"}],"up":[{"embeddable":true,"href":"https:\/\/ingns.com\/fr\/wp-json\/wp\/v2\/pages\/9616"}],"wp:attachment":[{"href":"https:\/\/ingns.com\/fr\/wp-json\/wp\/v2\/media?parent=9638"}],"curies":[{"name":"wp","href":"https:\/\/api.w.org\/{rel}","templated":true}]}}