{"id":9582,"date":"2023-09-19T16:25:05","date_gmt":"2023-09-19T16:25:05","guid":{"rendered":"https:\/\/ingns.com\/produits\/oscillo-battant\/accessoires-de-loscillo-battant-invisible\/verrou-bidirectonnel-semi-fixe-invisible-7000\/"},"modified":"2024-09-20T11:28:45","modified_gmt":"2024-09-20T11:28:45","slug":"verrou-bidirectonnel-semi-fixe-invisible-7000","status":"publish","type":"page","link":"https:\/\/ingns.com\/fr\/produits\/oscillo-battant\/accessoires-de-loscillo-battant-invisible\/verrou-bidirectonnel-semi-fixe-invisible-7000\/","title":{"rendered":"Verrou Bidirectionnel Semi-Fixe Invisible 7000"},"content":{"rendered":"\n<div style=\"height:50px\" aria-hidden=\"true\" class=\"wp-block-spacer\"><\/div>\n\n<h2 class=\"wp-block-heading has-neve-link-color-color has-text-color\">7000<\/h2>\n\n<p class=\"has-link-color wp-elements-498846dc75726d2a393f836cdc721f1a\"><a href=\"https:\/\/ingns.com\/fr\/produits\/oscillo-battant\/accessoires-de-loscillo-battant-invisible\/\">ANT\u00c9RIEUR<\/a><\/p>\n\n<div style=\"height:25px\" aria-hidden=\"true\" class=\"wp-block-spacer\"><\/div>\n\n<div class=\"wp-block-columns is-layout-flex wp-container-core-columns-is-layout-28f84493 wp-block-columns-is-layout-flex\">\n<div class=\"wp-block-column is-vertically-aligned-center is-layout-flow wp-block-column-is-layout-flow\">\n<figure class=\"wp-block-image aligncenter size-large is-resized\"><img decoding=\"async\" src=\"http:\/\/ingns.com\/wp-content\/uploads\/2023\/09\/Ref.-7000-Inv-643x1024.png\" alt=\"\" class=\"wp-image-2371\" style=\"width:271px;height:430px\"\/><\/figure>\n<\/div>\n\n\n\n<div class=\"wp-block-column is-layout-flow wp-block-column-is-layout-flow\">\n<h3 class=\"wp-block-heading\">D\u00e9tails<\/h3>\n\n\n\n<p style=\"text-align: justify;\">Kit de verrouillage bidirectionnel invisible pour la deuxi\u00e8me feuille de fen\u00eatre oscillo-battant.<br>Deux pointes reli\u00e9es par deux r\u00e8gles \u00e0 un m\u00e9canisme central.<br>En actionnant le levier, les deux pointes s&rsquo;ouvrent et se ferment simultan\u00e9ment.<br>Ils int\u00e8grent deux points de verrouillage avec r\u00e9glage.<\/p>\n\n\n\n<figure class=\"wp-block-image size-full is-resized\"><img decoding=\"async\" src=\"https:\/\/ingns.com\/wp-content\/uploads\/2024\/03\/Icones-37.png\" alt=\"\" class=\"wp-image-10316\" style=\"width:auto;height:35px\"\/><\/figure>\n\n\n\n<div style=\"height:35px\" aria-hidden=\"true\" class=\"wp-block-spacer\"><\/div>\n\n\n\n<h3 class=\"wp-block-heading\">T\u00e9l\u00e9charger<\/h3>\n\n\n\n<p class=\"has-link-color wp-elements-83518530644d0569d6102c95f84400d7\"><a href=\"https:\/\/ingns.com\/wp-content\/uploads\/2024\/03\/FT-7000-Oscilo-Inv.pdf\" data-type=\"link\" data-id=\"https:\/\/ingns.com\/wp-content\/uploads\/2024\/03\/FT-7000-Oscilo-Inv.pdf\" target=\"_blank\" rel=\"noreferrer noopener\">FICHE TECHNIQUE<\/a><\/p>\n<\/div>\n<\/div>\n\n<div style=\"height:70px\" aria-hidden=\"true\" class=\"wp-block-spacer\"><\/div>\n","protected":false},"excerpt":{"rendered":"<p>7000 ANT\u00c9RIEUR D\u00e9tails Kit de verrouillage bidirectionnel invisible pour la deuxi\u00e8me feuille de fen\u00eatre oscillo-battant.Deux pointes reli\u00e9es par deux r\u00e8gles [&hellip;]<\/p>\n","protected":false},"author":1,"featured_media":0,"parent":9568,"menu_order":5,"comment_status":"closed","ping_status":"closed","template":"","meta":{"site-sidebar-layout":"default","site-content-layout":"","ast-site-content-layout":"default","site-content-style":"default","site-sidebar-style":"default","ast-global-header-display":"","ast-banner-title-visibility":"","ast-main-header-display":"","ast-hfb-above-header-display":"","ast-hfb-below-header-display":"","ast-hfb-mobile-header-display":"","site-post-title":"","ast-breadcrumbs-content":"","ast-featured-img":"","footer-sml-layout":"","ast-disable-related-posts":"","theme-transparent-header-meta":"","adv-header-id-meta":"","stick-header-meta":"","header-above-stick-meta":"","header-main-stick-meta":"","header-below-stick-meta":"","astra-migrate-meta-layouts":"default","ast-page-background-enabled":"default","ast-page-background-meta":{"desktop":{"background-color":"var(--ast-global-color-5)","background-image":"","background-repeat":"repeat","background-position":"center center","background-size":"auto","background-attachment":"scroll","background-type":"","background-media":"","overlay-type":"","overlay-color":"","overlay-opacity":"","overlay-gradient":""},"tablet":{"background-color":"","background-image":"","background-repeat":"repeat","background-position":"center center","background-size":"auto","background-attachment":"scroll","background-type":"","background-media":"","overlay-type":"","overlay-color":"","overlay-opacity":"","overlay-gradient":""},"mobile":{"background-color":"","background-image":"","background-repeat":"repeat","background-position":"center center","background-size":"auto","background-attachment":"scroll","background-type":"","background-media":"","overlay-type":"","overlay-color":"","overlay-opacity":"","overlay-gradient":""}},"ast-content-background-meta":{"desktop":{"background-color":"var(--ast-global-color-4)","background-image":"","background-repeat":"repeat","background-position":"center center","background-size":"auto","background-attachment":"scroll","background-type":"","background-media":"","overlay-type":"","overlay-color":"","overlay-opacity":"","overlay-gradient":""},"tablet":{"background-color":"var(--ast-global-color-4)","background-image":"","background-repeat":"repeat","background-position":"center center","background-size":"auto","background-attachment":"scroll","background-type":"","background-media":"","overlay-type":"","overlay-color":"","overlay-opacity":"","overlay-gradient":""},"mobile":{"background-color":"var(--ast-global-color-4)","background-image":"","background-repeat":"repeat","background-position":"center center","background-size":"auto","background-attachment":"scroll","background-type":"","background-media":"","overlay-type":"","overlay-color":"","overlay-opacity":"","overlay-gradient":""}},"footnotes":""},"class_list":["post-9582","page","type-page","status-publish","hentry"],"_links":{"self":[{"href":"https:\/\/ingns.com\/fr\/wp-json\/wp\/v2\/pages\/9582","targetHints":{"allow":["GET"]}}],"collection":[{"href":"https:\/\/ingns.com\/fr\/wp-json\/wp\/v2\/pages"}],"about":[{"href":"https:\/\/ingns.com\/fr\/wp-json\/wp\/v2\/types\/page"}],"author":[{"embeddable":true,"href":"https:\/\/ingns.com\/fr\/wp-json\/wp\/v2\/users\/1"}],"replies":[{"embeddable":true,"href":"https:\/\/ingns.com\/fr\/wp-json\/wp\/v2\/comments?post=9582"}],"version-history":[{"count":6,"href":"https:\/\/ingns.com\/fr\/wp-json\/wp\/v2\/pages\/9582\/revisions"}],"predecessor-version":[{"id":14179,"href":"https:\/\/ingns.com\/fr\/wp-json\/wp\/v2\/pages\/9582\/revisions\/14179"}],"up":[{"embeddable":true,"href":"https:\/\/ingns.com\/fr\/wp-json\/wp\/v2\/pages\/9568"}],"wp:attachment":[{"href":"https:\/\/ingns.com\/fr\/wp-json\/wp\/v2\/media?parent=9582"}],"curies":[{"name":"wp","href":"https:\/\/api.w.org\/{rel}","templated":true}]}}