{"id":9572,"date":"2023-11-07T17:36:01","date_gmt":"2023-11-07T17:36:01","guid":{"rendered":"https:\/\/ingns.com\/les-termes-dutilisation\/"},"modified":"2024-09-10T11:07:29","modified_gmt":"2024-09-10T11:07:29","slug":"les-termes-dutilisation","status":"publish","type":"page","link":"https:\/\/ingns.com\/fr\/les-termes-dutilisation\/","title":{"rendered":"Les Termes d&rsquo;Utilisation"},"content":{"rendered":"\n<div style=\"height:50px\" aria-hidden=\"true\" class=\"wp-block-spacer\"><\/div>\n\n<h2 class=\"wp-block-heading has-neve-link-color-color has-text-color has-link-color wp-elements-eb447330c425589fa75c158ef1ecb242\">LES TERMES D&rsquo;UTILIZATION<\/h2>\n\n<div style=\"height:25px\" aria-hidden=\"true\" class=\"wp-block-spacer\"><\/div>\n<p><strong>1. Termes d&rsquo;utilisation de la GNS<\/strong><\/p>\n<p style=\"text-align: justify;\">a) Toute utilisation du site fourni par GNS &#8211; Georgina Neto dos Santos, Lda., est soumise \u00e0 ces Conditions d&rsquo;Utilisation. Les Conditions d&rsquo;Utilisation peuvent \u00eatre modifi\u00e9es ou remplac\u00e9es par d&rsquo;autres termes et conditions, par exemple, pour l&rsquo;achat de produits et de services. \u00c0 partir de la connexion, ou chaque fois que la connexion n&rsquo;est pas n\u00e9cessaire, pour acc\u00e9der ou utiliser le site, les Conditions d&rsquo;Utilisation dans leur version actuelle sont accept\u00e9es.<\/p>\n<p style=\"text-align: justify;\">b) Si l&rsquo;utilisateur utilise le site dans le cadre de son activit\u00e9 commerciale, entreprise ou profession, les Lois sur la Protection des Consommateurs ne s&rsquo;appliqueront pas.<\/p>\n<p><strong>2. Services<\/strong><\/p>\n<p style=\"text-align: justify;\">a) Ce site contient des informations et des logiciels sp\u00e9cifiques, ainsi que &#8211; le cas \u00e9ch\u00e9ant &#8211; une documentation associ\u00e9e, pour la visualisation et le t\u00e9l\u00e9chargement.<\/p>\n<p style=\"text-align: justify;\">b) La GNS se r\u00e9serve le droit de cesser totalement ou partiellement le fonctionnement du site \u00e0 tout moment. En raison de la nature d&rsquo;Internet et des syst\u00e8mes informatiques, la GNS ne prend pas en charge la responsabilit\u00e9 continue du site.<\/p>\n<p><strong>3. Enregistrement et Mot de Passe<\/strong><\/p>\n<p style=\"text-align: justify;\">a) Algumas p\u00e1ginas do site peuvent \u00eatre prot\u00e9g\u00e9es par un mot de passe. Dans l&rsquo;int\u00e9r\u00eat de la s\u00e9curit\u00e9 des transactions commerciales, seuls les utilisateurs enregistr\u00e9s peuvent acc\u00e9der aux pages mentionn\u00e9es. L&rsquo;entreprise se r\u00e9serve le droit de d\u00e9terminer que certains sites, qui \u00e9taient pr\u00e9c\u00e9demment accessibles librement, deviennent sujets \u00e0 enregistrement. La GNS se r\u00e9serve le droit, \u00e0 tout moment et sans obligation de justification, de refuser \u00e0 tout utilisateur le droit d&rsquo;acc\u00e9der \u00e0 une zone prot\u00e9g\u00e9e par mot de passe, en bloquant ses donn\u00e9es d&rsquo;utilisateur, en particulier, s&rsquo;il utilise des donn\u00e9es fausses dans le but de s&rsquo;inscrire,<\/p>\n<ul>\n<li style=\"text-align: justify;\">violant les Conditions d&rsquo;Utilisation ou en n\u00e9gligeant leur devoir de diligence envers les donn\u00e9es utilisateur;<\/li>\n<li style=\"text-align: justify;\">violant toute l\u00e9gislation applicable lors de l&rsquo;acc\u00e8s ou de l&rsquo;utilisation du site de GNS.<\/li>\n<\/ul>\n<p style=\"text-align: justify;\">b) Pour enregistrement, l&rsquo;utilisateur fournira des informations pr\u00e9cises et, chaque fois que ces informations seront modifi\u00e9es, les mettra \u00e0 jour sans d\u00e9lai injustifi\u00e9. Il veillera \u00e0 ce que son adresse e-mail, telle que fournie \u00e0 la GNS, soit toujours \u00e0 jour et constitue un moyen de le contacter.<\/p>\n<p style=\"text-align: justify;\">c) Apr\u00e8s l&rsquo;inscription, un identifiant utilisateur et un mot de passe seront attribu\u00e9s \u00e0 l&rsquo;utilisateur. Sur votre premi\u00e8re connexion, l&rsquo;utilisateur changera imm\u00e9diatement le mot de passe attribu\u00e9 par GNS pour un mot de passe uniquement connu de lui-m\u00eame. Les donn\u00e9es utilisateur permettent \u00e0 celui-ci de visualiser ou de modifier ses donn\u00e9es, ou, le cas \u00e9ch\u00e9ant, de retirer son consentement au traitement des donn\u00e9es.<\/p>\n<p style=\"text-align: justify;\">d) L&rsquo;utilisateur veillera \u00e0 ce que les donn\u00e9es utilisateur ne soient pas accessibles \u00e0 des tiers et sera responsable de toutes les transactions et autres activit\u00e9s r\u00e9alis\u00e9es avec ses donn\u00e9es. \u00c0 la fin de chaque session en ligne, l&rsquo;utilisateur doit se d\u00e9connecter du site s\u00e9curis\u00e9 avec son mot de passe. Si, dans la mesure o\u00f9 l&rsquo;utilisateur prend connaissance du fait que des tiers font un usage abusif des donn\u00e9es de l&rsquo;utilisateur, il en informera la GNS de ce fait sans d\u00e9lai par \u00e9crit ou par courrier \u00e9lectronique, selon le cas, et sans aucune justification injustifi\u00e9e.<\/p>\n<p style=\"text-align: justify;\">e) Apr\u00e8s r\u00e9ception de la notification mentionn\u00e9e dans la Condition 3 (d), la GNS refusera l&rsquo;acc\u00e8s \u00e0 la zone prot\u00e9g\u00e9e avec un mot de passe associ\u00e9 aux donn\u00e9es d&rsquo;utilisateur mentionn\u00e9es. L&rsquo;acc\u00e8s de l&rsquo;utilisateur ne sera de nouveau possible qu&rsquo;apr\u00e8s sa demande \u00e0 l&rsquo;entreprise en ce sens ou apr\u00e8s une nouvelle inscription.<\/p>\n<p style=\"text-align: justify;\">f) L&rsquo;utilisateur peut \u00e0 tout moment demander l&rsquo;annulation de son inscription par \u00e9crit, \u00e0 condition que cette suppression ne viole pas le respect correct des liens contractuels. Dans ce cas, la GNS supprimera toutes les donn\u00e9es de l&rsquo;utilisateur et autres donn\u00e9es personnellement identifiables de l&rsquo;utilisateur stock\u00e9es d\u00e8s que ces donn\u00e9es ne seront plus n\u00e9cessaires.<\/p>\n<p><strong>4. Droits d&rsquo;Utilisation de l&rsquo;Information, du Logiciel et de la Documentation<\/strong><\/p>\n<p style=\"text-align: justify;\">a) La utilisation de toute information, logiciel et documentation disponible sur le site est soumise \u00e0 ces Conditions d&rsquo;Utilisation. Les termes de licences convenus s\u00e9par\u00e9ment pr\u00e9vaudront sur les Conditions d&rsquo;Utilisation.<\/p>\n<p style=\"text-align: justify;\">b) La GNS accorde \u00e0 l&rsquo;utilisateur une licence non exclusive, non transf\u00e9rable et non sublicenciable pour utiliser les informations, les logiciels et la documentation mis \u00e0 sa disposition via le site, dans les limites convenues, ou en l&rsquo;absence d&rsquo;accord, conform\u00e9ment \u00e0 l&rsquo;objectif de leur mise \u00e0 disposition par la GNS.<\/p>\n<p style=\"text-align: justify;\">c) Le logiciel doit \u00eatre mis \u00e0 disposition gratuitement sous forme de code ex\u00e9cutable. Il n&rsquo;y aura pas de droit \u00e0 la mise \u00e0 disposition du code source. Ceci ne s&rsquo;appliquera pas au code source li\u00e9 au logiciel open source, dont les conditions de licence pr\u00e9valent sur les Conditions d&rsquo;Utilisation, dans le cas de la transmission de logiciel open source dont les conditions exigent la mise \u00e0 disposition du code source. Dans ce cas, la GNS fournira le code source moyennant le paiement des co\u00fbts respectifs.<\/p>\n<p style=\"text-align: justify;\">d) Les informations, logiciels et documentation ne peuvent \u00eatre distribu\u00e9s par l&rsquo;utilisateur \u00e0 des tiers \u00e0 aucun moment, ni \u00eatre lou\u00e9s ou mis \u00e0 disposition de quelque mani\u00e8re que ce soit. \u00c0 moins que cela ne soit autoris\u00e9 par la loi, l&rsquo;utilisateur ne modifiera pas le logiciel ni la documentation, ne d\u00e9montera pas, ne reconstituera pas le processus de conception ni ne d\u00e9sassemblera le logiciel ou ne s\u00e9parera aucune de ses parties. L&rsquo;utilisateur peut faire une copie de sauvegarde du logiciel chaque fois que cela est n\u00e9cessaire pour garantir son utilisation future conform\u00e9ment aux Conditions d&rsquo;Utilisation.<\/p>\n<p style=\"text-align: justify;\">e) Les informations, les logiciels et la documentation sont prot\u00e9g\u00e9s par les lois sur le droit d&rsquo;auteur, ainsi que par les trait\u00e9s internationaux sur le droit d&rsquo;auteur et d&rsquo;autres lois et conventions relatives \u00e0 la propri\u00e9t\u00e9 intellectuelle. L&rsquo;utilisateur respectera les lois mentionn\u00e9es et, en particulier, ne modifiera pas, ne cachera pas et ne supprimera pas tout code alphanum\u00e9rique, symboles ou avis de droits d&rsquo;auteur des informations, des logiciels ou de la documentation, ou de toutes copies de l&rsquo;un quelconque des documents.<\/p>\n<p><strong>5. Propri\u00e9t\u00e9 Intellectuelle<\/strong><\/p>\n<p style=\"text-align: justify;\">a) Malgr\u00e9 les dispositions particuli\u00e8res de la Condition 4 des Conditions d&rsquo;Utilisation, les informations, noms de marques et autres contenus du site sont la propri\u00e9t\u00e9 de celle-ci ou de ses entit\u00e9s \u00e9mettrices de licences d&rsquo;utilisation, et sont prot\u00e9g\u00e9s par les lois sur le droit d&rsquo;auteur, les marques d\u00e9pos\u00e9es et autres droits de propri\u00e9t\u00e9 intellectuelle; ils ne peuvent donc pas \u00eatre modifi\u00e9s, copi\u00e9s, reproduits, vendus, lou\u00e9s, utilis\u00e9s, compl\u00e9t\u00e9s ou autrement utilis\u00e9s sans le consentement pr\u00e9alable de GNS.<\/p>\n<p style=\"text-align: justify;\">b) \u00c0 l&rsquo;exception des droits d&rsquo;utilisation et autres droits express\u00e9ment accord\u00e9s par le pr\u00e9sent document, aucun autre droit n&rsquo;est accord\u00e9 \u00e0 l&rsquo;utilisateur, et aucune obligation implicite ne n\u00e9cessitera l&rsquo;octroi de droits suppl\u00e9mentaires. Tous les droits de brevet et licences, quels qu&rsquo;ils soient, sont express\u00e9ment exclus.<\/p>\n<p><strong>6. Les Devoirs de l&rsquo;Utilisateur<\/strong><\/p>\n<p style=\"text-align: justify;\">a) Pendant l&rsquo;acc\u00e8s et l&rsquo;utilisation du site de GNS, l&rsquo;Utilisateur:<\/p>\n<ul>\n<li style=\"text-align: justify;\">Cela ne nuira pas \u00e0 autrui, en particulier aux mineurs, ni ne violera leurs droits personnels;<\/li>\n<li style=\"text-align: justify;\">Cela ne portera pas atteinte \u00e0 la moral publique dans la mani\u00e8re de son utilisation;<\/li>\n<li style=\"text-align: justify;\">Ne violera aucun droit de propri\u00e9t\u00e9 intellectuelle ou tout autre droit de propri\u00e9t\u00e9;<\/li>\n<li style=\"text-align: justify;\">Vous ne t\u00e9l\u00e9chargerez aucun contenu contenant des virus, des \u00ab\u00a0Chevaux de Troie\u00a0\u00bb ou tout autre programme susceptible de nuire aux donn\u00e9es;<\/li>\n<li style=\"text-align: justify;\">Ne transmettra pas, ne stockera pas, ni ne t\u00e9l\u00e9chargera des liens hypertextes ou des contenus auxquels l&rsquo;utilisateur n&rsquo;a pas le droit, en particulier dans les cas o\u00f9 lesdits liens hypertextes ou contenus constituent une violation de l&rsquo;obligation de confidentialit\u00e9 ou sont ill\u00e9gaux;<\/li>\n<li style=\"text-align: justify;\">Le distributeur ne diffusera pas de publicit\u00e9 ou d&#8217;emails non sollicit\u00e9s, ni de notifications inexactes de virus, de d\u00e9fauts ou de contenu similaire, et l&rsquo;utilisateur ne demandera ni ne sollicitera la participation \u00e0 des tirages au sort, des syst\u00e8mes de type \u00ab\u00a0boule de neige\u00a0\u00bb, des cha\u00eenes de lettres, des jeux de pyramide ou toute autre activit\u00e9 similaire.<\/li>\n<\/ul>\n<p style=\"text-align: justify;\">b) La GNS peut refuser l&rsquo;acc\u00e8s au site \u00e0 tout moment, notamment si l&rsquo;utilisateur viole toute obligation d\u00e9coulant des pr\u00e9sentes Conditions d&rsquo;Utilisation.<\/p>\n<p><strong>7. Hyperliens<\/strong><\/p>\n<p style=\"text-align: justify;\">Le site peut contenir des liens hypertextes vers des pages web tierces. La GNS ne sera pas responsable du contenu des pages web mentionn\u00e9es et ne repr\u00e9sente ni n&rsquo;approuve ces pages ni leur contenu comme les siens, \u00e9tant donn\u00e9 qu&rsquo;elle ne contr\u00f4le pas les informations de ces pages web et n&rsquo;est pas responsable du contenu et des informations pr\u00e9sent\u00e9s. L&rsquo;utilisation desdites pages se fera aux risques exclusifs de l&rsquo;utilisateur.<\/p>\n<p><strong>8. Responsabilit\u00e9 pour les D\u00e9fauts du Titre ou de la Qualit\u00e9<\/strong><\/p>\n<p style=\"text-align: justify;\">a) La responsabilit\u00e9 de GNS pour les d\u00e9fauts en ce qui concerne la qualit\u00e9 et le titre sera d\u00e9termin\u00e9e conform\u00e9ment aux dispositions de la Condition 8 des Conditions d&rsquo;Utilisation. Toute responsabilit\u00e9 suppl\u00e9mentaire de celle-ci sera exclue, sauf si exig\u00e9e par la loi, par exemple en vertu des lois sur la responsabilit\u00e9 du fabricant en cas de faute intentionnelle, de n\u00e9gligence grave, de blessures ou de d\u00e9c\u00e8s, de non-respect des caract\u00e9ristiques garanties, de dissimulation frauduleuse de d\u00e9faut ou en cas de violation des obligations contractuelles fondamentales. L&rsquo;indemnisation des dommages en cas de violation des obligations contractuelles fondamentales est limit\u00e9e aux dommages pr\u00e9visibles typiques du contrat, sans faute intentionnelle ni n\u00e9gligence grave.<\/p>\n<p style=\"text-align: justify;\">b) Les informations du site peuvent contenir des explications ou des descriptions g\u00e9n\u00e9rales li\u00e9es aux probabilit\u00e9s techniques des produits individuels qui peuvent ne pas \u00eatre disponibles dans certains cas. La performance du produit sera mutuellement convenue dans chaque cas au moment de l&rsquo;achat.<\/p>\n<p><strong>9. Responsabilit\u00e9 Suppl\u00e9mentaire et Virus<\/strong><\/p>\n<p style=\"text-align: justify;\">Bien que la GNS fasse tous les efforts pour maintenir le site sans virus, elle ne peut garantir l&rsquo;absence de virus. L&rsquo;utilisateur, pour sa propre protection, doit effectuer les actions n\u00e9cessaires pour garantir les mesures de s\u00e9curit\u00e9 appropri\u00e9es et utiliser un antivirus avant de t\u00e9l\u00e9charger toute information, logiciel et documentation.<\/p>\n<p><strong>10. Contr\u00f4le des Exportations<\/strong><\/p>\n<p style=\"text-align: justify;\">L&rsquo;exportation de certaines informations, logiciels et documentations peut, en raison de leur nature, de leur finalit\u00e9 et de leur destination finale, \u00eatre soumise \u00e0 une licence. L&rsquo;utilisateur doit respecter strictement les r\u00e8glements et les normes concernant le Contr\u00f4le des Exportations pour les informations, les logiciels et la documentation, en particulier ceux de l&rsquo;Union Europ\u00e9enne, de ses \u00e9tats membres individuels et des \u00c9tats-Unis. La GNS classera l&rsquo;information, le logiciel et la documentation conform\u00e9ment aux listes de contr\u00f4le \u00e0 l&rsquo;exportation du Portugal, de l&rsquo;UE et des \u00c9tats-Unis.<\/p>\n<p><strong>11. La Protection de la vie Priv\u00e9e des Donn\u00e9es<\/strong><\/p>\n<p style=\"text-align: justify;\">Pour la collecte, l&rsquo;utilisation et le traitement des donn\u00e9es personnellement identifiables de l&rsquo;utilisateur du site, GNS se conformera \u00e0 toutes les lois applicables sur la protection de la vie priv\u00e9e des donn\u00e9es et \u00e0 la politique de protection de la vie priv\u00e9e des donn\u00e9es du site, disponible par lien hypertexte sur le site, dans la politique de confidentialit\u00e9.<\/p>\n<p><strong>12. Accords Suppl\u00e9mentaires, Juridiction et Loi Applicable<\/strong><\/p>\n<p style=\"text-align: justify;\">a) Tout accord suppl\u00e9mentaire doit \u00eatre r\u00e9duit \u00e0 l&rsquo;\u00e9crit.<\/p>\n<p style=\"text-align: justify;\">b) Pour toute clarification de question, le Tribunal do Foro da Comarca d&rsquo;\u00c1gueda est comp\u00e9tent.<\/p>\n<p style=\"text-align: justify;\">c) Les pages individuelles du site sont exploit\u00e9es et g\u00e9r\u00e9es par la GNS. Les pages sont conformes \u00e0 la loi applicable dans le pays o\u00f9 l&rsquo;entreprise responsable a son si\u00e8ge social. La GNS ne d\u00e9clare pas que les informations, les logiciels et la documentation sur le site sont appropri\u00e9s ou disponibles pour la visualisation ou le t\u00e9l\u00e9chargement dans des endroits en dehors du pays mentionn\u00e9. Si les utilisateurs acc\u00e8dent au site depuis l&rsquo;ext\u00e9rieur dudit pays, ils seront exclusivement responsables du respect de toutes les lois locales applicables. L&rsquo;acc\u00e8s \u00e0 l&rsquo;information, aux logiciels et \u00e0 la documentation dans les pays o\u00f9 ledit contenu est ill\u00e9gitime est interdit. Dans ce cas, et chaque fois que l&rsquo;utilisateur cherche \u00e0 faire des affaires avec GNS, il devra contacter le repr\u00e9sentant de l&rsquo;entreprise pour ce pays sp\u00e9cifique, pour une transaction sp\u00e9cifique concernant ce pays.<\/p>\n<p style=\"text-align: justify;\">d) Ces Conditions d&rsquo;Utilisation seront r\u00e9gies &#8211; ainsi que tous les conflits li\u00e9s ou non aux Conditions d&rsquo;Utilisation ou \u00e0 leur objet seront r\u00e9solus &#8211; par les lois portugaises conform\u00e9ment \u00e0 celles-ci, \u00e0 l&rsquo;exclusion de leurs r\u00e8gles sur les conflits de lois. Excluant l&rsquo;application de la Convention des Nations Unies sur les contrats de vente internationale de marchandises du 11 avril 1980.<\/p>\n\n<div style=\"height:70px\" aria-hidden=\"true\" class=\"wp-block-spacer\"><\/div>\n","protected":false},"excerpt":{"rendered":"<p>LES TERMES D&rsquo;UTILIZATION 1. Termes d&rsquo;utilisation de la GNS a) Toute utilisation du site fourni par GNS &#8211; Georgina Neto [&hellip;]<\/p>\n","protected":false},"author":1,"featured_media":0,"parent":0,"menu_order":11,"comment_status":"closed","ping_status":"closed","template":"","meta":{"site-sidebar-layout":"default","site-content-layout":"","ast-site-content-layout":"default","site-content-style":"default","site-sidebar-style":"default","ast-global-header-display":"","ast-banner-title-visibility":"","ast-main-header-display":"","ast-hfb-above-header-display":"","ast-hfb-below-header-display":"","ast-hfb-mobile-header-display":"","site-post-title":"","ast-breadcrumbs-content":"","ast-featured-img":"","footer-sml-layout":"","ast-disable-related-posts":"","theme-transparent-header-meta":"","adv-header-id-meta":"","stick-header-meta":"","header-above-stick-meta":"","header-main-stick-meta":"","header-below-stick-meta":"","astra-migrate-meta-layouts":"default","ast-page-background-enabled":"default","ast-page-background-meta":{"desktop":{"background-color":"var(--ast-global-color-5)","background-image":"","background-repeat":"repeat","background-position":"center center","background-size":"auto","background-attachment":"scroll","background-type":"","background-media":"","overlay-type":"","overlay-color":"","overlay-opacity":"","overlay-gradient":""},"tablet":{"background-color":"","background-image":"","background-repeat":"repeat","background-position":"center center","background-size":"auto","background-attachment":"scroll","background-type":"","background-media":"","overlay-type":"","overlay-color":"","overlay-opacity":"","overlay-gradient":""},"mobile":{"background-color":"","background-image":"","background-repeat":"repeat","background-position":"center center","background-size":"auto","background-attachment":"scroll","background-type":"","background-media":"","overlay-type":"","overlay-color":"","overlay-opacity":"","overlay-gradient":""}},"ast-content-background-meta":{"desktop":{"background-color":"var(--ast-global-color-4)","background-image":"","background-repeat":"repeat","background-position":"center center","background-size":"auto","background-attachment":"scroll","background-type":"","background-media":"","overlay-type":"","overlay-color":"","overlay-opacity":"","overlay-gradient":""},"tablet":{"background-color":"var(--ast-global-color-4)","background-image":"","background-repeat":"repeat","background-position":"center center","background-size":"auto","background-attachment":"scroll","background-type":"","background-media":"","overlay-type":"","overlay-color":"","overlay-opacity":"","overlay-gradient":""},"mobile":{"background-color":"var(--ast-global-color-4)","background-image":"","background-repeat":"repeat","background-position":"center center","background-size":"auto","background-attachment":"scroll","background-type":"","background-media":"","overlay-type":"","overlay-color":"","overlay-opacity":"","overlay-gradient":""}},"footnotes":""},"class_list":["post-9572","page","type-page","status-publish","hentry"],"_links":{"self":[{"href":"https:\/\/ingns.com\/fr\/wp-json\/wp\/v2\/pages\/9572","targetHints":{"allow":["GET"]}}],"collection":[{"href":"https:\/\/ingns.com\/fr\/wp-json\/wp\/v2\/pages"}],"about":[{"href":"https:\/\/ingns.com\/fr\/wp-json\/wp\/v2\/types\/page"}],"author":[{"embeddable":true,"href":"https:\/\/ingns.com\/fr\/wp-json\/wp\/v2\/users\/1"}],"replies":[{"embeddable":true,"href":"https:\/\/ingns.com\/fr\/wp-json\/wp\/v2\/comments?post=9572"}],"version-history":[{"count":2,"href":"https:\/\/ingns.com\/fr\/wp-json\/wp\/v2\/pages\/9572\/revisions"}],"predecessor-version":[{"id":10152,"href":"https:\/\/ingns.com\/fr\/wp-json\/wp\/v2\/pages\/9572\/revisions\/10152"}],"wp:attachment":[{"href":"https:\/\/ingns.com\/fr\/wp-json\/wp\/v2\/media?parent=9572"}],"curies":[{"name":"wp","href":"https:\/\/api.w.org\/{rel}","templated":true}]}}