{"id":9550,"date":"2023-05-24T08:42:04","date_gmt":"2023-05-24T08:42:04","guid":{"rendered":"https:\/\/ingns.com\/produits\/oscillo-battant\/accessoires-de-loscillo-battant\/"},"modified":"2024-09-06T14:44:33","modified_gmt":"2024-09-06T14:44:33","slug":"accessoires-de-loscillo-battant","status":"publish","type":"page","link":"https:\/\/ingns.com\/fr\/produits\/oscillo-battant\/accessoires-de-loscillo-battant\/","title":{"rendered":"Accessoires de l\u2019Oscillo-battant"},"content":{"rendered":"\n<div style=\"height:50px\" aria-hidden=\"true\" class=\"wp-block-spacer\"><\/div>\n\n<h2 class=\"wp-block-heading has-neve-link-color-color has-text-color\">ACCESSOIRES DE L&rsquo;OSCILLO-BATTANT<\/h2>\n\n<p class=\"has-link-color wp-elements-80cf5855a2d1f56aa9047511b8a14a01\"><a href=\"https:\/\/ingns.com\/fr\/produits\/oscillo-battant\/oscillo-battant-normal\/\">ANT\u00c9RIEUR<\/a><\/p>\n\n<div style=\"height:25px\" aria-hidden=\"true\" class=\"wp-block-spacer\"><\/div>\n\n<div class=\"wp-block-columns is-layout-flex wp-container-core-columns-is-layout-28f84493 wp-block-columns-is-layout-flex\">\n<div class=\"wp-block-column is-vertically-aligned-bottom is-layout-flow wp-block-column-is-layout-flow\">\n<figure class=\"wp-block-image aligncenter size-full is-resized\"><a href=\"https:\/\/ingns.com\/produtos\/oscilobatente\/acessorios-do-oscilobatente\/5212-0\/\"><img decoding=\"async\" src=\"http:\/\/ingns.com\/wp-content\/uploads\/2023\/09\/Ref.-5212.png\" alt=\"\" class=\"wp-image-2360\" style=\"width:198px;height:201px\"\/><\/a><\/figure>\n\n\n\n<div style=\"height:15px\" aria-hidden=\"true\" class=\"wp-block-spacer\"><\/div>\n\n\n\n<p class=\"has-text-align-center\">Renvoi d&rsquo;Angle Inf\u00e9rieure 5212<\/p>\n<\/div>\n\n\n\n<div class=\"wp-block-column is-vertically-aligned-bottom is-layout-flow wp-block-column-is-layout-flow\">\n<figure class=\"wp-block-image aligncenter size-full is-resized\"><a href=\"https:\/\/ingns.com\/produtos\/oscilobatente\/acessorios-do-oscilobatente\/5211-0\/\"><img decoding=\"async\" src=\"http:\/\/ingns.com\/wp-content\/uploads\/2023\/09\/Ref.-5211.png\" alt=\"\" class=\"wp-image-2359\" style=\"width:197px;height:200px\"\/><\/a><\/figure>\n\n\n\n<div style=\"height:15px\" aria-hidden=\"true\" class=\"wp-block-spacer\"><\/div>\n\n\n\n<p class=\"has-text-align-center\">Point de Verrouillage R\u00e9glable 5211<\/p>\n\n\n\n<div style=\"height:25px\" aria-hidden=\"true\" class=\"wp-block-spacer\"><\/div>\n<\/div>\n\n\n\n<div class=\"wp-block-column is-vertically-aligned-bottom is-layout-flow wp-block-column-is-layout-flow\">\n<figure class=\"wp-block-image size-full is-resized\"><a href=\"https:\/\/ingns.com\/produtos\/oscilobatente\/acessorios-do-oscilobatente\/5209-0\/\"><img decoding=\"async\" src=\"http:\/\/ingns.com\/wp-content\/uploads\/2023\/09\/Ref.-5209.png\" alt=\"\" class=\"wp-image-2358\" style=\"width:217px;height:65px\"\/><\/a><\/figure>\n\n\n\n<div style=\"height:15px\" aria-hidden=\"true\" class=\"wp-block-spacer\"><\/div>\n\n\n\n<p class=\"has-text-align-center\">Compas Suppl\u00e9mentaire 5209<\/p>\n<\/div>\n\n\n\n<div class=\"wp-block-column is-vertically-aligned-bottom is-layout-flow wp-block-column-is-layout-flow\">\n<figure class=\"wp-block-image aligncenter size-large is-resized\"><a href=\"https:\/\/ingns.com\/produtos\/oscilobatente\/acessorios-do-oscilobatente\/5204-0\/\"><img decoding=\"async\" src=\"http:\/\/ingns.com\/wp-content\/uploads\/2023\/09\/Ref.-5204-686x1024.png\" alt=\"\" class=\"wp-image-2356\" style=\"aspect-ratio:0.6695652173913044;width:154px;height:auto\"\/><\/a><\/figure>\n\n\n\n<div style=\"height:15px\" aria-hidden=\"true\" class=\"wp-block-spacer\"><\/div>\n\n\n\n<p class=\"has-text-align-center\">Paumelle Semi-Fixe 5204<\/p>\n\n\n\n<div style=\"height:25px\" aria-hidden=\"true\" class=\"wp-block-spacer\"><\/div>\n<\/div>\n\n\n\n<div class=\"wp-block-column is-vertically-aligned-bottom is-layout-flow wp-block-column-is-layout-flow\">\n<figure class=\"wp-block-image aligncenter size-large is-resized\"><a href=\"https:\/\/ingns.com\/produtos\/oscilobatente\/acessorios-do-oscilobatente\/7000-0\/\"><img decoding=\"async\" src=\"http:\/\/ingns.com\/wp-content\/uploads\/2023\/09\/Ref.-7000-686x1024.png\" alt=\"\" class=\"wp-image-2363\" style=\"width:155px;height:230px\"\/><\/a><\/figure>\n\n\n\n<div style=\"height:15px\" aria-hidden=\"true\" class=\"wp-block-spacer\"><\/div>\n\n\n\n<p class=\"has-text-align-center\">Verrou Bidirectionnel Semi-Fixe 7000<\/p>\n<\/div>\n<\/div>\n\n<div style=\"height:10px\" aria-hidden=\"true\" class=\"wp-block-spacer\"><\/div>\n\n<div class=\"wp-block-columns is-layout-flex wp-container-core-columns-is-layout-28f84493 wp-block-columns-is-layout-flex\">\n<div class=\"wp-block-column is-vertically-aligned-bottom is-layout-flow wp-block-column-is-layout-flow\">\n<figure class=\"wp-block-image aligncenter size-large is-resized\"><a href=\"https:\/\/ingns.com\/produtos\/oscilobatente\/acessorios-do-oscilobatente\/5206-0\/\"><img decoding=\"async\" src=\"http:\/\/ingns.com\/wp-content\/uploads\/2023\/09\/Ref.-5206-667x1024.png\" alt=\"\" class=\"wp-image-2357\" style=\"width:150px;height:230px\"\/><\/a><\/figure>\n\n\n\n<div style=\"height:15px\" aria-hidden=\"true\" class=\"wp-block-spacer\"><\/div>\n\n\n\n<p class=\"has-text-align-center\">Verrou Semi-Fixe Zamak 5206<\/p>\n<\/div>\n\n\n\n<div class=\"wp-block-column is-vertically-aligned-bottom is-layout-flow wp-block-column-is-layout-flow\">\n<figure class=\"wp-block-image aligncenter size-full is-resized\"><a href=\"https:\/\/ingns.com\/produtos\/oscilobatente\/acessorios-do-oscilobatente\/5250-0\/\"><img decoding=\"async\" src=\"http:\/\/ingns.com\/wp-content\/uploads\/2023\/09\/Ref.-5250.png\" alt=\"\" class=\"wp-image-2362\" style=\"width:196px;height:75px\"\/><\/a><\/figure>\n\n\n\n<div style=\"height:15px\" aria-hidden=\"true\" class=\"wp-block-spacer\"><\/div>\n\n\n\n<p class=\"has-text-align-center\">Microventilation 5250<\/p>\n\n\n\n<div style=\"height:25px\" aria-hidden=\"true\" class=\"wp-block-spacer\"><\/div>\n<\/div>\n\n\n\n<div class=\"wp-block-column is-vertically-aligned-bottom is-layout-flow wp-block-column-is-layout-flow\">\n<figure class=\"wp-block-image aligncenter size-full is-resized\"><a href=\"https:\/\/ingns.com\/produtos\/oscilobatente\/acessorios-do-oscilobatente\/5214-5215\/\"><img decoding=\"async\" src=\"http:\/\/ingns.com\/wp-content\/uploads\/2023\/09\/Ref.-5214-5215.png\" alt=\"\" class=\"wp-image-2361\" style=\"width:192px;height:230px\"\/><\/a><\/figure>\n\n\n\n<div style=\"height:15px\" aria-hidden=\"true\" class=\"wp-block-spacer\"><\/div>\n\n\n\n<p class=\"has-text-align-center\">Points de Fermeture 5214 \/ 5215<\/p>\n<\/div>\n\n\n\n<div class=\"wp-block-column is-vertically-aligned-bottom is-layout-flow wp-block-column-is-layout-flow\"><\/div>\n\n\n\n<div class=\"wp-block-column is-vertically-aligned-bottom is-layout-flow wp-block-column-is-layout-flow\"><\/div>\n<\/div>\n\n<div style=\"height:70px\" aria-hidden=\"true\" class=\"wp-block-spacer\"><\/div>\n","protected":false},"excerpt":{"rendered":"<p>ACCESSOIRES DE L&rsquo;OSCILLO-BATTANT ANT\u00c9RIEUR Renvoi d&rsquo;Angle Inf\u00e9rieure 5212 Point de Verrouillage R\u00e9glable 5211 Compas Suppl\u00e9mentaire 5209 Paumelle Semi-Fixe 5204 Verrou [&hellip;]<\/p>\n","protected":false},"author":1,"featured_media":0,"parent":9540,"menu_order":3,"comment_status":"closed","ping_status":"closed","template":"","meta":{"site-sidebar-layout":"default","site-content-layout":"","ast-site-content-layout":"default","site-content-style":"default","site-sidebar-style":"default","ast-global-header-display":"","ast-banner-title-visibility":"","ast-main-header-display":"","ast-hfb-above-header-display":"","ast-hfb-below-header-display":"","ast-hfb-mobile-header-display":"","site-post-title":"","ast-breadcrumbs-content":"","ast-featured-img":"","footer-sml-layout":"","ast-disable-related-posts":"","theme-transparent-header-meta":"","adv-header-id-meta":"","stick-header-meta":"","header-above-stick-meta":"","header-main-stick-meta":"","header-below-stick-meta":"","astra-migrate-meta-layouts":"default","ast-page-background-enabled":"default","ast-page-background-meta":{"desktop":{"background-color":"var(--ast-global-color-5)","background-image":"","background-repeat":"repeat","background-position":"center center","background-size":"auto","background-attachment":"scroll","background-type":"","background-media":"","overlay-type":"","overlay-color":"","overlay-opacity":"","overlay-gradient":""},"tablet":{"background-color":"","background-image":"","background-repeat":"repeat","background-position":"center center","background-size":"auto","background-attachment":"scroll","background-type":"","background-media":"","overlay-type":"","overlay-color":"","overlay-opacity":"","overlay-gradient":""},"mobile":{"background-color":"","background-image":"","background-repeat":"repeat","background-position":"center center","background-size":"auto","background-attachment":"scroll","background-type":"","background-media":"","overlay-type":"","overlay-color":"","overlay-opacity":"","overlay-gradient":""}},"ast-content-background-meta":{"desktop":{"background-color":"var(--ast-global-color-4)","background-image":"","background-repeat":"repeat","background-position":"center center","background-size":"auto","background-attachment":"scroll","background-type":"","background-media":"","overlay-type":"","overlay-color":"","overlay-opacity":"","overlay-gradient":""},"tablet":{"background-color":"var(--ast-global-color-4)","background-image":"","background-repeat":"repeat","background-position":"center center","background-size":"auto","background-attachment":"scroll","background-type":"","background-media":"","overlay-type":"","overlay-color":"","overlay-opacity":"","overlay-gradient":""},"mobile":{"background-color":"var(--ast-global-color-4)","background-image":"","background-repeat":"repeat","background-position":"center center","background-size":"auto","background-attachment":"scroll","background-type":"","background-media":"","overlay-type":"","overlay-color":"","overlay-opacity":"","overlay-gradient":""}},"footnotes":""},"class_list":["post-9550","page","type-page","status-publish","hentry"],"_links":{"self":[{"href":"https:\/\/ingns.com\/fr\/wp-json\/wp\/v2\/pages\/9550","targetHints":{"allow":["GET"]}}],"collection":[{"href":"https:\/\/ingns.com\/fr\/wp-json\/wp\/v2\/pages"}],"about":[{"href":"https:\/\/ingns.com\/fr\/wp-json\/wp\/v2\/types\/page"}],"author":[{"embeddable":true,"href":"https:\/\/ingns.com\/fr\/wp-json\/wp\/v2\/users\/1"}],"replies":[{"embeddable":true,"href":"https:\/\/ingns.com\/fr\/wp-json\/wp\/v2\/comments?post=9550"}],"version-history":[{"count":5,"href":"https:\/\/ingns.com\/fr\/wp-json\/wp\/v2\/pages\/9550\/revisions"}],"predecessor-version":[{"id":13260,"href":"https:\/\/ingns.com\/fr\/wp-json\/wp\/v2\/pages\/9550\/revisions\/13260"}],"up":[{"embeddable":true,"href":"https:\/\/ingns.com\/fr\/wp-json\/wp\/v2\/pages\/9540"}],"wp:attachment":[{"href":"https:\/\/ingns.com\/fr\/wp-json\/wp\/v2\/media?parent=9550"}],"curies":[{"name":"wp","href":"https:\/\/api.w.org\/{rel}","templated":true}]}}