{"id":9406,"date":"2023-09-18T09:10:14","date_gmt":"2023-09-18T09:10:14","guid":{"rendered":"https:\/\/ingns.com\/produits\/serrures\/monopoint\/serrure-de-ref-5791\/"},"modified":"2024-09-20T08:09:13","modified_gmt":"2024-09-20T08:09:13","slug":"serrure-de-ref-5791","status":"publish","type":"page","link":"https:\/\/ingns.com\/fr\/produits\/serrures\/monopoint\/serrure-de-ref-5791\/","title":{"rendered":"Serrure de R\u00e9f. 5791"},"content":{"rendered":"\n<div style=\"height:50px\" aria-hidden=\"true\" class=\"wp-block-spacer\"><\/div>\n\n<h2 class=\"wp-block-heading has-neve-link-color-color has-text-color\">5791<\/h2>\n\n<p class=\"has-link-color wp-elements-27b7ad4fb3fceeff1e8924811bbcdcde\"><a href=\"https:\/\/ingns.com\/fr\/produits\/serrures\/monopoint\/\">ANT\u00c9RIEUR<\/a><\/p>\n\n<div style=\"height:25px\" aria-hidden=\"true\" class=\"wp-block-spacer\"><\/div>\n\n<div class=\"wp-block-columns is-layout-flex wp-container-core-columns-is-layout-28f84493 wp-block-columns-is-layout-flex\">\n<div class=\"wp-block-column is-layout-flow wp-block-column-is-layout-flow\">\n<figure class=\"wp-block-image aligncenter size-full is-resized\"><img loading=\"lazy\" decoding=\"async\" width=\"548\" height=\"300\" src=\"http:\/\/ingns.com\/wp-content\/uploads\/2023\/10\/Render-Ref.-5791-2.png\" alt=\"\" class=\"wp-image-2589\" style=\"width:456px;height:250px\" srcset=\"https:\/\/ingns.com\/wp-content\/uploads\/2023\/10\/Render-Ref.-5791-2.png 548w, https:\/\/ingns.com\/wp-content\/uploads\/2023\/10\/Render-Ref.-5791-2-300x164.png 300w\" sizes=\"auto, (max-width: 548px) 100vw, 548px\" \/><\/figure>\n<\/div>\n\n\n\n<div class=\"wp-block-column is-layout-flow wp-block-column-is-layout-flow\">\n<h3 class=\"wp-block-heading\">D\u00e9tails<\/h3>\n\n\n\n<p style=\"text-align: justify;\">Serrure \u00e0 mortaiser pour aluminium, t\u00eati\u00e8re plate et g\u00e2che r\u00e9glage en aluminium, cylindre oval rosaces en nylon et bo\u00eeter en zincor.<br>Entr\u00e9e pour cylindre euro.<\/p>\n\n\n\n<figure class=\"wp-block-image size-full is-resized\"><img decoding=\"async\" src=\"https:\/\/ingns.com\/wp-content\/uploads\/2024\/03\/Icones-25.png\" alt=\"\" class=\"wp-image-10268\" style=\"width:auto;height:35px\"\/><\/figure>\n\n\n\n<div style=\"height:35px\" aria-hidden=\"true\" class=\"wp-block-spacer\"><\/div>\n\n\n\n<h3 class=\"wp-block-heading\">T\u00e9l\u00e9charger<\/h3>\n\n\n\n<p class=\"has-link-color wp-elements-f50101f7114b6ecc93b3d9a26a1a88af\"><a href=\"https:\/\/ingns.com\/wp-content\/uploads\/2024\/03\/FT-5790-5791.pdf\" data-type=\"link\" data-id=\"https:\/\/ingns.com\/wp-content\/uploads\/2024\/03\/FT-5790-5791.pdf\" target=\"_blank\" rel=\"noreferrer noopener\">FICHE TECHNIQUE<\/a><\/p>\n<\/div>\n<\/div>\n\n<div style=\"height:70px\" aria-hidden=\"true\" class=\"wp-block-spacer\"><\/div>\n","protected":false},"excerpt":{"rendered":"<p>5791 ANT\u00c9RIEUR D\u00e9tails Serrure \u00e0 mortaiser pour aluminium, t\u00eati\u00e8re plate et g\u00e2che r\u00e9glage en aluminium, cylindre oval rosaces en nylon [&hellip;]<\/p>\n","protected":false},"author":1,"featured_media":0,"parent":9352,"menu_order":26,"comment_status":"closed","ping_status":"closed","template":"","meta":{"site-sidebar-layout":"default","site-content-layout":"","ast-site-content-layout":"default","site-content-style":"default","site-sidebar-style":"default","ast-global-header-display":"","ast-banner-title-visibility":"","ast-main-header-display":"","ast-hfb-above-header-display":"","ast-hfb-below-header-display":"","ast-hfb-mobile-header-display":"","site-post-title":"","ast-breadcrumbs-content":"","ast-featured-img":"","footer-sml-layout":"","ast-disable-related-posts":"","theme-transparent-header-meta":"","adv-header-id-meta":"","stick-header-meta":"","header-above-stick-meta":"","header-main-stick-meta":"","header-below-stick-meta":"","astra-migrate-meta-layouts":"default","ast-page-background-enabled":"default","ast-page-background-meta":{"desktop":{"background-color":"var(--ast-global-color-5)","background-image":"","background-repeat":"repeat","background-position":"center center","background-size":"auto","background-attachment":"scroll","background-type":"","background-media":"","overlay-type":"","overlay-color":"","overlay-opacity":"","overlay-gradient":""},"tablet":{"background-color":"","background-image":"","background-repeat":"repeat","background-position":"center center","background-size":"auto","background-attachment":"scroll","background-type":"","background-media":"","overlay-type":"","overlay-color":"","overlay-opacity":"","overlay-gradient":""},"mobile":{"background-color":"","background-image":"","background-repeat":"repeat","background-position":"center center","background-size":"auto","background-attachment":"scroll","background-type":"","background-media":"","overlay-type":"","overlay-color":"","overlay-opacity":"","overlay-gradient":""}},"ast-content-background-meta":{"desktop":{"background-color":"var(--ast-global-color-4)","background-image":"","background-repeat":"repeat","background-position":"center center","background-size":"auto","background-attachment":"scroll","background-type":"","background-media":"","overlay-type":"","overlay-color":"","overlay-opacity":"","overlay-gradient":""},"tablet":{"background-color":"var(--ast-global-color-4)","background-image":"","background-repeat":"repeat","background-position":"center center","background-size":"auto","background-attachment":"scroll","background-type":"","background-media":"","overlay-type":"","overlay-color":"","overlay-opacity":"","overlay-gradient":""},"mobile":{"background-color":"var(--ast-global-color-4)","background-image":"","background-repeat":"repeat","background-position":"center center","background-size":"auto","background-attachment":"scroll","background-type":"","background-media":"","overlay-type":"","overlay-color":"","overlay-opacity":"","overlay-gradient":""}},"footnotes":""},"class_list":["post-9406","page","type-page","status-publish","hentry"],"_links":{"self":[{"href":"https:\/\/ingns.com\/fr\/wp-json\/wp\/v2\/pages\/9406","targetHints":{"allow":["GET"]}}],"collection":[{"href":"https:\/\/ingns.com\/fr\/wp-json\/wp\/v2\/pages"}],"about":[{"href":"https:\/\/ingns.com\/fr\/wp-json\/wp\/v2\/types\/page"}],"author":[{"embeddable":true,"href":"https:\/\/ingns.com\/fr\/wp-json\/wp\/v2\/users\/1"}],"replies":[{"embeddable":true,"href":"https:\/\/ingns.com\/fr\/wp-json\/wp\/v2\/comments?post=9406"}],"version-history":[{"count":11,"href":"https:\/\/ingns.com\/fr\/wp-json\/wp\/v2\/pages\/9406\/revisions"}],"predecessor-version":[{"id":14051,"href":"https:\/\/ingns.com\/fr\/wp-json\/wp\/v2\/pages\/9406\/revisions\/14051"}],"up":[{"embeddable":true,"href":"https:\/\/ingns.com\/fr\/wp-json\/wp\/v2\/pages\/9352"}],"wp:attachment":[{"href":"https:\/\/ingns.com\/fr\/wp-json\/wp\/v2\/media?parent=9406"}],"curies":[{"name":"wp","href":"https:\/\/api.w.org\/{rel}","templated":true}]}}