{"id":9350,"date":"2023-05-22T10:12:11","date_gmt":"2023-05-22T10:12:11","guid":{"rendered":"https:\/\/ingns.com\/contacts\/"},"modified":"2024-03-05T17:15:10","modified_gmt":"2024-03-05T17:15:10","slug":"contacts","status":"publish","type":"page","link":"https:\/\/ingns.com\/fr\/contacts\/","title":{"rendered":"Contacts"},"content":{"rendered":"\n<div style=\"height:50px\" aria-hidden=\"true\" class=\"wp-block-spacer\"><\/div>\n\n<h2 class=\"wp-block-heading has-neve-link-color-color has-text-color\">CONTACTS<\/h2>\n\n<h3 class=\"wp-block-heading\">Nos interlocuteurs sont \u00e0 votre \u00e9coute.<\/h3>\n\n<p>Vous pouvez nous joindree au standard: <strong>+351 234 644 224 \/ 44<\/strong><br\/>(Appel vers un r\u00e9seau fixe national)<\/p>\n\n<div style=\"height:10px\" aria-hidden=\"true\" class=\"wp-block-spacer\"><\/div>\n\n<p><strong>40.5988320 , -8.4599553<\/strong><\/p>\n\n<iframe src=\"https:\/\/www.google.com\/maps\/embed?pb=!1m18!1m12!1m3!1d3029.4050209040106!2d-8.462624723553038!3d40.59888674453197!2m3!1f0!2f0!3f0!3m2!1i1024!2i768!4f13.1!3m3!1m2!1s0xd230af58fe1cbe3%3A0x3faa24be867b5a9!2sGns-georgina%20Neto%20Dos%20Santos%20Lda!5e0!3m2!1spt-PT!2spt!4v1690360031366!5m2!1spt-PT!2spt\" width=\"600\" height=\"450\" style=\"border:0;\" allowfullscreen=\"\" loading=\"lazy\" referrerpolicy=\"no-referrer-when-downgrade\"><\/iframe>\n\n<div style=\"height:50px\" aria-hidden=\"true\" class=\"wp-block-spacer\"><\/div>\n\n<h2 class=\"wp-block-heading has-neve-link-color-color has-text-color\">CONTACTEZ NOUS<\/h2>\n\n<div style=\"height:25px\" aria-hidden=\"true\" class=\"wp-block-spacer\"><\/div>\n\n<div class=\"wp-block-columns is-layout-flex wp-container-core-columns-is-layout-28f84493 wp-block-columns-is-layout-flex\">\n<div class=\"wp-block-column is-layout-flow wp-block-column-is-layout-flow\">\n<p class=\"wpcf7-contact-form-not-found\"><strong>Erreur\u00a0:<\/strong> Formulaire de contact non trouv\u00e9\u00a0!<\/p>\n<\/div>\n\n\n\n<div class=\"wp-block-column is-layout-flow wp-block-column-is-layout-flow\">\n<p style=\"text-align: justify;\">Les donn\u00e9es personnelles fournies sont destin\u00e9es \u00e0 \u00eatre utilis\u00e9es par GNS &#8211; Georgina Neto dos Santos, Lda., et ne servent qu&rsquo;\u00e0 r\u00e9pondre \u00e0 la demande de contact et \u00e0 de futurs contacts commerciaux avec l&rsquo;entit\u00e9.<br data-rich-text-line-break=\"true\">GNS &#8211; Georgina Neto dos Santos, Lda., suppose que les donn\u00e9es fournies ont \u00e9t\u00e9 saisies par le(s) titulaire(s) respectif(s) ou que leur collecte a \u00e9t\u00e9 autoris\u00e9e par eux. Les donn\u00e9es fournies sont soumises \u00e0 la confidentialit\u00e9, \u00e9tant garanti au titulaire le droit d&rsquo;acc\u00e8s, de recification, de suppression ou d&rsquo;opposition de la m\u00eame selon la loi, au moyen d&rsquo;une demande \u00e9crite pour l&#8217;email <strong>gns@ingns.com<\/strong>.<\/p>\n<\/div>\n<\/div>\n\n<div style=\"height:70px\" aria-hidden=\"true\" class=\"wp-block-spacer\"><\/div>\n","protected":false},"excerpt":{"rendered":"<p>CONTACTS Nos interlocuteurs sont \u00e0 votre \u00e9coute. Vous pouvez nous joindree au standard: +351 234 644 224 \/ 44(Appel vers [&hellip;]<\/p>\n","protected":false},"author":1,"featured_media":0,"parent":0,"menu_order":8,"comment_status":"closed","ping_status":"closed","template":"","meta":{"site-sidebar-layout":"default","site-content-layout":"","ast-site-content-layout":"default","site-content-style":"default","site-sidebar-style":"default","ast-global-header-display":"","ast-banner-title-visibility":"","ast-main-header-display":"","ast-hfb-above-header-display":"","ast-hfb-below-header-display":"","ast-hfb-mobile-header-display":"","site-post-title":"","ast-breadcrumbs-content":"","ast-featured-img":"","footer-sml-layout":"","ast-disable-related-posts":"","theme-transparent-header-meta":"","adv-header-id-meta":"","stick-header-meta":"","header-above-stick-meta":"","header-main-stick-meta":"","header-below-stick-meta":"","astra-migrate-meta-layouts":"default","ast-page-background-enabled":"default","ast-page-background-meta":{"desktop":{"background-color":"var(--ast-global-color-5)","background-image":"","background-repeat":"repeat","background-position":"center center","background-size":"auto","background-attachment":"scroll","background-type":"","background-media":"","overlay-type":"","overlay-color":"","overlay-opacity":"","overlay-gradient":""},"tablet":{"background-color":"","background-image":"","background-repeat":"repeat","background-position":"center center","background-size":"auto","background-attachment":"scroll","background-type":"","background-media":"","overlay-type":"","overlay-color":"","overlay-opacity":"","overlay-gradient":""},"mobile":{"background-color":"","background-image":"","background-repeat":"repeat","background-position":"center center","background-size":"auto","background-attachment":"scroll","background-type":"","background-media":"","overlay-type":"","overlay-color":"","overlay-opacity":"","overlay-gradient":""}},"ast-content-background-meta":{"desktop":{"background-color":"var(--ast-global-color-4)","background-image":"","background-repeat":"repeat","background-position":"center center","background-size":"auto","background-attachment":"scroll","background-type":"","background-media":"","overlay-type":"","overlay-color":"","overlay-opacity":"","overlay-gradient":""},"tablet":{"background-color":"var(--ast-global-color-4)","background-image":"","background-repeat":"repeat","background-position":"center center","background-size":"auto","background-attachment":"scroll","background-type":"","background-media":"","overlay-type":"","overlay-color":"","overlay-opacity":"","overlay-gradient":""},"mobile":{"background-color":"var(--ast-global-color-4)","background-image":"","background-repeat":"repeat","background-position":"center center","background-size":"auto","background-attachment":"scroll","background-type":"","background-media":"","overlay-type":"","overlay-color":"","overlay-opacity":"","overlay-gradient":""}},"footnotes":""},"class_list":["post-9350","page","type-page","status-publish","hentry"],"_links":{"self":[{"href":"https:\/\/ingns.com\/fr\/wp-json\/wp\/v2\/pages\/9350","targetHints":{"allow":["GET"]}}],"collection":[{"href":"https:\/\/ingns.com\/fr\/wp-json\/wp\/v2\/pages"}],"about":[{"href":"https:\/\/ingns.com\/fr\/wp-json\/wp\/v2\/types\/page"}],"author":[{"embeddable":true,"href":"https:\/\/ingns.com\/fr\/wp-json\/wp\/v2\/users\/1"}],"replies":[{"embeddable":true,"href":"https:\/\/ingns.com\/fr\/wp-json\/wp\/v2\/comments?post=9350"}],"version-history":[{"count":2,"href":"https:\/\/ingns.com\/fr\/wp-json\/wp\/v2\/pages\/9350\/revisions"}],"predecessor-version":[{"id":10149,"href":"https:\/\/ingns.com\/fr\/wp-json\/wp\/v2\/pages\/9350\/revisions\/10149"}],"wp:attachment":[{"href":"https:\/\/ingns.com\/fr\/wp-json\/wp\/v2\/media?parent=9350"}],"curies":[{"name":"wp","href":"https:\/\/api.w.org\/{rel}","templated":true}]}}