{"id":9346,"date":"2023-05-22T10:12:11","date_gmt":"2023-05-22T10:12:11","guid":{"rendered":"https:\/\/ingns.com\/corporate\/"},"modified":"2024-09-09T13:38:26","modified_gmt":"2024-09-09T13:38:26","slug":"corporate","status":"publish","type":"page","link":"https:\/\/ingns.com\/fr\/corporate\/","title":{"rendered":"Corporate"},"content":{"rendered":"\n<div style=\"height:50px\" aria-hidden=\"true\" class=\"wp-block-spacer\"><\/div>\n\n<h2 class=\"wp-block-heading has-neve-link-color-color has-text-color\">CORPORATE<\/h2>\n<h3>Un Cap, des Dates, une Trajetoire<\/h3>\n<p style=\"text-align: justify;\">Le Groupe Sotralu a ses origines dans Sotralu, leader europ\u00e9en dans la conception et la fabrication d&rsquo;accessoires pour portes, fen\u00eatres et s\u00e9ries coulissantes en aluminium. Fond\u00e9e en 1978 \u00e0 Toulouse, \u00e0 quelques pas des usines o\u00f9 le Concorde et l&rsquo;Airbus ont \u00e9t\u00e9 con\u00e7us et assembl\u00e9s, Sotralu a rapidement construit une r\u00e9putation de fiabilit\u00e9 et de normes strictes gr\u00e2ce \u00e0 la qualit\u00e9 de ses produits. En 2007, Thierry Sainte-Claire Deville a pris la direction de l&rsquo;entreprise. Ancien officier de la flotte de sous-marins nucl\u00e9aires de la Marine Fran\u00e7aise, il est devenu CEO d&rsquo;une des premi\u00e8res agences de marketing digital en France. L&rsquo;entreprise a rapidement adopt\u00e9 une nouvelle perspective de croissance, en mettant fortement l&rsquo;accent sur les march\u00e9s internationaux. En \u00e9largissant ses march\u00e9s aux principaux pays europ\u00e9ens, puis \u00e0 la Chine, \u00e0 l&rsquo;Inde et au Moyen-Orient. Sotralu a construit un leadership largement reconnu dans son domaine. Ce leadership est constamment renforc\u00e9 gr\u00e2ce \u00e0 une strat\u00e9gie de croissance externe qui offre au secteur de la construction une offre int\u00e9gr\u00e9e de produits de plus en plus compl\u00e8te. Les premiers contours du Groupe Sotralu apparaissent en 2012, avec l&rsquo;acquisition du fabricant italien Erreti, cong\u00e9n\u00e8re de Sotralu, qui fabrique des ferrures pour fen\u00eatres oscillo-battantes, fen\u00eatres \u00e0 battant, etc.  La cr\u00e9ation du Groupe Sotralu a \u00e9t\u00e9 formalis\u00e9e en 2018 avec l&rsquo;acquisition du groupe portugais GNS, connu plus sp\u00e9cifiquement pour son expertise dans les serrures de portes. Cette strat\u00e9gie de croissance externe pond\u00e9r\u00e9e et contr\u00f4l\u00e9e am\u00e8ne le groupe \u00e0 \u00e9tudier et \u00e0 suivre plusieurs autres opportunit\u00e9s.<\/p>\n\n<figure class=\"wp-block-image aligncenter size-full\"><img loading=\"lazy\" decoding=\"async\" width=\"1499\" height=\"275\" src=\"https:\/\/ingns.com\/wp-content\/uploads\/2023\/12\/PT-Friso-do-Grupo-Sotralu.jpg\" alt=\"\" class=\"wp-image-6522\" srcset=\"https:\/\/ingns.com\/wp-content\/uploads\/2023\/12\/PT-Friso-do-Grupo-Sotralu.jpg 1499w, https:\/\/ingns.com\/wp-content\/uploads\/2023\/12\/PT-Friso-do-Grupo-Sotralu-300x55.jpg 300w, https:\/\/ingns.com\/wp-content\/uploads\/2023\/12\/PT-Friso-do-Grupo-Sotralu-1024x188.jpg 1024w, https:\/\/ingns.com\/wp-content\/uploads\/2023\/12\/PT-Friso-do-Grupo-Sotralu-150x28.jpg 150w, https:\/\/ingns.com\/wp-content\/uploads\/2023\/12\/PT-Friso-do-Grupo-Sotralu-768x141.jpg 768w, https:\/\/ingns.com\/wp-content\/uploads\/2023\/12\/PT-Friso-do-Grupo-Sotralu-18x3.jpg 18w\" sizes=\"auto, (max-width: 1499px) 100vw, 1499px\" \/><\/figure>\n\n<div style=\"height:25px\" aria-hidden=\"true\" class=\"wp-block-spacer\"><\/div>\n<p style=\"text-align: justify;\"><strong>Le Groupe Sotralu est l&rsquo;un des leaders dans les accessoires pour syst\u00e8mes en aluminium.<br \/><\/strong><\/p>\n<p style=\"text-align: justify;\">Les poign\u00e9es, les charni\u00e8res, les rouleaux, les serrures et les m\u00e9canismes du Groupe Sotralu mettent l&rsquo;aluminium en mouvement pour offrir aux fabricants et \u00e0 leurs utilisateurs une libert\u00e9 maximale. En tant que partenaire important des principales entreprises du secteur des syst\u00e8mes industriels et des fabricants de fen\u00eatres et de portes, le Groupe Sotralu con\u00e7oit, planifie et fabrique la plus grande vari\u00e9t\u00e9 d&rsquo;accessoires produits exclusivement en europe.<\/p>\n<p style=\"text-align: justify;\">Gr\u00e2ce \u00e0 cela et au concept de \u00ab\u00a0un design pour toutes les ouvertures\u00a0\u00bb, le Groupe Sotralu offre une r\u00e9elle logique d&rsquo;un point unique pour les accessoires de portes, de fen\u00eatres et de s\u00e9ries coulissantes en aluminium. Peu importe que les accessoires soient oscillo-battants ou \u00e0 galandage, les accessoires du Groupe Sotralu subliment la qualit\u00e9 per\u00e7ue et augmentent l&rsquo;appr\u00e9ciation, la fiabilit\u00e9 et les performances.<\/p>\n\n<div style=\"height:25px\" aria-hidden=\"true\" class=\"wp-block-spacer\"><\/div>\n<h3>Qualit\u00e9 et Innovation du \u00ab\u00a0made in Europe\u00a0\u00bb<\/h3>\n<p><strong>Le Groupe Sotralu, une entreprise 100% europ\u00e9enne<\/strong>, regroupe quatre entreprises renomm\u00e9es, chacune avec plus de 30 ans d&rsquo;exp\u00e9rience : Dr Accessories, Erreti, GNS et Sotralu.<\/p>\n<p style=\"text-align: justify;\">Groupe Sotralu r\u00e9alise 50% de son chiffre d&rsquo;affaires \u00e0 l&rsquo;export. Convaincus que l&rsquo;industrie europ\u00e9enne a un avenir \u00e9conomique et un r\u00f4le \u00e0 jouer dans las comp\u00e9tition mondiale, nous avons mis en place une v\u00e9ritable strat\u00e9gie industrielle, logistique et comerciale \u00e0 l&rsquo;\u00e9chelle de l&rsquo;Europe du Sud. \u00c0 l&rsquo;heure o\u00f9 les d\u00e9localisations dans les pays low cost ou best cost demeurent une r\u00e9alit\u00e9, Groupe Sotralu a choisi de produire en europe pour vendre dans le monde entier. Ce choix exigeant suppose, pour \u00eatre gagnant, une innovation constante afin d&rsquo;apporter \u00e0 chaque produit une r\u00e9elle valuer ajout\u00e9e concurrentielle. Le Groupe Sotralu, nous permettons ainsi aux professionnels et aux particuliers du monde entier d&rsquo;aller au bout de la qu\u00eate de qualit\u00e9 qui les a conduits \u00e0 choisir l&rsquo;aluminium pour leurs menuiseries.<\/p>\n<p style=\"text-align: justify;\">Le Groupe Sotralu optimise et simplifie les t\u00e2ches d&rsquo;installation, de personnalisation, d&rsquo;utilisation (s\u00e9curit\u00e9, confort, facilit\u00e9 de d\u00e9placement, durabilit\u00e9, etc.) et de maintenance. Gr\u00e2ce \u00e0 la gamme la plus compl\u00e8te du march\u00e9 et \u00e0 sa culture de service personnalis\u00e9, le Groupe Sotralu a les r\u00e9ponses aux besoins de son march\u00e9.<\/p>\n\n<div style=\"height:25px\" aria-hidden=\"true\" class=\"wp-block-spacer\"><\/div>\n<h3>Mettre Nos Convictions au Service de Nos Clients<\/h3>\n<p style=\"text-align: justify;\">Notre project est fond\u00e9 sur la culture du collectif, le portage des comp\u00e9tences entre nos trois marques et la conviction que l&rsquo;europe et nos pays ont leur place dans la comp\u00e9tition industrielle mondiale. Mieux, qu&rsquo;elles peuvent y gagner gr\u00e2ce \u00e0 une parfaite r\u00e9partition des r\u00f4les entre elles. Au-del\u00e0 de l&rsquo;excellence technique, cela n\u00e9cessite une adh\u00e9sion constante \u00e0 nos valeurs et engagements: envers nos clients et les march\u00e9s, cela va sans dire, mais aussi envers les collaborateurs, nos partenaires, et \u00e0 une \u00e9chelle plus large, envers notre soci\u00e9t\u00e9 et notre environnement.<\/p>\n<p style=\"text-align: justify;\">Pour le Groupe Sotralu, l&rsquo;excellence technique doit servir l&rsquo;humanit\u00e9. L&rsquo;excellence technique doit \u00eatre mise au service de l&rsquo;humain. Elle n&rsquo;a donc de sens et de valeur que si elle est respecteuse des principes \u00e9thiques, li\u00e9s \u00e0 la dignit\u00e9 humaine et aux conditions de travail, et soucieuse de la pr\u00e9servation de notre plan\u00e8te.<\/p>\n<p style=\"text-align: justify;\">Inclure les personnes handicap\u00e9es sur le lieu de travail, aider les ch\u00f4meurs de longue dur\u00e9e \u00e0 retourner au travail, s&rsquo;assurer que nos fournisseurs respectent les m\u00eames valeurs &#8211; qualit\u00e9 \u00e9quitable et durable est quelque chose qui ne peut \u00eatre construit que jour apr\u00e8s jour, dans tous les aspects de ce que nous faisons.<\/p>\n\n<div style=\"height:25px\" aria-hidden=\"true\" class=\"wp-block-spacer\"><\/div>\n<h3>Produits Pionniers<\/h3>\n<p style=\"text-align: justify;\"><strong>En consacrant 7% de son chiffre d&rsquo;affaires annuel \u00e0 la RD<\/strong>, le Groupe Sotralu se positionne \u00e0 l&rsquo;avant-garde de l&rsquo;innovation, proposant des solutions qui transforment souvent le march\u00e9. Plus de 30 brevets ont \u00e9t\u00e9 enregistr\u00e9s \u00e0 ce jour, principalement concernant les produits suivants. En tant que pionnier, le groupe a invent\u00e9 le concept \u00ab\u00a0un design pour toutes les ouvertures\u00a0\u00bb, qui offre pour la premi\u00e8re fois une coh\u00e9rence esth\u00e9tique parfaite entre les poign\u00e9es install\u00e9es sur les diff\u00e9rents types d&rsquo;ouvertures (portes, fen\u00eatres et s\u00e9ries coulissantes) au sein d&rsquo;un environnement.<\/p>\n\n<div style=\"height:50px\" aria-hidden=\"true\" class=\"wp-block-spacer\"><\/div>\n\n<div class=\"wp-block-columns is-layout-flex wp-container-core-columns-is-layout-28f84493 wp-block-columns-is-layout-flex\">\n<div class=\"wp-block-column is-layout-flow wp-block-column-is-layout-flow\" style=\"flex-basis:33.33%\">\n<figure class=\"wp-block-image aligncenter size-full is-resized\"><img loading=\"lazy\" decoding=\"async\" width=\"670\" height=\"903\" src=\"https:\/\/ingns.com\/wp-content\/uploads\/2023\/12\/RASATA.jpg\" alt=\"\" class=\"wp-image-6462\" style=\"width:300px;height:auto\" srcset=\"https:\/\/ingns.com\/wp-content\/uploads\/2023\/12\/RASATA.jpg 670w, https:\/\/ingns.com\/wp-content\/uploads\/2023\/12\/RASATA-223x300.jpg 223w, https:\/\/ingns.com\/wp-content\/uploads\/2023\/12\/RASATA-111x150.jpg 111w, https:\/\/ingns.com\/wp-content\/uploads\/2023\/12\/RASATA-9x12.jpg 9w, https:\/\/ingns.com\/wp-content\/uploads\/2023\/12\/RASATA-15x20.jpg 15w\" sizes=\"auto, (max-width: 670px) 100vw, 670px\" \/><\/figure>\n<\/div>\n\n\n\n<div class=\"wp-block-column is-layout-flow wp-block-column-is-layout-flow\" style=\"flex-basis:66.66%\">\n<h3>RASATA<br>Tirette Innovante et Minimaliste<\/h3>\n<ul>\n<li style=\"text-align: justify;\">Design minimaliste sans base;<\/li>\n<li style=\"text-align: justify;\">Montage rapide et facile: fixation sur le profil sans vis;<\/li>\n<li style=\"text-align: justify;\">Possibilit\u00e9 d&rsquo;installation sur place;<\/li>\n<li style=\"text-align: justify;\">Compatible avec tous les m\u00e9canismes d&rsquo;axe de 7mm;<\/li>\n<li style=\"text-align: justify;\">Compatible avec tous les canaux (canal europ\u00e9en, canal de 16 mm, etc).<\/li>\n<\/ul>\n<\/div>\n<\/div>\n\n<div style=\"height:50px\" aria-hidden=\"true\" class=\"wp-block-spacer\"><\/div>\n\n<div class=\"wp-block-columns is-layout-flex wp-container-core-columns-is-layout-28f84493 wp-block-columns-is-layout-flex\">\n<div class=\"wp-block-column is-layout-flow wp-block-column-is-layout-flow\" style=\"flex-basis:33.33%\">\n<figure class=\"wp-block-image aligncenter size-full is-resized\"><img loading=\"lazy\" decoding=\"async\" width=\"670\" height=\"903\" src=\"https:\/\/ingns.com\/wp-content\/uploads\/2023\/12\/NOVEM.jpg\" alt=\"\" class=\"wp-image-6461\" style=\"width:300px;height:auto\" srcset=\"https:\/\/ingns.com\/wp-content\/uploads\/2023\/12\/NOVEM.jpg 670w, https:\/\/ingns.com\/wp-content\/uploads\/2023\/12\/NOVEM-223x300.jpg 223w, https:\/\/ingns.com\/wp-content\/uploads\/2023\/12\/NOVEM-111x150.jpg 111w, https:\/\/ingns.com\/wp-content\/uploads\/2023\/12\/NOVEM-9x12.jpg 9w, https:\/\/ingns.com\/wp-content\/uploads\/2023\/12\/NOVEM-15x20.jpg 15w\" sizes=\"auto, (max-width: 670px) 100vw, 670px\" \/><\/figure>\n<\/div>\n\n\n\n<div class=\"wp-block-column is-layout-flow wp-block-column-is-layout-flow\" style=\"flex-basis:66.66%\">\n<h3>NOVEM<br>Poign\u00e9e avec le Mouvement Intuitif<\/h3>\n<ul>\n<li style=\"text-align: justify;\">D\u00e9verrouillage et verrouillage dans un mouvement fluide et naturel;<\/li>\n<li style=\"text-align: justify;\">Fruit de la collaboration entre les bureaux de design de Sotralu et d&rsquo;Erreti;<\/li>\n<li style=\"text-align: justify;\">M\u00e9canisme sp\u00e9cifique pour 19 degr\u00e9s qui actionne les dispositifs de verrouillage de 7mm carr\u00e9s;<\/li>\n<li style=\"text-align: justify;\">Disponible dans les gammes Chronos, Versus et Flexis;<\/li>\n<li style=\"text-align: justify;\">Usage interne et externe pour Chronos et Flexis;<\/li>\n<li style=\"text-align: justify;\">Usage interne uniquement pour Versus.<\/li>\n<\/ul>\n<\/div>\n<\/div>\n\n<div style=\"height:50px\" aria-hidden=\"true\" class=\"wp-block-spacer\"><\/div>\n\n<div class=\"wp-block-columns is-layout-flex wp-container-core-columns-is-layout-28f84493 wp-block-columns-is-layout-flex\">\n<div class=\"wp-block-column is-layout-flow wp-block-column-is-layout-flow\" style=\"flex-basis:33.33%\">\n<figure class=\"wp-block-image aligncenter size-full is-resized\"><img loading=\"lazy\" decoding=\"async\" width=\"670\" height=\"903\" src=\"https:\/\/ingns.com\/wp-content\/uploads\/2023\/12\/RINOVA.jpg\" alt=\"\" class=\"wp-image-6463\" style=\"width:300px;height:auto\" srcset=\"https:\/\/ingns.com\/wp-content\/uploads\/2023\/12\/RINOVA.jpg 670w, https:\/\/ingns.com\/wp-content\/uploads\/2023\/12\/RINOVA-223x300.jpg 223w, https:\/\/ingns.com\/wp-content\/uploads\/2023\/12\/RINOVA-111x150.jpg 111w, https:\/\/ingns.com\/wp-content\/uploads\/2023\/12\/RINOVA-9x12.jpg 9w, https:\/\/ingns.com\/wp-content\/uploads\/2023\/12\/RINOVA-15x20.jpg 15w\" sizes=\"auto, (max-width: 670px) 100vw, 670px\" \/><\/figure>\n<\/div>\n\n\n\n<div class=\"wp-block-column is-layout-flow wp-block-column-is-layout-flow\" style=\"flex-basis:66.66%\">\n<h3>RINOVA<br>La Solution Innovante d&rsquo;Oscillo-battant<\/h3>\n<ul>\n<li style=\"text-align: justify;\">2 capacit\u00e9s de poids: 120kg et 160kg;<\/li>\n<li style=\"text-align: justify;\">Paumelles visibles et invisibles;<\/li>\n<li style=\"text-align: justify;\">Grandes tailles: Min 425 \u00e0 Max 1700mm &#8211; Min 605 \u00e0 Max 2800mm;<\/li>\n<li style=\"text-align: justify;\">Ajustements tridimensionnels;<\/li>\n<li style=\"text-align: justify;\">Rapide et facile \u00e0 installer;<\/li>\n<li style=\"text-align: justify;\">Syst\u00e8me de ventilation brevet\u00e9;<\/li>\n<li style=\"text-align: justify;\">Esth\u00e9tique: sym\u00e9trie des charni\u00e8res; anodisation toujours disponible;<\/li>\n<li style=\"text-align: justify;\">M\u00eame dimension de tige pour cremone ou m\u00e9canisme interne: unique sur le march\u00e9.<\/li>\n<\/ul>\n<\/div>\n<\/div>\n\n<div style=\"height:25px\" aria-hidden=\"true\" class=\"wp-block-spacer\"><\/div>\n<h3>La Plus Large Gamme d&rsquo;Accessoires pour Syst\u00e8mes en Aluminium Fabriqu\u00e9e en Europe<\/h3>\n<p style=\"text-align: justify;\"><strong>Le Groupe Sotralu est l&rsquo;un des leaders europ\u00e9ens en accessoires pour syst\u00e8mes en aluminium<\/strong>.<br \/>Portes, fen\u00eatres ou s\u00e9ries coulissantes, nous d\u00e9veloppons une gamme unique d&rsquo;accessoires avec un design unifi\u00e9 qui r\u00e9pond aux besoins des principales industries et entreprises de syst\u00e8mes \u00e0 travers le monde, les aidant \u00e0 am\u00e9liorer la performance de leurs produits.<\/p>\n\n<div style=\"height:70px\" aria-hidden=\"true\" class=\"wp-block-spacer\"><\/div>\n","protected":false},"excerpt":{"rendered":"<p>CORPORATE Un Cap, des Dates, une Trajetoire Le Groupe Sotralu a ses origines dans Sotralu, leader europ\u00e9en dans la conception [&hellip;]<\/p>\n","protected":false},"author":1,"featured_media":0,"parent":0,"menu_order":2,"comment_status":"closed","ping_status":"closed","template":"","meta":{"site-sidebar-layout":"default","site-content-layout":"","ast-site-content-layout":"default","site-content-style":"default","site-sidebar-style":"default","ast-global-header-display":"","ast-banner-title-visibility":"","ast-main-header-display":"","ast-hfb-above-header-display":"","ast-hfb-below-header-display":"","ast-hfb-mobile-header-display":"","site-post-title":"","ast-breadcrumbs-content":"","ast-featured-img":"","footer-sml-layout":"","ast-disable-related-posts":"","theme-transparent-header-meta":"","adv-header-id-meta":"","stick-header-meta":"","header-above-stick-meta":"","header-main-stick-meta":"","header-below-stick-meta":"","astra-migrate-meta-layouts":"default","ast-page-background-enabled":"default","ast-page-background-meta":{"desktop":{"background-color":"var(--ast-global-color-5)","background-image":"","background-repeat":"repeat","background-position":"center center","background-size":"auto","background-attachment":"scroll","background-type":"","background-media":"","overlay-type":"","overlay-color":"","overlay-opacity":"","overlay-gradient":""},"tablet":{"background-color":"","background-image":"","background-repeat":"repeat","background-position":"center center","background-size":"auto","background-attachment":"scroll","background-type":"","background-media":"","overlay-type":"","overlay-color":"","overlay-opacity":"","overlay-gradient":""},"mobile":{"background-color":"","background-image":"","background-repeat":"repeat","background-position":"center center","background-size":"auto","background-attachment":"scroll","background-type":"","background-media":"","overlay-type":"","overlay-color":"","overlay-opacity":"","overlay-gradient":""}},"ast-content-background-meta":{"desktop":{"background-color":"var(--ast-global-color-4)","background-image":"","background-repeat":"repeat","background-position":"center center","background-size":"auto","background-attachment":"scroll","background-type":"","background-media":"","overlay-type":"","overlay-color":"","overlay-opacity":"","overlay-gradient":""},"tablet":{"background-color":"var(--ast-global-color-4)","background-image":"","background-repeat":"repeat","background-position":"center center","background-size":"auto","background-attachment":"scroll","background-type":"","background-media":"","overlay-type":"","overlay-color":"","overlay-opacity":"","overlay-gradient":""},"mobile":{"background-color":"var(--ast-global-color-4)","background-image":"","background-repeat":"repeat","background-position":"center center","background-size":"auto","background-attachment":"scroll","background-type":"","background-media":"","overlay-type":"","overlay-color":"","overlay-opacity":"","overlay-gradient":""}},"footnotes":""},"class_list":["post-9346","page","type-page","status-publish","hentry"],"_links":{"self":[{"href":"https:\/\/ingns.com\/fr\/wp-json\/wp\/v2\/pages\/9346","targetHints":{"allow":["GET"]}}],"collection":[{"href":"https:\/\/ingns.com\/fr\/wp-json\/wp\/v2\/pages"}],"about":[{"href":"https:\/\/ingns.com\/fr\/wp-json\/wp\/v2\/types\/page"}],"author":[{"embeddable":true,"href":"https:\/\/ingns.com\/fr\/wp-json\/wp\/v2\/users\/1"}],"replies":[{"embeddable":true,"href":"https:\/\/ingns.com\/fr\/wp-json\/wp\/v2\/comments?post=9346"}],"version-history":[{"count":6,"href":"https:\/\/ingns.com\/fr\/wp-json\/wp\/v2\/pages\/9346\/revisions"}],"predecessor-version":[{"id":13344,"href":"https:\/\/ingns.com\/fr\/wp-json\/wp\/v2\/pages\/9346\/revisions\/13344"}],"wp:attachment":[{"href":"https:\/\/ingns.com\/fr\/wp-json\/wp\/v2\/media?parent=9346"}],"curies":[{"name":"wp","href":"https:\/\/api.w.org\/{rel}","templated":true}]}}