{"id":9308,"date":"2023-05-22T10:12:11","date_gmt":"2023-05-22T10:12:11","guid":{"rendered":"https:\/\/ingns.com\/a-propos\/"},"modified":"2024-09-06T11:27:46","modified_gmt":"2024-09-06T11:27:46","slug":"a-propos","status":"publish","type":"page","link":"https:\/\/ingns.com\/fr\/a-propos\/","title":{"rendered":"\u00c0 Propos"},"content":{"rendered":"\n<div style=\"height:50px\" aria-hidden=\"true\" class=\"wp-block-spacer\"><\/div>\n\n<h2 class=\"wp-block-heading has-neve-link-color-color has-text-color\">\u00c0 PROPOS<\/h2>\n\n<div style=\"height:25px\" aria-hidden=\"true\" class=\"wp-block-spacer\"><\/div>\n\n<figure class=\"wp-block-image aligncenter size-large is-resized\"><img loading=\"lazy\" decoding=\"async\" width=\"1024\" height=\"538\" src=\"https:\/\/ingns.com\/wp-content\/uploads\/2023\/05\/DJI_0006-1024x538.jpg\" alt=\"\" class=\"wp-image-181\" style=\"width:704px;height:auto\" srcset=\"https:\/\/ingns.com\/wp-content\/uploads\/2023\/05\/DJI_0006-1024x538.jpg 1024w, https:\/\/ingns.com\/wp-content\/uploads\/2023\/05\/DJI_0006-300x158.jpg 300w, https:\/\/ingns.com\/wp-content\/uploads\/2023\/05\/DJI_0006-150x79.jpg 150w, https:\/\/ingns.com\/wp-content\/uploads\/2023\/05\/DJI_0006-768x403.jpg 768w, https:\/\/ingns.com\/wp-content\/uploads\/2023\/05\/DJI_0006-1536x806.jpg 1536w, https:\/\/ingns.com\/wp-content\/uploads\/2023\/05\/DJI_0006-18x9.jpg 18w, https:\/\/ingns.com\/wp-content\/uploads\/2023\/05\/DJI_0006-20x11.jpg 20w, https:\/\/ingns.com\/wp-content\/uploads\/2023\/05\/DJI_0006.jpg 2000w\" sizes=\"auto, (max-width: 1024px) 100vw, 1024px\" \/><\/figure>\n\n<div style=\"height:50px\" aria-hidden=\"true\" class=\"wp-block-spacer\"><\/div>\n\n<div class=\"wp-block-columns is-layout-flex wp-container-core-columns-is-layout-28f84493 wp-block-columns-is-layout-flex\">\n<div class=\"wp-block-column is-vertically-aligned-center is-layout-flow wp-block-column-is-layout-flow\">\n<h3>ALUMINIUM IT&rsquo;S OUR DNA<\/h3>\n<p style=\"text-align: justify;\">GNS est un groupe d&rsquo;entreprises industrielles avec plus de 50 ans d&rsquo;exp\u00e9rience, sp\u00e9cialis\u00e9es dans le d\u00e9veloppement de produits et de solutions pour l&rsquo;industrie des accessoires en aluminium.<\/p>\n<p style=\"text-align: justify;\">Nous offrons des solutions innovantes adapt\u00e9es aux besoins des clients \u00e0 travers le monde. Tous les salari\u00e9s de GNS parlagent l&rsquo;enthousiasme pour en projet commun de la croissance et de l&rsquo;am\u00e9lioration continue, de sorte que nous disent que <strong>L&rsquo;aluminium est dans notre ADN<\/strong>.<\/p>\n<p style=\"text-align: justify;\">Nous engageons \u00e0 contribuer au d\u00e9veloppement futur de notre communaut\u00e9, de l&rsquo;industrie et le \u00ab\u00a0made in Portugal\u00a0\u00bb, qui a toujours repr\u00e9sent\u00e9 un produit de qualit\u00e9 dans le monde entier, et qui a toujours \u00e9t\u00e9 un drapeau que les entreprises de notre groupe port\u00e9 avec fiert\u00e9 sur toute cette p\u00e9riode.<\/p>\n<\/div>\n<\/div>\n\n<div style=\"height:25px\" aria-hidden=\"true\" class=\"wp-block-spacer\"><\/div>\n\n<div class=\"wp-block-columns is-layout-flex wp-container-core-columns-is-layout-28f84493 wp-block-columns-is-layout-flex\">\n<div class=\"wp-block-column is-vertically-aligned-center is-layout-flow wp-block-column-is-layout-flow\">\n<h3>Qualit\u00e9 de Nos Produits<\/h3>\n<p style=\"text-align: justify;\">Tous nos produits sont soumis \u00e0 des tests de qualit\u00e9 les plus exigeants. Chacune des diff\u00e9rentes gammes de produits sont certifi\u00e9s et approuv\u00e9s conform\u00e9ment aux exigences de la CE. La primaut\u00e9 de la qualit\u00e9 que nous mettons dans chaque produit que nous fabriquons commence par la s\u00e9lection rigoureuse de nos fornisseurs de mati\u00e8res premi\u00e8res.<\/p>\n<\/div>\n<\/div>\n\n<div style=\"height:25px\" aria-hidden=\"true\" class=\"wp-block-spacer\"><\/div>\n\n<div class=\"wp-block-columns is-layout-flex wp-container-core-columns-is-layout-28f84493 wp-block-columns-is-layout-flex\">\n<div class=\"wp-block-column is-vertically-aligned-center is-layout-flow wp-block-column-is-layout-flow\">\n<h3>Innovation et D\u00e9veloppement du Produits<\/h3>\n<p style=\"text-align: justify;\">Dans notre d\u00e9partement recherche et d\u00e9veloppement de produits, nous d\u00e9veloppons des solutions adapt\u00e9es aux besoins r\u00e9els du march\u00e9, la suite des gands tendances du design, de l&rsquo;\u00e9conomie et de confort. Gr\u00e2ce \u00e0 des partenariats que nous d\u00e9veloppons avec les universit\u00e9s, nous d\u00e9veloppons des produits pour \u00e9veiller de nouveaux besoins.<\/p>\n<\/div>\n<\/div>\n\n<div style=\"height:25px\" aria-hidden=\"true\" class=\"wp-block-spacer\"><\/div>\n\n<div class=\"wp-block-columns is-layout-flex wp-container-core-columns-is-layout-28f84493 wp-block-columns-is-layout-flex\">\n<div class=\"wp-block-column is-layout-flow wp-block-column-is-layout-flow\">\n<h3>Exclusivit\u00e9 et Brevets<\/h3>\n<p style=\"text-align: justify;\">Le d\u00e9veloppement de produits innovants \u00e0 forte valeur en exclusivit\u00e9 et la protection de la propri\u00e9t\u00e9 industrielle, nous brevetons ceux qui ont le plus grand potentiel, la d\u00e9fense de nos clients et distributeurs. A cette \u00e9poque, GNS d\u00e9tient le brevet de la serrure principale vendu dans la p\u00e9ninsule ib\u00e9rique (7715) et nous sommes le seul fabricant de syst\u00e8me de ventilation passive au portugal &#8211; ANCOVENT.<\/p>\n<\/div>\n<\/div>\n\n<div style=\"height:25px\" aria-hidden=\"true\" class=\"wp-block-spacer\"><\/div>\n\n<div class=\"wp-block-columns is-layout-flex wp-container-core-columns-is-layout-28f84493 wp-block-columns-is-layout-flex\">\n<div class=\"wp-block-column is-layout-flow wp-block-column-is-layout-flow\">\n<h3>Service Client<\/h3>\n<p style=\"text-align: justify;\">Pour nous, le client vient toujours en premier. Gr\u00e2ce \u00e0 des m\u00e9thodes de fabrication tr\u00e8s exp\u00e9riment\u00e9s, nous assurons la livrasion de toute commande dans un d\u00e9lai maximum d&rsquo;un terme de la semaine. Nous avons d\u00e9velopp\u00e9 une grand composante de formation du produit aux clients de nous clients. Gr\u00e2ce \u00e0 notre d\u00e9partement technique, en plein accord avec la zone commerciale, nous aidons nos clients dans toute situation.<\/p>\n<\/div>\n<\/div>\n\n<div style=\"height:25px\" aria-hidden=\"true\" class=\"wp-block-spacer\"><\/div>\n\n<div class=\"wp-block-columns is-layout-flex wp-container-core-columns-is-layout-28f84493 wp-block-columns-is-layout-flex\">\n<div class=\"wp-block-column is-layout-flow wp-block-column-is-layout-flow\">\n<h3>Formation et D\u00e9veloppement des Comp\u00e9tences<\/h3>\n<p>Toutes les diff\u00e9rentes \u00e9quipes et secteurs d&rsquo;activit\u00e9 sont impliqu\u00e9s dans un processus continu et exigeant de la formation continue afin de doter les diff\u00e9rents domaines de l&rsquo;entreprise avec la diff\u00e9reciation des connaissances sur le processus de fabrication et le produit.<\/p>\n<\/div>\n<\/div>\n\n<div style=\"height:25px\" aria-hidden=\"true\" class=\"wp-block-spacer\"><\/div>\n\n<div class=\"wp-block-columns is-layout-flex wp-container-core-columns-is-layout-28f84493 wp-block-columns-is-layout-flex\">\n<div class=\"wp-block-column is-layout-flow wp-block-column-is-layout-flow\">\n<h3>Technologie<\/h3>\n<p style=\"text-align: justify;\">Serrures monopoint et multipoint, poign\u00e9es, cr\u00e9mones, accessoires, paumelles, syst\u00e8mes d&rsquo;oscillo-battant avec ou sans micro-ventilation, en GNS nous avons tout le n\u00e9cessaire pour la fabrication de portes et fen\u00eatres avec profil\u00e9 en aluminium. Une gamme compl\u00e8te de produits de haute qualit\u00e9 donnant des arguments puissants \u00e0 nos clients d&rsquo;excellentes occasions d&rsquo;affaires.<\/p>\n<p style=\"text-align: justify;\">Derni\u00e8res ann\u00e9es, nos ing\u00e9nieurs pr\u00e9sent\u00e9s et brevet\u00e9 une vari\u00e9t\u00e9 de produits avec le niveau d&rsquo;innovation \u00e9lev\u00e9e et nous le font encore, ann\u00e9e apr\u00e8s ann\u00e9e, afin de ir pour compl\u00e9ter une gamme importante de solucions dans un march\u00e9 extr\u00eamement exigeant avec un haut niveau technique.<\/p>\n<p style=\"text-align: justify;\">De meilleures mati\u00e8res premi\u00e8res, comme l&rsquo;aluminium, l&rsquo;acier inoxydable, le choix du traitement de surface la plus appropri\u00e9e, zingage, nickelage, peinture \u00e9lectrostatique ou anodisation, avec des composants de montage tels que des vis et ressorts exclusivement en acier inoxydable, avec des processus de production contr\u00f4l\u00e9es avec un personnel efficace et bien form\u00e9, nous assurons longue vie \u00e0 nos produits et la confiance et la satisfaction de nos clients.<\/p>\n<\/div>\n<\/div>\n\n<div style=\"height:70px\" aria-hidden=\"true\" class=\"wp-block-spacer\"><\/div>\n","protected":false},"excerpt":{"rendered":"<p>\u00c0 PROPOS ALUMINIUM IT&rsquo;S OUR DNA GNS est un groupe d&rsquo;entreprises industrielles avec plus de 50 ans d&rsquo;exp\u00e9rience, sp\u00e9cialis\u00e9es dans [&hellip;]<\/p>\n","protected":false},"author":1,"featured_media":0,"parent":0,"menu_order":1,"comment_status":"closed","ping_status":"closed","template":"","meta":{"site-sidebar-layout":"default","site-content-layout":"","ast-site-content-layout":"default","site-content-style":"default","site-sidebar-style":"default","ast-global-header-display":"","ast-banner-title-visibility":"","ast-main-header-display":"","ast-hfb-above-header-display":"","ast-hfb-below-header-display":"","ast-hfb-mobile-header-display":"","site-post-title":"","ast-breadcrumbs-content":"","ast-featured-img":"","footer-sml-layout":"","ast-disable-related-posts":"","theme-transparent-header-meta":"","adv-header-id-meta":"","stick-header-meta":"","header-above-stick-meta":"","header-main-stick-meta":"","header-below-stick-meta":"","astra-migrate-meta-layouts":"default","ast-page-background-enabled":"default","ast-page-background-meta":{"desktop":{"background-color":"var(--ast-global-color-5)","background-image":"","background-repeat":"repeat","background-position":"center center","background-size":"auto","background-attachment":"scroll","background-type":"","background-media":"","overlay-type":"","overlay-color":"","overlay-opacity":"","overlay-gradient":""},"tablet":{"background-color":"","background-image":"","background-repeat":"repeat","background-position":"center center","background-size":"auto","background-attachment":"scroll","background-type":"","background-media":"","overlay-type":"","overlay-color":"","overlay-opacity":"","overlay-gradient":""},"mobile":{"background-color":"","background-image":"","background-repeat":"repeat","background-position":"center center","background-size":"auto","background-attachment":"scroll","background-type":"","background-media":"","overlay-type":"","overlay-color":"","overlay-opacity":"","overlay-gradient":""}},"ast-content-background-meta":{"desktop":{"background-color":"var(--ast-global-color-4)","background-image":"","background-repeat":"repeat","background-position":"center center","background-size":"auto","background-attachment":"scroll","background-type":"","background-media":"","overlay-type":"","overlay-color":"","overlay-opacity":"","overlay-gradient":""},"tablet":{"background-color":"var(--ast-global-color-4)","background-image":"","background-repeat":"repeat","background-position":"center center","background-size":"auto","background-attachment":"scroll","background-type":"","background-media":"","overlay-type":"","overlay-color":"","overlay-opacity":"","overlay-gradient":""},"mobile":{"background-color":"var(--ast-global-color-4)","background-image":"","background-repeat":"repeat","background-position":"center center","background-size":"auto","background-attachment":"scroll","background-type":"","background-media":"","overlay-type":"","overlay-color":"","overlay-opacity":"","overlay-gradient":""}},"footnotes":""},"class_list":["post-9308","page","type-page","status-publish","hentry"],"_links":{"self":[{"href":"https:\/\/ingns.com\/fr\/wp-json\/wp\/v2\/pages\/9308","targetHints":{"allow":["GET"]}}],"collection":[{"href":"https:\/\/ingns.com\/fr\/wp-json\/wp\/v2\/pages"}],"about":[{"href":"https:\/\/ingns.com\/fr\/wp-json\/wp\/v2\/types\/page"}],"author":[{"embeddable":true,"href":"https:\/\/ingns.com\/fr\/wp-json\/wp\/v2\/users\/1"}],"replies":[{"embeddable":true,"href":"https:\/\/ingns.com\/fr\/wp-json\/wp\/v2\/comments?post=9308"}],"version-history":[{"count":10,"href":"https:\/\/ingns.com\/fr\/wp-json\/wp\/v2\/pages\/9308\/revisions"}],"predecessor-version":[{"id":12755,"href":"https:\/\/ingns.com\/fr\/wp-json\/wp\/v2\/pages\/9308\/revisions\/12755"}],"wp:attachment":[{"href":"https:\/\/ingns.com\/fr\/wp-json\/wp\/v2\/media?parent=9308"}],"curies":[{"name":"wp","href":"https:\/\/api.w.org\/{rel}","templated":true}]}}