{"id":17170,"date":"2026-01-05T11:39:57","date_gmt":"2026-01-05T11:39:57","guid":{"rendered":"https:\/\/ingns.com\/politique-de-la-qualite\/"},"modified":"2026-03-11T16:22:16","modified_gmt":"2026-03-11T16:22:16","slug":"politique-de-la-qualite","status":"publish","type":"page","link":"https:\/\/ingns.com\/fr\/politique-de-la-qualite\/","title":{"rendered":"Politique de la Qualit\u00e9"},"content":{"rendered":"\n<div style=\"height:50px\" aria-hidden=\"true\" class=\"wp-block-spacer\"><\/div>\n<h2 class=\"has-link-color wp-elements-bc0cbb7eeeb0c751f1d261a590f4572f wp-block-post-title has-text-color has-neve-link-color-color\">Politique de la Qualit\u00e9<\/h2>\n<div style=\"height:25px\" aria-hidden=\"true\" class=\"wp-block-spacer\"><\/div>\n<p><strong>1. Vision<\/strong><\/p>\n<p>\u00catre reconnue comme une entreprise de r\u00e9f\u00e9rence dans son secteur des accessoires de menuiserie, en offrant des services de haute qualit\u00e9; s\u2019affirmer comme une entreprise proactive et innovante, avec un service client d\u2019excellence et des collaborateurs qui se distinguent par leur professionnalisme et leur comp\u00e9tence.<\/p>\n<p><strong>2. Mission<\/strong><\/p>\n<p>Investir dans l\u2019am\u00e9lioration constante des moyens techniques et humains n\u00e9cessaires pour offrir toujours le meilleur service \/ produit dans notre domaine d\u2019activit\u00e9.<\/p>\n<p><strong>3. Valeurs<\/strong><\/p>\n<p>La politique de qualit\u00e9 de <strong>GNS<\/strong> a pour principes directeurs:<\/p>\n<ul>\n<li><strong>Satisfaction des clients<\/strong> et recherche de nouveaux march\u00e9s;<\/li>\n<li><strong>Implication de tous les partenaires<\/strong> dans la r\u00e9alisation des objectifs de l\u2019entreprise;<\/li>\n<li><strong>Produire avec qualit\u00e9<\/strong> dans une orientation vers l\u2019efficacit\u00e9 de l\u2019entreprise;<\/li>\n<li>Respect des <strong>exigences et am\u00e9lioration continue<\/strong> de l&rsquo;organisation.<\/li>\n<\/ul>\n\n<div style=\"height:70px\" aria-hidden=\"true\" class=\"wp-block-spacer\"><\/div>\n","protected":false},"excerpt":{"rendered":"<p>1. Vision \u00catre reconnue comme une entreprise de r\u00e9f\u00e9rence dans son secteur des accessoires de menuiserie, en offrant des services [&hellip;]<\/p>\n","protected":false},"author":1,"featured_media":0,"parent":0,"menu_order":13,"comment_status":"closed","ping_status":"closed","template":"","meta":{"site-sidebar-layout":"default","site-content-layout":"","ast-site-content-layout":"default","site-content-style":"default","site-sidebar-style":"default","ast-global-header-display":"","ast-banner-title-visibility":"","ast-main-header-display":"","ast-hfb-above-header-display":"","ast-hfb-below-header-display":"","ast-hfb-mobile-header-display":"","site-post-title":"","ast-breadcrumbs-content":"","ast-featured-img":"","footer-sml-layout":"","ast-disable-related-posts":"","theme-transparent-header-meta":"","adv-header-id-meta":"","stick-header-meta":"","header-above-stick-meta":"","header-main-stick-meta":"","header-below-stick-meta":"","astra-migrate-meta-layouts":"default","ast-page-background-enabled":"default","ast-page-background-meta":{"desktop":{"background-color":"var(--ast-global-color-5)","background-image":"","background-repeat":"repeat","background-position":"center center","background-size":"auto","background-attachment":"scroll","background-type":"","background-media":"","overlay-type":"","overlay-color":"","overlay-opacity":"","overlay-gradient":""},"tablet":{"background-color":"","background-image":"","background-repeat":"repeat","background-position":"center center","background-size":"auto","background-attachment":"scroll","background-type":"","background-media":"","overlay-type":"","overlay-color":"","overlay-opacity":"","overlay-gradient":""},"mobile":{"background-color":"","background-image":"","background-repeat":"repeat","background-position":"center center","background-size":"auto","background-attachment":"scroll","background-type":"","background-media":"","overlay-type":"","overlay-color":"","overlay-opacity":"","overlay-gradient":""}},"ast-content-background-meta":{"desktop":{"background-color":"var(--ast-global-color-4)","background-image":"","background-repeat":"repeat","background-position":"center center","background-size":"auto","background-attachment":"scroll","background-type":"","background-media":"","overlay-type":"","overlay-color":"","overlay-opacity":"","overlay-gradient":""},"tablet":{"background-color":"var(--ast-global-color-4)","background-image":"","background-repeat":"repeat","background-position":"center center","background-size":"auto","background-attachment":"scroll","background-type":"","background-media":"","overlay-type":"","overlay-color":"","overlay-opacity":"","overlay-gradient":""},"mobile":{"background-color":"var(--ast-global-color-4)","background-image":"","background-repeat":"repeat","background-position":"center center","background-size":"auto","background-attachment":"scroll","background-type":"","background-media":"","overlay-type":"","overlay-color":"","overlay-opacity":"","overlay-gradient":""}},"footnotes":""},"class_list":["post-17170","page","type-page","status-publish","hentry"],"_links":{"self":[{"href":"https:\/\/ingns.com\/fr\/wp-json\/wp\/v2\/pages\/17170","targetHints":{"allow":["GET"]}}],"collection":[{"href":"https:\/\/ingns.com\/fr\/wp-json\/wp\/v2\/pages"}],"about":[{"href":"https:\/\/ingns.com\/fr\/wp-json\/wp\/v2\/types\/page"}],"author":[{"embeddable":true,"href":"https:\/\/ingns.com\/fr\/wp-json\/wp\/v2\/users\/1"}],"replies":[{"embeddable":true,"href":"https:\/\/ingns.com\/fr\/wp-json\/wp\/v2\/comments?post=17170"}],"version-history":[{"count":1,"href":"https:\/\/ingns.com\/fr\/wp-json\/wp\/v2\/pages\/17170\/revisions"}],"predecessor-version":[{"id":17171,"href":"https:\/\/ingns.com\/fr\/wp-json\/wp\/v2\/pages\/17170\/revisions\/17171"}],"wp:attachment":[{"href":"https:\/\/ingns.com\/fr\/wp-json\/wp\/v2\/media?parent=17170"}],"curies":[{"name":"wp","href":"https:\/\/api.w.org\/{rel}","templated":true}]}}