{"id":13834,"date":"2024-09-05T16:31:35","date_gmt":"2024-09-05T16:31:35","guid":{"rendered":"https:\/\/ingns.com\/produits\/accessoires\/compas\/compas-projeteur-de-ref-5210\/"},"modified":"2024-09-25T09:45:30","modified_gmt":"2024-09-25T09:45:30","slug":"compas-projeteur-de-ref-5210","status":"publish","type":"page","link":"https:\/\/ingns.com\/fr\/produits\/accessoires\/compas\/compas-projeteur-de-ref-5210\/","title":{"rendered":"Compas Projeteur de R\u00e9f. 5210"},"content":{"rendered":"\n<div style=\"height:50px\" aria-hidden=\"true\" class=\"wp-block-spacer\"><\/div>\n\n<h2 class=\"wp-block-heading has-neve-link-color-color has-text-color has-link-color wp-elements-40113f11675ef282632856f0027afd4f\">5210<\/h2>\n\n<p class=\"has-neve-text-color-color has-text-color has-link-color wp-elements-658bfe98e49135a329ea1538b790ca44\"><a href=\"https:\/\/ingns.com\/fr\/produits\/accessoires\/compas\/\">ANT\u00c9RIEUR<\/a><\/p>\n\n<div style=\"height:25px\" aria-hidden=\"true\" class=\"wp-block-spacer\"><\/div>\n\n<div class=\"wp-block-columns is-layout-flex wp-container-core-columns-is-layout-28f84493 wp-block-columns-is-layout-flex\">\n<div class=\"wp-block-column is-layout-flow wp-block-column-is-layout-flow\">\n<figure class=\"wp-block-image aligncenter size-full is-resized\"><img loading=\"lazy\" decoding=\"async\" width=\"320\" height=\"467\" src=\"https:\/\/ingns.com\/wp-content\/uploads\/2024\/09\/Render-Ref.-5210-2.png\" alt=\"\" class=\"wp-image-13151\" style=\"width:320px;height:auto\" srcset=\"https:\/\/ingns.com\/wp-content\/uploads\/2024\/09\/Render-Ref.-5210-2.png 320w, https:\/\/ingns.com\/wp-content\/uploads\/2024\/09\/Render-Ref.-5210-2-206x300.png 206w, https:\/\/ingns.com\/wp-content\/uploads\/2024\/09\/Render-Ref.-5210-2-103x150.png 103w\" sizes=\"auto, (max-width: 320px) 100vw, 320px\" \/><\/figure>\n<\/div>\n\n\n\n<div class=\"wp-block-column is-layout-flow wp-block-column-is-layout-flow\">\n<h3 class=\"wp-block-heading\">D\u00e9tails<\/h3>\n\n\n\n<p style=\"text-align: justify;\">Compas en acier inoxydable avec m\u00e9canisme pour fen\u00eatre d&rsquo;ouverture projetant.<br>Il permit l&rsquo;ouverture en 5 positions diff\u00e9rentes.<\/p>\n\n\n\n<figure class=\"wp-block-image size-full is-resized\"><img decoding=\"async\" src=\"https:\/\/ingns.com\/wp-content\/uploads\/2024\/03\/Icones-27.png\" alt=\"\" class=\"wp-image-10276\" style=\"width:auto;height:35px\"\/><\/figure>\n\n\n\n<div style=\"height:35px\" aria-hidden=\"true\" class=\"wp-block-spacer\"><\/div>\n\n\n\n<h3 class=\"wp-block-heading\">T\u00e9l\u00e9charger<\/h3>\n<\/div>\n<\/div>\n\n<div style=\"height:70px\" aria-hidden=\"true\" class=\"wp-block-spacer\"><\/div>\n","protected":false},"excerpt":{"rendered":"<p>5210 ANT\u00c9RIEUR D\u00e9tails Compas en acier inoxydable avec m\u00e9canisme pour fen\u00eatre d&rsquo;ouverture projetant.Il permit l&rsquo;ouverture en 5 positions diff\u00e9rentes. T\u00e9l\u00e9charger<\/p>\n","protected":false},"author":1,"featured_media":0,"parent":9738,"menu_order":1,"comment_status":"closed","ping_status":"closed","template":"","meta":{"site-sidebar-layout":"default","site-content-layout":"","ast-site-content-layout":"default","site-content-style":"default","site-sidebar-style":"default","ast-global-header-display":"","ast-banner-title-visibility":"","ast-main-header-display":"","ast-hfb-above-header-display":"","ast-hfb-below-header-display":"","ast-hfb-mobile-header-display":"","site-post-title":"","ast-breadcrumbs-content":"","ast-featured-img":"","footer-sml-layout":"","ast-disable-related-posts":"","theme-transparent-header-meta":"","adv-header-id-meta":"","stick-header-meta":"","header-above-stick-meta":"","header-main-stick-meta":"","header-below-stick-meta":"","astra-migrate-meta-layouts":"default","ast-page-background-enabled":"default","ast-page-background-meta":{"desktop":{"background-color":"var(--ast-global-color-5)","background-image":"","background-repeat":"repeat","background-position":"center center","background-size":"auto","background-attachment":"scroll","background-type":"","background-media":"","overlay-type":"","overlay-color":"","overlay-opacity":"","overlay-gradient":""},"tablet":{"background-color":"","background-image":"","background-repeat":"repeat","background-position":"center center","background-size":"auto","background-attachment":"scroll","background-type":"","background-media":"","overlay-type":"","overlay-color":"","overlay-opacity":"","overlay-gradient":""},"mobile":{"background-color":"","background-image":"","background-repeat":"repeat","background-position":"center center","background-size":"auto","background-attachment":"scroll","background-type":"","background-media":"","overlay-type":"","overlay-color":"","overlay-opacity":"","overlay-gradient":""}},"ast-content-background-meta":{"desktop":{"background-color":"var(--ast-global-color-4)","background-image":"","background-repeat":"repeat","background-position":"center center","background-size":"auto","background-attachment":"scroll","background-type":"","background-media":"","overlay-type":"","overlay-color":"","overlay-opacity":"","overlay-gradient":""},"tablet":{"background-color":"var(--ast-global-color-4)","background-image":"","background-repeat":"repeat","background-position":"center center","background-size":"auto","background-attachment":"scroll","background-type":"","background-media":"","overlay-type":"","overlay-color":"","overlay-opacity":"","overlay-gradient":""},"mobile":{"background-color":"var(--ast-global-color-4)","background-image":"","background-repeat":"repeat","background-position":"center center","background-size":"auto","background-attachment":"scroll","background-type":"","background-media":"","overlay-type":"","overlay-color":"","overlay-opacity":"","overlay-gradient":""}},"footnotes":""},"class_list":["post-13834","page","type-page","status-publish","hentry"],"_links":{"self":[{"href":"https:\/\/ingns.com\/fr\/wp-json\/wp\/v2\/pages\/13834","targetHints":{"allow":["GET"]}}],"collection":[{"href":"https:\/\/ingns.com\/fr\/wp-json\/wp\/v2\/pages"}],"about":[{"href":"https:\/\/ingns.com\/fr\/wp-json\/wp\/v2\/types\/page"}],"author":[{"embeddable":true,"href":"https:\/\/ingns.com\/fr\/wp-json\/wp\/v2\/users\/1"}],"replies":[{"embeddable":true,"href":"https:\/\/ingns.com\/fr\/wp-json\/wp\/v2\/comments?post=13834"}],"version-history":[{"count":2,"href":"https:\/\/ingns.com\/fr\/wp-json\/wp\/v2\/pages\/13834\/revisions"}],"predecessor-version":[{"id":14387,"href":"https:\/\/ingns.com\/fr\/wp-json\/wp\/v2\/pages\/13834\/revisions\/14387"}],"up":[{"embeddable":true,"href":"https:\/\/ingns.com\/fr\/wp-json\/wp\/v2\/pages\/9738"}],"wp:attachment":[{"href":"https:\/\/ingns.com\/fr\/wp-json\/wp\/v2\/media?parent=13834"}],"curies":[{"name":"wp","href":"https:\/\/api.w.org\/{rel}","templated":true}]}}