{"id":9132,"date":"2023-09-29T08:39:54","date_gmt":"2023-09-29T08:39:54","guid":{"rendered":"https:\/\/ingns.com\/productos\/accesorios\/cierres\/cierre-de-la-ref-6080\/"},"modified":"2024-09-25T09:14:55","modified_gmt":"2024-09-25T09:14:55","slug":"cierre-de-la-ref-6080","status":"publish","type":"page","link":"https:\/\/ingns.com\/es\/productos\/accesorios\/cierres\/cierre-de-la-ref-6080\/","title":{"rendered":"Cierre de la Ref. 6080"},"content":{"rendered":"\n<div style=\"height:50px\" aria-hidden=\"true\" class=\"wp-block-spacer\"><\/div>\n\n<h2 class=\"wp-block-heading has-neve-link-color-color has-text-color\">6080<\/h2>\n\n<p class=\"has-link-color wp-elements-6de6925a4221849bc5c308df60a7e985\"><a href=\"https:\/\/ingns.com\/es\/productos\/accesorios\/cierres\/\">ANTERIOR<\/a><\/p>\n\n<div style=\"height:25px\" aria-hidden=\"true\" class=\"wp-block-spacer\"><\/div>\n\n<div class=\"wp-block-columns is-layout-flex wp-container-core-columns-is-layout-28f84493 wp-block-columns-is-layout-flex\">\n<div class=\"wp-block-column is-vertically-aligned-center is-layout-flow wp-block-column-is-layout-flow\">\n<figure class=\"wp-block-image aligncenter size-full is-resized\"><img loading=\"lazy\" decoding=\"async\" width=\"311\" height=\"360\" src=\"http:\/\/ingns.com\/wp-content\/uploads\/2023\/10\/Render-Ref.-6080-2.png\" alt=\"\" class=\"wp-image-2693\" style=\"width:311px;height:360px\" srcset=\"https:\/\/ingns.com\/wp-content\/uploads\/2023\/10\/Render-Ref.-6080-2.png 311w, https:\/\/ingns.com\/wp-content\/uploads\/2023\/10\/Render-Ref.-6080-2-259x300.png 259w, https:\/\/ingns.com\/wp-content\/uploads\/2023\/10\/Render-Ref.-6080-2-130x150.png 130w, https:\/\/ingns.com\/wp-content\/uploads\/2023\/10\/Render-Ref.-6080-2-10x12.png 10w, https:\/\/ingns.com\/wp-content\/uploads\/2023\/10\/Render-Ref.-6080-2-17x20.png 17w\" sizes=\"auto, (max-width: 311px) 100vw, 311px\" \/><\/figure>\n<\/div>\n\n\n\n<div class=\"wp-block-column is-layout-flow wp-block-column-is-layout-flow\">\n<h3 class=\"wp-block-heading\">Detalles<\/h3>\n\n\n\n<p style=\"text-align: justify;\">Cierre en zamak para ventanas basculantes con aplicaci\u00f3n r\u00e1pida y gran seguridad para series de c\u00e1mara europea. Con regulaci\u00f3n.<\/p>\n\n\n\n<figure class=\"wp-block-image size-full is-resized\"><img decoding=\"async\" src=\"https:\/\/ingns.com\/wp-content\/uploads\/2024\/03\/Icones-56.png\" alt=\"\" class=\"wp-image-10392\" style=\"width:auto;height:35px\"\/><\/figure>\n\n\n\n<div style=\"height:35px\" aria-hidden=\"true\" class=\"wp-block-spacer\"><\/div>\n\n\n\n<h3 class=\"wp-block-heading\">Descargar<\/h3>\n\n\n\n<p class=\"has-link-color wp-elements-503b01ecd0af11bdde80d4c0ec75758d\"><a href=\"https:\/\/ingns.com\/wp-content\/uploads\/2024\/03\/FT-8000-8001-6080.pdf\" data-type=\"link\" data-id=\"https:\/\/ingns.com\/wp-content\/uploads\/2024\/03\/FT-8000-8001-6080.pdf\" target=\"_blank\" rel=\"noreferrer noopener\">FICHA T\u00c9CNICA<\/a><\/p>\n<\/div>\n<\/div>\n\n<div style=\"height:70px\" aria-hidden=\"true\" class=\"wp-block-spacer\"><\/div>\n","protected":false},"excerpt":{"rendered":"<p>6080 ANTERIOR Detalles Cierre en zamak para ventanas basculantes con aplicaci\u00f3n r\u00e1pida y gran seguridad para series de c\u00e1mara europea. [&hellip;]<\/p>\n","protected":false},"author":1,"featured_media":0,"parent":9112,"menu_order":12,"comment_status":"closed","ping_status":"closed","template":"","meta":{"site-sidebar-layout":"default","site-content-layout":"","ast-site-content-layout":"default","site-content-style":"default","site-sidebar-style":"default","ast-global-header-display":"","ast-banner-title-visibility":"","ast-main-header-display":"","ast-hfb-above-header-display":"","ast-hfb-below-header-display":"","ast-hfb-mobile-header-display":"","site-post-title":"","ast-breadcrumbs-content":"","ast-featured-img":"","footer-sml-layout":"","ast-disable-related-posts":"","theme-transparent-header-meta":"","adv-header-id-meta":"","stick-header-meta":"","header-above-stick-meta":"","header-main-stick-meta":"","header-below-stick-meta":"","astra-migrate-meta-layouts":"default","ast-page-background-enabled":"default","ast-page-background-meta":{"desktop":{"background-color":"var(--ast-global-color-5)","background-image":"","background-repeat":"repeat","background-position":"center center","background-size":"auto","background-attachment":"scroll","background-type":"","background-media":"","overlay-type":"","overlay-color":"","overlay-opacity":"","overlay-gradient":""},"tablet":{"background-color":"","background-image":"","background-repeat":"repeat","background-position":"center center","background-size":"auto","background-attachment":"scroll","background-type":"","background-media":"","overlay-type":"","overlay-color":"","overlay-opacity":"","overlay-gradient":""},"mobile":{"background-color":"","background-image":"","background-repeat":"repeat","background-position":"center center","background-size":"auto","background-attachment":"scroll","background-type":"","background-media":"","overlay-type":"","overlay-color":"","overlay-opacity":"","overlay-gradient":""}},"ast-content-background-meta":{"desktop":{"background-color":"var(--ast-global-color-4)","background-image":"","background-repeat":"repeat","background-position":"center center","background-size":"auto","background-attachment":"scroll","background-type":"","background-media":"","overlay-type":"","overlay-color":"","overlay-opacity":"","overlay-gradient":""},"tablet":{"background-color":"var(--ast-global-color-4)","background-image":"","background-repeat":"repeat","background-position":"center center","background-size":"auto","background-attachment":"scroll","background-type":"","background-media":"","overlay-type":"","overlay-color":"","overlay-opacity":"","overlay-gradient":""},"mobile":{"background-color":"var(--ast-global-color-4)","background-image":"","background-repeat":"repeat","background-position":"center center","background-size":"auto","background-attachment":"scroll","background-type":"","background-media":"","overlay-type":"","overlay-color":"","overlay-opacity":"","overlay-gradient":""}},"footnotes":""},"class_list":["post-9132","page","type-page","status-publish","hentry"],"_links":{"self":[{"href":"https:\/\/ingns.com\/es\/wp-json\/wp\/v2\/pages\/9132","targetHints":{"allow":["GET"]}}],"collection":[{"href":"https:\/\/ingns.com\/es\/wp-json\/wp\/v2\/pages"}],"about":[{"href":"https:\/\/ingns.com\/es\/wp-json\/wp\/v2\/types\/page"}],"author":[{"embeddable":true,"href":"https:\/\/ingns.com\/es\/wp-json\/wp\/v2\/users\/1"}],"replies":[{"embeddable":true,"href":"https:\/\/ingns.com\/es\/wp-json\/wp\/v2\/comments?post=9132"}],"version-history":[{"count":5,"href":"https:\/\/ingns.com\/es\/wp-json\/wp\/v2\/pages\/9132\/revisions"}],"predecessor-version":[{"id":14379,"href":"https:\/\/ingns.com\/es\/wp-json\/wp\/v2\/pages\/9132\/revisions\/14379"}],"up":[{"embeddable":true,"href":"https:\/\/ingns.com\/es\/wp-json\/wp\/v2\/pages\/9112"}],"wp:attachment":[{"href":"https:\/\/ingns.com\/es\/wp-json\/wp\/v2\/media?parent=9132"}],"curies":[{"name":"wp","href":"https:\/\/api.w.org\/{rel}","templated":true}]}}