{"id":9086,"date":"2023-09-20T13:42:24","date_gmt":"2023-09-20T13:42:24","guid":{"rendered":"https:\/\/ingns.com\/productos\/accesorios\/linea-anodizada\/cremona-anodizada-de-la-ref-2850\/"},"modified":"2024-09-23T15:01:32","modified_gmt":"2024-09-23T15:01:32","slug":"cremona-anodizada-de-la-ref-2850","status":"publish","type":"page","link":"https:\/\/ingns.com\/es\/productos\/accesorios\/linea-anodizada\/cremona-anodizada-de-la-ref-2850\/","title":{"rendered":"Cremona Anodizada de la Ref. 2850"},"content":{"rendered":"\n<div style=\"height:50px\" aria-hidden=\"true\" class=\"wp-block-spacer\"><\/div>\n\n<h2 class=\"wp-block-heading has-neve-link-color-color has-text-color\">2850<\/h2>\n\n<p class=\"has-link-color wp-elements-cae191e3b32356c104d84b38ae1ceca2\"><a href=\"https:\/\/ingns.com\/es\/productos\/accesorios\/linea-anodizada\/\">ANTERIOR<\/a><\/p>\n\n<div style=\"height:25px\" aria-hidden=\"true\" class=\"wp-block-spacer\"><\/div>\n\n<div class=\"wp-block-columns is-layout-flex wp-container-core-columns-is-layout-28f84493 wp-block-columns-is-layout-flex\">\n<div class=\"wp-block-column is-vertically-aligned-center is-layout-flow wp-block-column-is-layout-flow\">\n<figure class=\"wp-block-image aligncenter size-full is-resized\"><img loading=\"lazy\" decoding=\"async\" width=\"150\" height=\"380\" src=\"http:\/\/ingns.com\/wp-content\/uploads\/2023\/10\/Render-Ref.-2850-Anod.-2.png\" alt=\"\" class=\"wp-image-2660\" style=\"width:150px;height:380px\" srcset=\"https:\/\/ingns.com\/wp-content\/uploads\/2023\/10\/Render-Ref.-2850-Anod.-2.png 150w, https:\/\/ingns.com\/wp-content\/uploads\/2023\/10\/Render-Ref.-2850-Anod.-2-118x300.png 118w\" sizes=\"auto, (max-width: 150px) 100vw, 150px\" \/><\/figure>\n<\/div>\n\n\n\n<div class=\"wp-block-column is-layout-flow wp-block-column-is-layout-flow\">\n<h3 class=\"wp-block-heading\">Detalles<\/h3>\n\n\n\n<p style=\"text-align: justify;\">Cremona rotativa en aluminio con fijaci\u00f3n para series de c\u00e1mara europea.<br>Sistema rotativo con fijaci\u00f3n exterior por pernos de acero inoxidable, 4 posiciones de montaje.<br>Piezas de refuerzo de acero inoxidable. 2 tornillos de hendidura hexagonal M5X12. Tambi\u00e9n disponible para oscilobatiente. <\/p>\n\n\n\n<figure class=\"wp-block-image size-full is-resized\"><img decoding=\"async\" src=\"https:\/\/ingns.com\/wp-content\/uploads\/2024\/03\/Icones-58.png\" alt=\"\" class=\"wp-image-10400\" style=\"width:auto;height:35px\"\/><\/figure>\n\n\n\n<div style=\"height:35px\" aria-hidden=\"true\" class=\"wp-block-spacer\"><\/div>\n\n\n\n<h3 class=\"wp-block-heading\">Descargar<\/h3>\n\n\n\n<p class=\"has-link-color wp-elements-455618165f0524ca77698ecfc1733c16\"><a href=\"https:\/\/ingns.com\/wp-content\/uploads\/2024\/03\/FT-2850-2870-2880-Anod.pdf\" data-type=\"link\" data-id=\"https:\/\/ingns.com\/wp-content\/uploads\/2024\/03\/FT-2850-2870-2880-Anod.pdf\" target=\"_blank\" rel=\"noreferrer noopener\">FICHA T\u00c9CNICA<\/a><\/p>\n<\/div>\n<\/div>\n\n<div style=\"height:70px\" aria-hidden=\"true\" class=\"wp-block-spacer\"><\/div>\n","protected":false},"excerpt":{"rendered":"<p>2850 ANTERIOR Detalles Cremona rotativa en aluminio con fijaci\u00f3n para series de c\u00e1mara europea.Sistema rotativo con fijaci\u00f3n exterior por pernos [&hellip;]<\/p>\n","protected":false},"author":1,"featured_media":0,"parent":9078,"menu_order":4,"comment_status":"closed","ping_status":"closed","template":"","meta":{"site-sidebar-layout":"default","site-content-layout":"","ast-site-content-layout":"default","site-content-style":"default","site-sidebar-style":"default","ast-global-header-display":"","ast-banner-title-visibility":"","ast-main-header-display":"","ast-hfb-above-header-display":"","ast-hfb-below-header-display":"","ast-hfb-mobile-header-display":"","site-post-title":"","ast-breadcrumbs-content":"","ast-featured-img":"","footer-sml-layout":"","ast-disable-related-posts":"","theme-transparent-header-meta":"","adv-header-id-meta":"","stick-header-meta":"","header-above-stick-meta":"","header-main-stick-meta":"","header-below-stick-meta":"","astra-migrate-meta-layouts":"default","ast-page-background-enabled":"default","ast-page-background-meta":{"desktop":{"background-color":"var(--ast-global-color-5)","background-image":"","background-repeat":"repeat","background-position":"center center","background-size":"auto","background-attachment":"scroll","background-type":"","background-media":"","overlay-type":"","overlay-color":"","overlay-opacity":"","overlay-gradient":""},"tablet":{"background-color":"","background-image":"","background-repeat":"repeat","background-position":"center center","background-size":"auto","background-attachment":"scroll","background-type":"","background-media":"","overlay-type":"","overlay-color":"","overlay-opacity":"","overlay-gradient":""},"mobile":{"background-color":"","background-image":"","background-repeat":"repeat","background-position":"center center","background-size":"auto","background-attachment":"scroll","background-type":"","background-media":"","overlay-type":"","overlay-color":"","overlay-opacity":"","overlay-gradient":""}},"ast-content-background-meta":{"desktop":{"background-color":"var(--ast-global-color-4)","background-image":"","background-repeat":"repeat","background-position":"center center","background-size":"auto","background-attachment":"scroll","background-type":"","background-media":"","overlay-type":"","overlay-color":"","overlay-opacity":"","overlay-gradient":""},"tablet":{"background-color":"var(--ast-global-color-4)","background-image":"","background-repeat":"repeat","background-position":"center center","background-size":"auto","background-attachment":"scroll","background-type":"","background-media":"","overlay-type":"","overlay-color":"","overlay-opacity":"","overlay-gradient":""},"mobile":{"background-color":"var(--ast-global-color-4)","background-image":"","background-repeat":"repeat","background-position":"center center","background-size":"auto","background-attachment":"scroll","background-type":"","background-media":"","overlay-type":"","overlay-color":"","overlay-opacity":"","overlay-gradient":""}},"footnotes":""},"class_list":["post-9086","page","type-page","status-publish","hentry"],"_links":{"self":[{"href":"https:\/\/ingns.com\/es\/wp-json\/wp\/v2\/pages\/9086","targetHints":{"allow":["GET"]}}],"collection":[{"href":"https:\/\/ingns.com\/es\/wp-json\/wp\/v2\/pages"}],"about":[{"href":"https:\/\/ingns.com\/es\/wp-json\/wp\/v2\/types\/page"}],"author":[{"embeddable":true,"href":"https:\/\/ingns.com\/es\/wp-json\/wp\/v2\/users\/1"}],"replies":[{"embeddable":true,"href":"https:\/\/ingns.com\/es\/wp-json\/wp\/v2\/comments?post=9086"}],"version-history":[{"count":5,"href":"https:\/\/ingns.com\/es\/wp-json\/wp\/v2\/pages\/9086\/revisions"}],"predecessor-version":[{"id":14307,"href":"https:\/\/ingns.com\/es\/wp-json\/wp\/v2\/pages\/9086\/revisions\/14307"}],"up":[{"embeddable":true,"href":"https:\/\/ingns.com\/es\/wp-json\/wp\/v2\/pages\/9078"}],"wp:attachment":[{"href":"https:\/\/ingns.com\/es\/wp-json\/wp\/v2\/media?parent=9086"}],"curies":[{"name":"wp","href":"https:\/\/api.w.org\/{rel}","templated":true}]}}