{"id":9014,"date":"2023-09-13T10:32:38","date_gmt":"2023-09-13T10:32:38","guid":{"rendered":"https:\/\/ingns.com\/productos\/oscilobatiente\/accesorios-del-oscilobatiente-invisible\/"},"modified":"2024-09-09T08:50:35","modified_gmt":"2024-09-09T08:50:35","slug":"accesorios-del-oscilobatiente-invisible","status":"publish","type":"page","link":"https:\/\/ingns.com\/es\/productos\/oscilobatiente\/accesorios-del-oscilobatiente-invisible\/","title":{"rendered":"Accesorios del Oscilobatiente Invisible"},"content":{"rendered":"\n<div style=\"height:50px\" aria-hidden=\"true\" class=\"wp-block-spacer\"><\/div>\n\n<h2 class=\"wp-block-heading has-neve-link-color-color has-text-color\">ACCESORIOS DEL OSCILOBATIENTE INVISIBLE<\/h2>\n\n<p class=\"has-link-color wp-elements-7c2ae3aa92e2946a8efb2e2f186ca4cc\"><a href=\"https:\/\/ingns.com\/es\/productos\/oscilobatiente\/oscilobatiente-normal\/\">ANTERIOR<\/a><\/p>\n\n<div style=\"height:25px\" aria-hidden=\"true\" class=\"wp-block-spacer\"><\/div>\n\n<div class=\"wp-block-columns is-layout-flex wp-container-core-columns-is-layout-28f84493 wp-block-columns-is-layout-flex\">\n<div class=\"wp-block-column is-vertically-aligned-bottom is-layout-flow wp-block-column-is-layout-flow\">\n<figure class=\"wp-block-image aligncenter size-large is-resized\"><a href=\"https:\/\/ingns.com\/es\/productos\/oscilobatiente\/accesorios-del-oscilobatiente-invisible\/angulo-de-reenvio-inferior-invisible-5212\/\"><img decoding=\"async\" src=\"http:\/\/ingns.com\/wp-content\/uploads\/2023\/09\/Ref.-5212-Inv-1024x886.png\" alt=\"\" class=\"wp-image-2367\" style=\"width:220px;height:190px\"\/><\/a><\/figure>\n\n\n\n<div style=\"height:15px\" aria-hidden=\"true\" class=\"wp-block-spacer\"><\/div>\n\n\n\n<p class=\"has-text-align-center\">\u00c1ngulo de Reenv\u00edo Inferior Invisible 5212<\/p>\n<\/div>\n\n\n\n<div class=\"wp-block-column is-vertically-aligned-bottom is-layout-flow wp-block-column-is-layout-flow\">\n<figure class=\"wp-block-image aligncenter size-large is-resized\"><a href=\"https:\/\/ingns.com\/es\/productos\/oscilobatiente\/accesorios-del-oscilobatiente-invisible\/punto-de-cierre-ajustable-invisible-5211\/\"><img decoding=\"async\" src=\"http:\/\/ingns.com\/wp-content\/uploads\/2023\/09\/Ref.-5211-Inv-1024x886.png\" alt=\"\" class=\"wp-image-2366\" style=\"width:218px;height:189px\"\/><\/a><\/figure>\n\n\n\n<div style=\"height:15px\" aria-hidden=\"true\" class=\"wp-block-spacer\"><\/div>\n\n\n\n<p class=\"has-text-align-center\">Punto de Cierre Ajustable Invisible 5211<\/p>\n\n\n\n<div style=\"height:25px\" aria-hidden=\"true\" class=\"wp-block-spacer\"><\/div>\n<\/div>\n\n\n\n<div class=\"wp-block-column is-vertically-aligned-bottom is-layout-flow wp-block-column-is-layout-flow\">\n<figure class=\"wp-block-image aligncenter size-full is-resized\"><a href=\"https:\/\/ingns.com\/es\/productos\/oscilobatiente\/accesorios-del-oscilobatiente-invisible\/compas-suplementario-invisible-5209\/\"><img decoding=\"async\" src=\"http:\/\/ingns.com\/wp-content\/uploads\/2023\/09\/Ref.-5209-Inv.png\" alt=\"\" class=\"wp-image-2365\" style=\"width:213px;height:65px\"\/><\/a><\/figure>\n\n\n\n<div style=\"height:15px\" aria-hidden=\"true\" class=\"wp-block-spacer\"><\/div>\n\n\n\n<p class=\"has-text-align-center\">Comp\u00e1s Suplementario Invisible 5209<\/p>\n<\/div>\n\n\n\n<div class=\"wp-block-column is-vertically-aligned-bottom is-layout-flow wp-block-column-is-layout-flow\">\n<figure class=\"wp-block-image aligncenter size-large is-resized\"><a href=\"https:\/\/ingns.com\/es\/productos\/oscilobatiente\/accesorios-del-oscilobatiente-invisible\/bisagra-de-2a-hoja-invisible-9505\/\"><img decoding=\"async\" src=\"http:\/\/ingns.com\/wp-content\/uploads\/2023\/09\/Ref.-9505-Inv-644x1024.png\" alt=\"\" class=\"wp-image-2372\" style=\"width:144px;height:230px\"\/><\/a><\/figure>\n\n\n\n<div style=\"height:15px\" aria-hidden=\"true\" class=\"wp-block-spacer\"><\/div>\n\n\n\n<p class=\"has-text-align-center\">Bisagra de 2\u00aa Hoja Invisible 9505<\/p>\n<\/div>\n\n\n\n<div class=\"wp-block-column is-vertically-aligned-bottom is-layout-flow wp-block-column-is-layout-flow\">\n<figure class=\"wp-block-image aligncenter size-large is-resized\"><a href=\"https:\/\/ingns.com\/es\/productos\/oscilobatiente\/accesorios-del-oscilobatiente-invisible\/cierre-de-2a-hoja-bidireccional-invisible-7000\/\"><img decoding=\"async\" src=\"http:\/\/ingns.com\/wp-content\/uploads\/2023\/09\/Ref.-7000-Inv-643x1024.png\" alt=\"\" class=\"wp-image-2371\" style=\"width:144px;height:230px\"\/><\/a><\/figure>\n\n\n\n<div style=\"height:15px\" aria-hidden=\"true\" class=\"wp-block-spacer\"><\/div>\n\n\n\n<p class=\"has-text-align-center\">Cierre de 2\u00aa Hoja Bidireccional Invisible 7000<\/p>\n<\/div>\n<\/div>\n\n<div style=\"height:10px\" aria-hidden=\"true\" class=\"wp-block-spacer\"><\/div>\n\n<div class=\"wp-block-columns is-layout-flex wp-container-core-columns-is-layout-28f84493 wp-block-columns-is-layout-flex\">\n<div class=\"wp-block-column is-vertically-aligned-bottom is-layout-flow wp-block-column-is-layout-flow\">\n<figure class=\"wp-block-image aligncenter size-large is-resized\"><a href=\"https:\/\/ingns.com\/es\/productos\/oscilobatiente\/accesorios-del-oscilobatiente-invisible\/cierre-de-2a-hoja-zamakl-invisible-5506\/\"><img decoding=\"async\" src=\"http:\/\/ingns.com\/wp-content\/uploads\/2023\/09\/Ref.-5506-Inv-623x1024.png\" alt=\"\" class=\"wp-image-2370\" style=\"width:141px;height:230px\"\/><\/a><\/figure>\n\n\n\n<div style=\"height:15px\" aria-hidden=\"true\" class=\"wp-block-spacer\"><\/div>\n\n\n\n<p class=\"has-text-align-center\">Cierre de 2\u00aa Hoja Zamak Invisible 5506<\/p>\n<\/div>\n\n\n\n<div class=\"wp-block-column is-vertically-aligned-bottom is-layout-flow wp-block-column-is-layout-flow\">\n<figure class=\"wp-block-image aligncenter size-full is-resized\"><a href=\"https:\/\/ingns.com\/es\/productos\/oscilobatiente\/accesorios-del-oscilobatiente-invisible\/microventilacion-invisible-5250\/\"><img decoding=\"async\" src=\"http:\/\/ingns.com\/wp-content\/uploads\/2023\/09\/Ref.-5250-Inv.png\" alt=\"\" class=\"wp-image-2369\" style=\"width:186px;height:75px\"\/><\/a><\/figure>\n\n\n\n<div style=\"height:15px\" aria-hidden=\"true\" class=\"wp-block-spacer\"><\/div>\n\n\n\n<p class=\"has-text-align-center\">Microventilaci\u00f3n Invisible 5250<\/p>\n<\/div>\n\n\n\n<div class=\"wp-block-column is-vertically-aligned-bottom is-layout-flow wp-block-column-is-layout-flow\">\n<figure class=\"wp-block-image aligncenter size-full is-resized\"><a href=\"https:\/\/ingns.com\/es\/productos\/oscilobatiente\/accesorios-del-oscilobatiente-invisible\/puntos-de-cierre-invisible-5214-5215\/\"><img decoding=\"async\" src=\"http:\/\/ingns.com\/wp-content\/uploads\/2023\/09\/Ref.-5214-5215-Inv.png\" alt=\"\" class=\"wp-image-2368\" style=\"width:194px;height:230px\"\/><\/a><\/figure>\n\n\n\n<div style=\"height:15px\" aria-hidden=\"true\" class=\"wp-block-spacer\"><\/div>\n\n\n\n<p class=\"has-text-align-center\">Puntos de Cierre Invisible 5214 \/ 5215<\/p>\n<\/div>\n\n\n\n<div class=\"wp-block-column is-vertically-aligned-bottom is-layout-flow wp-block-column-is-layout-flow\"><\/div>\n\n\n\n<div class=\"wp-block-column is-vertically-aligned-bottom is-layout-flow wp-block-column-is-layout-flow\"><\/div>\n<\/div>\n\n<div style=\"height:70px\" aria-hidden=\"true\" class=\"wp-block-spacer\"><\/div>\n","protected":false},"excerpt":{"rendered":"<p>ACCESORIOS DEL OSCILOBATIENTE INVISIBLE ANTERIOR \u00c1ngulo de Reenv\u00edo Inferior Invisible 5212 Punto de Cierre Ajustable Invisible 5211 Comp\u00e1s Suplementario Invisible [&hellip;]<\/p>\n","protected":false},"author":1,"featured_media":0,"parent":8984,"menu_order":4,"comment_status":"closed","ping_status":"closed","template":"","meta":{"site-sidebar-layout":"default","site-content-layout":"","ast-site-content-layout":"default","site-content-style":"default","site-sidebar-style":"default","ast-global-header-display":"","ast-banner-title-visibility":"","ast-main-header-display":"","ast-hfb-above-header-display":"","ast-hfb-below-header-display":"","ast-hfb-mobile-header-display":"","site-post-title":"","ast-breadcrumbs-content":"","ast-featured-img":"","footer-sml-layout":"","ast-disable-related-posts":"","theme-transparent-header-meta":"","adv-header-id-meta":"","stick-header-meta":"","header-above-stick-meta":"","header-main-stick-meta":"","header-below-stick-meta":"","astra-migrate-meta-layouts":"default","ast-page-background-enabled":"default","ast-page-background-meta":{"desktop":{"background-color":"var(--ast-global-color-5)","background-image":"","background-repeat":"repeat","background-position":"center center","background-size":"auto","background-attachment":"scroll","background-type":"","background-media":"","overlay-type":"","overlay-color":"","overlay-opacity":"","overlay-gradient":""},"tablet":{"background-color":"","background-image":"","background-repeat":"repeat","background-position":"center center","background-size":"auto","background-attachment":"scroll","background-type":"","background-media":"","overlay-type":"","overlay-color":"","overlay-opacity":"","overlay-gradient":""},"mobile":{"background-color":"","background-image":"","background-repeat":"repeat","background-position":"center center","background-size":"auto","background-attachment":"scroll","background-type":"","background-media":"","overlay-type":"","overlay-color":"","overlay-opacity":"","overlay-gradient":""}},"ast-content-background-meta":{"desktop":{"background-color":"var(--ast-global-color-4)","background-image":"","background-repeat":"repeat","background-position":"center center","background-size":"auto","background-attachment":"scroll","background-type":"","background-media":"","overlay-type":"","overlay-color":"","overlay-opacity":"","overlay-gradient":""},"tablet":{"background-color":"var(--ast-global-color-4)","background-image":"","background-repeat":"repeat","background-position":"center center","background-size":"auto","background-attachment":"scroll","background-type":"","background-media":"","overlay-type":"","overlay-color":"","overlay-opacity":"","overlay-gradient":""},"mobile":{"background-color":"var(--ast-global-color-4)","background-image":"","background-repeat":"repeat","background-position":"center center","background-size":"auto","background-attachment":"scroll","background-type":"","background-media":"","overlay-type":"","overlay-color":"","overlay-opacity":"","overlay-gradient":""}},"footnotes":""},"class_list":["post-9014","page","type-page","status-publish","hentry"],"_links":{"self":[{"href":"https:\/\/ingns.com\/es\/wp-json\/wp\/v2\/pages\/9014","targetHints":{"allow":["GET"]}}],"collection":[{"href":"https:\/\/ingns.com\/es\/wp-json\/wp\/v2\/pages"}],"about":[{"href":"https:\/\/ingns.com\/es\/wp-json\/wp\/v2\/types\/page"}],"author":[{"embeddable":true,"href":"https:\/\/ingns.com\/es\/wp-json\/wp\/v2\/users\/1"}],"replies":[{"embeddable":true,"href":"https:\/\/ingns.com\/es\/wp-json\/wp\/v2\/comments?post=9014"}],"version-history":[{"count":3,"href":"https:\/\/ingns.com\/es\/wp-json\/wp\/v2\/pages\/9014\/revisions"}],"predecessor-version":[{"id":13278,"href":"https:\/\/ingns.com\/es\/wp-json\/wp\/v2\/pages\/9014\/revisions\/13278"}],"up":[{"embeddable":true,"href":"https:\/\/ingns.com\/es\/wp-json\/wp\/v2\/pages\/8984"}],"wp:attachment":[{"href":"https:\/\/ingns.com\/es\/wp-json\/wp\/v2\/media?parent=9014"}],"curies":[{"name":"wp","href":"https:\/\/api.w.org\/{rel}","templated":true}]}}