{"id":8968,"date":"2023-09-18T15:42:56","date_gmt":"2023-09-18T15:42:56","guid":{"rendered":"https:\/\/ingns.com\/productos\/cerraduras\/eletricas\/cerradura-de-la-ref-504-a-b-505-a-b-506-a-b-507-a-b\/"},"modified":"2024-09-20T09:40:00","modified_gmt":"2024-09-20T09:40:00","slug":"cerradura-de-la-ref-504-a-b-505-a-b-506-a-b-507-a-b","status":"publish","type":"page","link":"https:\/\/ingns.com\/es\/productos\/cerraduras\/eletricas\/cerradura-de-la-ref-504-a-b-505-a-b-506-a-b-507-a-b\/","title":{"rendered":"Cerradura de la Ref. 504 A\/B. 505 A\/B. 506 A\/B. 507 A\/B"},"content":{"rendered":"\n<div style=\"height:50px\" aria-hidden=\"true\" class=\"wp-block-spacer\"><\/div>\n\n<h2 class=\"wp-block-heading has-neve-link-color-color has-text-color\">504 A\/B. 505 A\/B. 506 A\/B. 507 A\/B<\/h2>\n\n<p class=\"has-link-color wp-elements-5d4068b9a3e480af73560776833e75ee\"><a href=\"https:\/\/ingns.com\/es\/productos\/cerraduras\/eletricas\/\">ANTERIOR<\/a><\/p>\n\n<div style=\"height:25px\" aria-hidden=\"true\" class=\"wp-block-spacer\"><\/div>\n\n<div class=\"wp-block-columns is-layout-flex wp-container-core-columns-is-layout-28f84493 wp-block-columns-is-layout-flex\">\n<div class=\"wp-block-column is-vertically-aligned-center is-layout-flow wp-block-column-is-layout-flow\">\n<figure class=\"wp-block-image aligncenter size-large is-resized\"><img loading=\"lazy\" decoding=\"async\" width=\"1024\" height=\"190\" src=\"http:\/\/ingns.com\/wp-content\/uploads\/2023\/10\/Render-da-TE-500-02-2-1024x190.png\" alt=\"\" class=\"wp-image-2630\" style=\"width:458px;height:85px\" srcset=\"https:\/\/ingns.com\/wp-content\/uploads\/2023\/10\/Render-da-TE-500-02-2-1024x190.png 1024w, https:\/\/ingns.com\/wp-content\/uploads\/2023\/10\/Render-da-TE-500-02-2-300x56.png 300w, https:\/\/ingns.com\/wp-content\/uploads\/2023\/10\/Render-da-TE-500-02-2-150x28.png 150w, https:\/\/ingns.com\/wp-content\/uploads\/2023\/10\/Render-da-TE-500-02-2-768x142.png 768w, https:\/\/ingns.com\/wp-content\/uploads\/2023\/10\/Render-da-TE-500-02-2-18x3.png 18w, https:\/\/ingns.com\/wp-content\/uploads\/2023\/10\/Render-da-TE-500-02-2-20x4.png 20w, https:\/\/ingns.com\/wp-content\/uploads\/2023\/10\/Render-da-TE-500-02-2.png 1213w\" sizes=\"auto, (max-width: 1024px) 100vw, 1024px\" \/><\/figure>\n<\/div>\n\n\n\n<div class=\"wp-block-column is-layout-flow wp-block-column-is-layout-flow\">\n<h3 class=\"wp-block-heading\">Detalles<\/h3>\n\n\n\n<p style=\"text-align: justify;\">Cerradero el\u00e9ctrico para cerraduras de embutir.<br>Frente de acero inoxidable. F\u00e1cil conversi\u00f3n de posici\u00f3n derecha \/ izquierda.<\/p>\n\n\n\n<figure class=\"wp-block-image size-full is-resized\"><img decoding=\"async\" src=\"https:\/\/ingns.com\/wp-content\/uploads\/2024\/03\/Icones-28.png\" alt=\"\" class=\"wp-image-10280\" style=\"width:auto;height:35px\"\/><\/figure>\n\n\n\n<div style=\"height:35px\" aria-hidden=\"true\" class=\"wp-block-spacer\"><\/div>\n\n\n\n<h3 class=\"wp-block-heading\">Descargar<\/h3>\n\n\n\n<p class=\"has-link-color wp-elements-3e09124266a26f720baf1aa4a6188273\"><a href=\"https:\/\/ingns.com\/wp-content\/uploads\/2024\/03\/FT-Testas-500.pdf\" data-type=\"link\" data-id=\"https:\/\/ingns.com\/wp-content\/uploads\/2024\/03\/FT-Testas-500.pdf\" target=\"_blank\" rel=\"noreferrer noopener\">FICHA T\u00c9CNICA<\/a><\/p>\n<\/div>\n<\/div>\n\n<div style=\"height:70px\" aria-hidden=\"true\" class=\"wp-block-spacer\"><\/div>\n","protected":false},"excerpt":{"rendered":"<p>504 A\/B. 505 A\/B. 506 A\/B. 507 A\/B ANTERIOR Detalles Cerradero el\u00e9ctrico para cerraduras de embutir.Frente de acero inoxidable. F\u00e1cil [&hellip;]<\/p>\n","protected":false},"author":1,"featured_media":0,"parent":8964,"menu_order":2,"comment_status":"closed","ping_status":"closed","template":"","meta":{"site-sidebar-layout":"default","site-content-layout":"","ast-site-content-layout":"default","site-content-style":"default","site-sidebar-style":"default","ast-global-header-display":"","ast-banner-title-visibility":"","ast-main-header-display":"","ast-hfb-above-header-display":"","ast-hfb-below-header-display":"","ast-hfb-mobile-header-display":"","site-post-title":"","ast-breadcrumbs-content":"","ast-featured-img":"","footer-sml-layout":"","ast-disable-related-posts":"","theme-transparent-header-meta":"","adv-header-id-meta":"","stick-header-meta":"","header-above-stick-meta":"","header-main-stick-meta":"","header-below-stick-meta":"","astra-migrate-meta-layouts":"default","ast-page-background-enabled":"default","ast-page-background-meta":{"desktop":{"background-color":"var(--ast-global-color-5)","background-image":"","background-repeat":"repeat","background-position":"center center","background-size":"auto","background-attachment":"scroll","background-type":"","background-media":"","overlay-type":"","overlay-color":"","overlay-opacity":"","overlay-gradient":""},"tablet":{"background-color":"","background-image":"","background-repeat":"repeat","background-position":"center center","background-size":"auto","background-attachment":"scroll","background-type":"","background-media":"","overlay-type":"","overlay-color":"","overlay-opacity":"","overlay-gradient":""},"mobile":{"background-color":"","background-image":"","background-repeat":"repeat","background-position":"center center","background-size":"auto","background-attachment":"scroll","background-type":"","background-media":"","overlay-type":"","overlay-color":"","overlay-opacity":"","overlay-gradient":""}},"ast-content-background-meta":{"desktop":{"background-color":"var(--ast-global-color-4)","background-image":"","background-repeat":"repeat","background-position":"center center","background-size":"auto","background-attachment":"scroll","background-type":"","background-media":"","overlay-type":"","overlay-color":"","overlay-opacity":"","overlay-gradient":""},"tablet":{"background-color":"var(--ast-global-color-4)","background-image":"","background-repeat":"repeat","background-position":"center center","background-size":"auto","background-attachment":"scroll","background-type":"","background-media":"","overlay-type":"","overlay-color":"","overlay-opacity":"","overlay-gradient":""},"mobile":{"background-color":"var(--ast-global-color-4)","background-image":"","background-repeat":"repeat","background-position":"center center","background-size":"auto","background-attachment":"scroll","background-type":"","background-media":"","overlay-type":"","overlay-color":"","overlay-opacity":"","overlay-gradient":""}},"footnotes":""},"class_list":["post-8968","page","type-page","status-publish","hentry"],"_links":{"self":[{"href":"https:\/\/ingns.com\/es\/wp-json\/wp\/v2\/pages\/8968","targetHints":{"allow":["GET"]}}],"collection":[{"href":"https:\/\/ingns.com\/es\/wp-json\/wp\/v2\/pages"}],"about":[{"href":"https:\/\/ingns.com\/es\/wp-json\/wp\/v2\/types\/page"}],"author":[{"embeddable":true,"href":"https:\/\/ingns.com\/es\/wp-json\/wp\/v2\/users\/1"}],"replies":[{"embeddable":true,"href":"https:\/\/ingns.com\/es\/wp-json\/wp\/v2\/comments?post=8968"}],"version-history":[{"count":6,"href":"https:\/\/ingns.com\/es\/wp-json\/wp\/v2\/pages\/8968\/revisions"}],"predecessor-version":[{"id":14115,"href":"https:\/\/ingns.com\/es\/wp-json\/wp\/v2\/pages\/8968\/revisions\/14115"}],"up":[{"embeddable":true,"href":"https:\/\/ingns.com\/es\/wp-json\/wp\/v2\/pages\/8964"}],"wp:attachment":[{"href":"https:\/\/ingns.com\/es\/wp-json\/wp\/v2\/media?parent=8968"}],"curies":[{"name":"wp","href":"https:\/\/api.w.org\/{rel}","templated":true}]}}