{"id":8962,"date":"2023-09-18T14:07:07","date_gmt":"2023-09-18T14:07:07","guid":{"rendered":"https:\/\/ingns.com\/productos\/cerraduras\/engranajes\/cerradura-de-la-ref-7615\/"},"modified":"2024-09-20T09:19:13","modified_gmt":"2024-09-20T09:19:13","slug":"cerradura-de-la-ref-7615","status":"publish","type":"page","link":"https:\/\/ingns.com\/es\/productos\/cerraduras\/engranajes\/cerradura-de-la-ref-7615\/","title":{"rendered":"Cerradura de la Ref. 7615"},"content":{"rendered":"\n<div style=\"height:50px\" aria-hidden=\"true\" class=\"wp-block-spacer\"><\/div>\n\n<h2 class=\"wp-block-heading has-neve-link-color-color has-text-color\">7615<\/h2>\n\n<p class=\"has-link-color wp-elements-bd764d3f6b56ff235d3e88698a8a0712\"><a href=\"https:\/\/ingns.com\/es\/productos\/cerraduras\/engranajes\/\">ANTERIOR<\/a><\/p>\n\n<div style=\"height:25px\" aria-hidden=\"true\" class=\"wp-block-spacer\"><\/div>\n\n<div class=\"wp-block-columns is-layout-flex wp-container-core-columns-is-layout-28f84493 wp-block-columns-is-layout-flex\">\n<div class=\"wp-block-column is-vertically-aligned-center is-layout-flow wp-block-column-is-layout-flow\">\n<figure class=\"wp-block-image aligncenter size-full\"><img decoding=\"async\" src=\"http:\/\/ingns.com\/wp-content\/uploads\/2023\/10\/Render-Ref.-7615-2.png\" alt=\"\" class=\"wp-image-2628\"\/><\/figure>\n<\/div>\n\n\n\n<div class=\"wp-block-column is-layout-flow wp-block-column-is-layout-flow\">\n<h3 class=\"wp-block-heading\">Detalles<\/h3>\n\n\n\n<p style=\"text-align: justify;\">El sistema de movimiento del cierre de engranajes se desarroll\u00f3 para permitir un cierre robusto, suave y progresivo de todo el sistema.<br>La cerradura de engranajes ha alcanzado la categor\u00eda elevada en pruebas realizadas por un laboratorio independiente. En el mismo ensayo, se le asign\u00f3 la clasificaci\u00f3n de durabilidad, habiendo superado la cerradura los 200 000 ciclos. <\/p>\n\n\n\n<figure class=\"wp-block-image size-full is-resized\"><img decoding=\"async\" src=\"https:\/\/ingns.com\/wp-content\/uploads\/2024\/03\/Icones-01.png\" alt=\"\" class=\"wp-image-10172\" style=\"width:auto;height:35px\"\/><\/figure>\n\n\n\n<div style=\"height:35px\" aria-hidden=\"true\" class=\"wp-block-spacer\"><\/div>\n\n\n\n<h3 class=\"wp-block-heading\">Descargar<\/h3>\n\n\n\n<p class=\"has-link-color wp-elements-5955bace73cc61e6b3512989dd2c96cf\"><a href=\"https:\/\/ingns.com\/wp-content\/uploads\/2024\/03\/FT-7615.pdf\" data-type=\"link\" data-id=\"https:\/\/ingns.com\/wp-content\/uploads\/2024\/03\/FT-7615.pdf\" target=\"_blank\" rel=\"noreferrer noopener\">FICHA T\u00c9CNICA<\/a><\/p>\n<\/div>\n<\/div>\n\n<div style=\"height:70px\" aria-hidden=\"true\" class=\"wp-block-spacer\"><\/div>\n","protected":false},"excerpt":{"rendered":"<p>7615 ANTERIOR Detalles El sistema de movimiento del cierre de engranajes se desarroll\u00f3 para permitir un cierre robusto, suave y [&hellip;]<\/p>\n","protected":false},"author":1,"featured_media":0,"parent":8958,"menu_order":1,"comment_status":"closed","ping_status":"closed","template":"","meta":{"site-sidebar-layout":"default","site-content-layout":"","ast-site-content-layout":"default","site-content-style":"default","site-sidebar-style":"default","ast-global-header-display":"","ast-banner-title-visibility":"","ast-main-header-display":"","ast-hfb-above-header-display":"","ast-hfb-below-header-display":"","ast-hfb-mobile-header-display":"","site-post-title":"","ast-breadcrumbs-content":"","ast-featured-img":"","footer-sml-layout":"","ast-disable-related-posts":"","theme-transparent-header-meta":"","adv-header-id-meta":"","stick-header-meta":"","header-above-stick-meta":"","header-main-stick-meta":"","header-below-stick-meta":"","astra-migrate-meta-layouts":"default","ast-page-background-enabled":"default","ast-page-background-meta":{"desktop":{"background-color":"var(--ast-global-color-5)","background-image":"","background-repeat":"repeat","background-position":"center center","background-size":"auto","background-attachment":"scroll","background-type":"","background-media":"","overlay-type":"","overlay-color":"","overlay-opacity":"","overlay-gradient":""},"tablet":{"background-color":"","background-image":"","background-repeat":"repeat","background-position":"center center","background-size":"auto","background-attachment":"scroll","background-type":"","background-media":"","overlay-type":"","overlay-color":"","overlay-opacity":"","overlay-gradient":""},"mobile":{"background-color":"","background-image":"","background-repeat":"repeat","background-position":"center center","background-size":"auto","background-attachment":"scroll","background-type":"","background-media":"","overlay-type":"","overlay-color":"","overlay-opacity":"","overlay-gradient":""}},"ast-content-background-meta":{"desktop":{"background-color":"var(--ast-global-color-4)","background-image":"","background-repeat":"repeat","background-position":"center center","background-size":"auto","background-attachment":"scroll","background-type":"","background-media":"","overlay-type":"","overlay-color":"","overlay-opacity":"","overlay-gradient":""},"tablet":{"background-color":"var(--ast-global-color-4)","background-image":"","background-repeat":"repeat","background-position":"center center","background-size":"auto","background-attachment":"scroll","background-type":"","background-media":"","overlay-type":"","overlay-color":"","overlay-opacity":"","overlay-gradient":""},"mobile":{"background-color":"var(--ast-global-color-4)","background-image":"","background-repeat":"repeat","background-position":"center center","background-size":"auto","background-attachment":"scroll","background-type":"","background-media":"","overlay-type":"","overlay-color":"","overlay-opacity":"","overlay-gradient":""}},"footnotes":""},"class_list":["post-8962","page","type-page","status-publish","hentry"],"_links":{"self":[{"href":"https:\/\/ingns.com\/es\/wp-json\/wp\/v2\/pages\/8962","targetHints":{"allow":["GET"]}}],"collection":[{"href":"https:\/\/ingns.com\/es\/wp-json\/wp\/v2\/pages"}],"about":[{"href":"https:\/\/ingns.com\/es\/wp-json\/wp\/v2\/types\/page"}],"author":[{"embeddable":true,"href":"https:\/\/ingns.com\/es\/wp-json\/wp\/v2\/users\/1"}],"replies":[{"embeddable":true,"href":"https:\/\/ingns.com\/es\/wp-json\/wp\/v2\/comments?post=8962"}],"version-history":[{"count":5,"href":"https:\/\/ingns.com\/es\/wp-json\/wp\/v2\/pages\/8962\/revisions"}],"predecessor-version":[{"id":14109,"href":"https:\/\/ingns.com\/es\/wp-json\/wp\/v2\/pages\/8962\/revisions\/14109"}],"up":[{"embeddable":true,"href":"https:\/\/ingns.com\/es\/wp-json\/wp\/v2\/pages\/8958"}],"wp:attachment":[{"href":"https:\/\/ingns.com\/es\/wp-json\/wp\/v2\/media?parent=8962"}],"curies":[{"name":"wp","href":"https:\/\/api.w.org\/{rel}","templated":true}]}}