{"id":8826,"date":"2023-11-07T17:36:01","date_gmt":"2023-11-07T17:36:01","guid":{"rendered":"https:\/\/ingns.com\/terminos-de-uso\/"},"modified":"2024-09-10T11:10:48","modified_gmt":"2024-09-10T11:10:48","slug":"terminos-de-uso","status":"publish","type":"page","link":"https:\/\/ingns.com\/es\/terminos-de-uso\/","title":{"rendered":"T\u00e9rminos de Uso"},"content":{"rendered":"\n<div style=\"height:50px\" aria-hidden=\"true\" class=\"wp-block-spacer\"><\/div>\n\n<h2 class=\"wp-block-heading has-neve-link-color-color has-text-color has-link-color wp-elements-7dfd36df145023b43cefaf73216589e6\">T\u00c9RMINOS DE USO<\/h2>\n\n<div style=\"height:25px\" aria-hidden=\"true\" class=\"wp-block-spacer\"><\/div>\n<p><strong>1. T\u00e9rminos de uso de la GNS<\/strong><\/p>\n<p style=\"text-align: justify;\">a) Cualquier uso del sitio proporcionado por GNS &#8211; Georgina Neto dos Santos, Lda., est\u00e1 sujeto a estos T\u00e9rminos de Uso. Los T\u00e9rminos de Uso pueden ser modificados o reemplazados por otros t\u00e9rminos y condiciones, por ejemplo, para la compra de productos y servicios. Al iniciar sesi\u00f3n, o cada vez que no se requiera iniciar sesi\u00f3n, para acceder o utilizar el sitio, se aceptan los T\u00e9rminos de Uso en su versi\u00f3n actual.<\/p>\n<p style=\"text-align: justify;\">b) En caso de que el usuario utilice el sitio dentro del \u00e1mbito de su actividad comercial, negocio o profesi\u00f3n, no ser\u00e1n aplicables las Leyes de Defensa del Consumidor.<\/p>\n<p><strong>2. Servicios<\/strong><\/p>\n<p style=\"text-align: justify;\">a) Este sitio contiene informaci\u00f3n y softwares espec\u00edficos, as\u00ed como -seg\u00fan sea el caso- documentaci\u00f3n relacionada, para la visualizaci\u00f3n y descarga.<\/p>\n<p style=\"text-align: justify;\">b) La GNS podr\u00e1 discontinuar total o parcialmente el funcionamiento del sitio en cualquier momento. Debido a la naturaleza de internet y de los sistemas inform\u00e1ticos, GNS no asume la responsabilidad continua del sitio.<\/p>\n<p><strong>3. Registro y Contrase\u00f1a<\/strong><\/p>\n<p style=\"text-align: justify;\">a) Algunas p\u00e1ginas del sitio pueden estar protegidas con una contrase\u00f1a. En inter\u00e9s de la seguridad de las transacciones comerciales, solo los usuarios registrados pueden acceder a las p\u00e1ginas mencionadas. La empresa se reserva el derecho de determinar que ciertos sitios, que anteriormente eran de acceso libre, est\u00e9n sujetos a registro. La GNS tiene el derecho, en cualquier momento y sin la obligaci\u00f3n de proporcionar una justificaci\u00f3n, de negar a cualquier usuario el acceso a un \u00e1rea protegida con contrase\u00f1a, bloqueando sus datos de usuario, en particular, si utiliza datos falsos con el objetivo de registrarse,<\/p>\n<ul>\n<li style=\"text-align: justify;\">violando los T\u00e9rminos de Uso o descuidando su deber de diligencia hacia los datos del usuario;<\/li>\n<li style=\"text-align: justify;\">violando cualquier legislaci\u00f3n aplicable durante el acceso o el uso del sitio web de GNS.<\/li>\n<\/ul>\n<p style=\"text-align: justify;\">b) Para efectos de registro, el usuario proporcionar\u00e1 informaci\u00f3n precisa y, siempre que dicha informaci\u00f3n cambie, actualizar\u00e1 la misma sin demora injustificada. Lo mismo garantizar\u00e1 que su direcci\u00f3n de correo electr\u00f3nico, tal como se proporciona a GNS, est\u00e9 actualizada en todo momento y constituya una direcci\u00f3n donde el usuario pueda ser contactado.<\/p>\n<p style=\"text-align: justify;\">c) Despu\u00e9s del registro, al usuario se le asignar\u00e1 un ID de usuario y una contrase\u00f1a. En su primer acceso, el usuario cambiar\u00e1 inmediatamente la contrase\u00f1a asignada por GNS por una palabra solo conocida por \u00e9l mismo. Los datos del usuario permiten que este pueda ver o modificar sus datos, o, si corresponde, retirar su consentimiento para el procesamiento de datos.<\/p>\n<p style=\"text-align: justify;\">d) El usuario garantizar\u00e1 que los datos de usuario no estar\u00e1n accesibles para terceros y ser\u00e1 responsable de todas las transacciones y otras actividades realizadas con sus datos. Al final de cada sesi\u00f3n en l\u00ednea, el usuario deber\u00e1 cerrar sesi\u00f3n en el sitio protegido con contrase\u00f1a. Si en la medida en que el usuario tome conocimiento de que terceros est\u00e1n haciendo un uso abusivo de los datos del usuario, notificar\u00e1 a GNS de este hecho sin ninguna justificaci\u00f3n por escrito o por correo electr\u00f3nico, seg\u00fan corresponda.<\/p>\n<p style=\"text-align: justify;\">e) Despu\u00e9s de recibir la notificaci\u00f3n mencionada en la Condici\u00f3n 3 (d), la GNS rechazar\u00e1 el acceso al \u00e1rea protegida con una contrase\u00f1a que tenga los datos de usuario mencionados. El acceso por parte del usuario solo ser\u00e1 posible despu\u00e9s de que \u00e9l lo solicite a la empresa en este sentido o despu\u00e9s de un nuevo registro.<\/p>\n<p style=\"text-align: justify;\">f) El usuario podr\u00e1 solicitar en cualquier momento la cancelaci\u00f3n de su registro por escrito, siempre que dicha eliminaci\u00f3n no viole el cumplimiento correcto de los v\u00ednculos contractuales. En este caso, la GNS eliminar\u00e1 todos los datos de usuario y otros datos personalmente identificables del usuario almacenados tan pronto como dichos datos dejen de ser necesarios.<\/p>\n<p><strong>4. Derechos de Uso de Informaci\u00f3n, Software y Documentaci\u00f3n<\/strong><\/p>\n<p style=\"text-align: justify;\">a) La utilizaci\u00f3n de cualquier informaci\u00f3n, software y documentaci\u00f3n disponible en el sitio est\u00e1 sujeta a estos T\u00e9rminos de Uso. Los t\u00e9rminos de licencias acordadas por separado prevalecer\u00e1n sobre los T\u00e9rminos de Uso.<\/p>\n<p style=\"text-align: justify;\">b) La GNS concede al usuario una licencia no exclusiva y no transferible, que no puede ser sublicenciada, para utilizar la informaci\u00f3n, el software y la documentaci\u00f3n proporcionados a trav\u00e9s del sitio web dentro de los l\u00edmites acordados, o en caso de no llegar a un acuerdo, de acuerdo con el prop\u00f3sito de su disponibilidad por parte de la GNS.<\/p>\n<p style=\"text-align: justify;\">c) El software deber\u00e1 ser proporcionado sin costo alguno en forma de c\u00f3digo ejecutable. No habr\u00e1 derecho a la disponibilizaci\u00f3n del c\u00f3digo fuente. Esto no se aplicar\u00e1 al c\u00f3digo fuente relacionado con el software de c\u00f3digo abierto, cuyas condiciones de licencia prevalecer\u00e1n sobre los T\u00e9rminos de Uso, en caso de transmisi\u00f3n de software de c\u00f3digo abierto cuyas condiciones requieran la disponibilidad del c\u00f3digo fuente. En este caso, GNS proporcionar\u00e1 el c\u00f3digo fuente previo pago de los costos respectivos.<\/p>\n<p style=\"text-align: justify;\">d) La informaci\u00f3n, el software y la documentaci\u00f3n no podr\u00e1n ser distribuidos por el usuario a terceros en ning\u00fan momento, ni podr\u00e1n ser alquilados o de alguna manera puestos a disposici\u00f3n. A menos que est\u00e9 autorizado por ley, el usuario no modificar\u00e1 el software ni la documentaci\u00f3n, ni desmontar\u00e1, reconstruir\u00e1 el proceso de dise\u00f1o ni desagregar\u00e1 el software, ni separar\u00e1 ninguna de sus partes. El usuario podr\u00e1 hacer una copia de seguridad del software siempre que sea necesario para garantizar su uso futuro de acuerdo con los T\u00e9rminos de Uso.<\/p>\n<p style=\"text-align: justify;\">e) La informaci\u00f3n, el software y la documentaci\u00f3n est\u00e1n protegidos por las leyes de derechos de autor, as\u00ed como por tratados internacionales de derechos de autor y otras leyes y convenciones relacionadas con la propiedad intelectual. El usuario cumplir\u00e1 con las leyes mencionadas y, en particular, no modificar\u00e1, ocultar\u00e1 ni remover\u00e1 ning\u00fan c\u00f3digo alfanum\u00e9rico, s\u00edmbolos o avisos de derechos de autor de la informaci\u00f3n, el software o la documentaci\u00f3n, ni de ninguna copia de ninguno de los documentos.<\/p>\n<p><strong>5. Propiedad Intelectual<\/strong><\/p>\n<p style=\"text-align: justify;\">a) No obstante las disposiciones particulares de la Condici\u00f3n 4 de los T\u00e9rminos de Uso, la informaci\u00f3n, nombres de marcas y otros contenidos del sitio son propiedad de la misma, o de sus entidades emisoras de licencias de uso, y est\u00e1n protegidos por las leyes de \u00abcopyright\u00bb y \u00abtrademark\u00bb, y otros derechos de propiedad intelectual, por lo tanto, no podr\u00e1n ser alterados, copiados, reproducidos, vendidos, alquilados, utilizados, complementados o de cualquier otra forma usados sin el consentimiento previo de GNS.<\/p>\n<p style=\"text-align: justify;\">b) Con excepci\u00f3n de los derechos de uso y otros derechos expresamente otorgados por el presente documento, no se concede ning\u00fan otro derecho al usuario, ni se implicar\u00e1 ninguna obligaci\u00f3n que requiera la concesi\u00f3n de derechos adicionales. Todos y cualquier derecho de patente y licencias est\u00e1n expresamente excluidos.<\/p>\n<p><strong>6. Deberes del Usuario<\/strong><\/p>\n<p style=\"text-align: justify;\">a) Durante el acceso y uso del sitio web de GNS, el Usuario:<\/p>\n<ul>\n<li style=\"text-align: justify;\">No perjudicar\u00e1 a otras personas, en particular a los menores de edad, ni infringir\u00e1 sus derechos personales;<\/li>\n<li style=\"text-align: justify;\">No ofender\u00e1 la moral p\u00fablica en la forma en que se utilice;<\/li>\n<li style=\"text-align: justify;\">No infringir\u00e1 ning\u00fan derecho de propiedad intelectual ni ning\u00fan otro derecho de propiedad;<\/li>\n<li style=\"text-align: justify;\">No subir\u00e1 ning\u00fan contenido que contenga virus, troyanos u otro programa que pueda da\u00f1ar los datos;<\/li>\n<li style=\"text-align: justify;\">No transmitir\u00e1, almacenar\u00e1 ni cargar\u00e1 enlaces o contenido al que el usuario no tenga derecho, en particular, en los casos en que dichos enlaces o contenido constituyan una violaci\u00f3n de la obligaci\u00f3n de confidencialidad o sean il\u00edcitos;<\/li>\n<li style=\"text-align: justify;\">No distribuir\u00e1 publicidad ni correos electr\u00f3nicos no solicitados, ni avisos imprecisos sobre virus, defectos o material similar, y el usuario no solicitar\u00e1 ni requerir\u00e1 participar en ning\u00fan sorteo, sistema de \u00abbola de nieve\u00bb, cadena de cartas, esquema piramidal o actividad similar.<\/li>\n<\/ul>\n<p style=\"text-align: justify;\">b) La GNS podr\u00e1 denegar el acceso al sitio en cualquier momento, especialmente si el usuario incumple cualquier obligaci\u00f3n derivada de los presentes T\u00e9rminos de Uso.<\/p>\n<p><strong>7. Hiperv\u00ednculos<\/strong><\/p>\n<p style=\"text-align: justify;\">El sitio web puede contener hiperv\u00ednculos a p\u00e1ginas web de terceros. GNS no ser\u00e1 responsable por el contenido de dichas p\u00e1ginas web y no representa ni respalda dichas p\u00e1ginas, ni sus contenidos como si fueran suyos, ya que no controla la informaci\u00f3n de dichas p\u00e1ginas web y no es responsable por los contenidos e informaciones presentados, el uso de dichas p\u00e1ginas ser\u00e1 bajo el riesgo exclusivo del usuario.<\/p>\n<p><strong>8. Responsabilidad por Defectos del T\u00edtulo o Calidad<\/strong><\/p>\n<p style=\"text-align: justify;\">a) La responsabilidad de GNS por defectos en relaci\u00f3n con la calidad y t\u00edtulo ser\u00e1 determinada de acuerdo con las disposiciones de la Condici\u00f3n 8 de los T\u00e9rminos de Uso. Cualquier responsabilidad adicional de la misma ser\u00e1 excluida, a menos que sea requerida por ley, por ejemplo, en virtud de las Leyes sobre Responsabilidad del Productor en caso de falta dolosa, negligencia grave, lesiones o muerte, incumplimiento de caracter\u00edsticas garantizadas, ocultaci\u00f3n fraudulenta de defecto o en caso de violaci\u00f3n de las obligaciones contractuales fundamentales. La indemnizaci\u00f3n por da\u00f1os en caso de violaci\u00f3n de obligaciones contractuales fundamentales est\u00e1 limitada a los da\u00f1os previsibles t\u00edpicos del contrato, no habiendo falta dolosa ni negligencia grave.<\/p>\n<p style=\"text-align: justify;\">b) La informaci\u00f3n del sitio web puede contener explicaciones o descripciones generales relacionadas con las probabilidades t\u00e9cnicas de productos individuales que pueden no estar disponibles en ciertos casos. El rendimiento del producto se acordar\u00e1 mutuamente en cada caso en el momento de la compra.<\/p>\n<p><strong>9. Responsabilidad Adicional y Virus<\/strong><\/p>\n<p style=\"text-align: justify;\">Aunque GNS hace todos los esfuerzos para mantener el sitio sin virus, no puede garantizar la inexistencia de virus. El usuario, para su propia protecci\u00f3n, deber\u00e1 tomar las medidas necesarias para garantizar las medidas de seguridad apropiadas y utilizar un antivirus antes de descargar cualquier informaci\u00f3n, software y documentaci\u00f3n.<\/p>\n<p><strong>10. Control de Exportaci\u00f3n<\/strong><\/p>\n<p style=\"text-align: justify;\">La exportaci\u00f3n de cierta informaci\u00f3nes, softwares y documentaci\u00f3nes puede, debido a su naturaleza, el prop\u00f3sito para el que fue concebida y su destino final, estar sujeta a licencia. El usuario debe cumplir estrictamente con los regulamentos y normas relacionadas con el Control de Exportaciones para informaci\u00f3n, software y documentaci\u00f3n, en particular los de la UE, sus estados miembros individuales y los de EUA. La GNS clasificar\u00e1 la informaci\u00f3n, el software y la documentaci\u00f3n seg\u00fan las listas de control de exportaci\u00f3n portuguesas, de la UE y de los EU.<\/p>\n<p><strong>11. Protecci\u00f3n de la Privacidad de los Datos<\/strong><\/p>\n<p style=\"text-align: justify;\">Para la recopilaci\u00f3n, uso y procesamiento de los datos personalmente identificables del usuario del sitio, GNS cumplir\u00e1 con toda la legislaci\u00f3n aplicable sobre protecci\u00f3n de privacidad de datos y con la pol\u00edtica de protecci\u00f3n de privacidad de datos del sitio, disponible mediante un hiperv\u00ednculo en el sitio web, en la pol\u00edtica de privacidad.<\/p>\n<p><strong>12. Acuerdos Suplementarios, Jurisdicci\u00f3n y Ley Aplicable<\/strong><\/p>\n<p style=\"text-align: justify;\">a) Cualquier acuerdo suplementario debe reducirse a forma escrita.<\/p>\n<p style=\"text-align: justify;\">b) Para aclarar cualquier cuesti\u00f3n, es competente el Tribunal do Foro da Comarca de \u00c1gueda.<\/p>\n<p style=\"text-align: justify;\">c) Las p\u00e1ginas individuales del sitio son operadas y administradas por GNS. Las p\u00e1ginas est\u00e1n en conformidad con la ley aplicable en el pa\u00eds donde la empresa responsable tenga su sede. La GNS no declara que la informaci\u00f3n, el software y la documentaci\u00f3n en el sitio sean apropiados o est\u00e9n disponibles para visualizaci\u00f3n o descarga en ubicaciones fuera del pa\u00eds mencionado. Si los usuarios acceden al sitio desde fuera del pa\u00eds mencionado, ser\u00e1n exclusivamente responsables de cumplir con todas las leyes locales aplicables. El acceso a la informaci\u00f3n, software y documentaci\u00f3n en pa\u00edses donde dicho contenido sea ileg\u00edtimo est\u00e1 prohibido. En este caso, y siempre que el usuario busque hacer negocios con GNS, deber\u00e1 contactar al representante de la empresa para ese pa\u00eds espec\u00edfico, para una transacci\u00f3n espec\u00edfica del pa\u00eds en cuesti\u00f3n.<\/p>\n<p style=\"text-align: justify;\">d) Estos T\u00e9rminos de Uso ser\u00e1n regidos -as\u00ed como todos los conflictos relacionados con o sin conexi\u00f3n con los T\u00e9rminos de Uso o materia de los mismos ser\u00e1n resueltos- por las leyes portuguesas de conformidad con las mismas, excluyendo sus normas sobre conflicto de leyes. Excluida la aplicaci\u00f3n de la Convenci\u00f3n de las Naciones Unidas sobre los Contratos de Compraventa Internacional de Mercader\u00edas, del 11 de abril de 1980.<\/p>\n\n<div style=\"height:70px\" aria-hidden=\"true\" class=\"wp-block-spacer\"><\/div>\n","protected":false},"excerpt":{"rendered":"<p>T\u00c9RMINOS DE USO 1. T\u00e9rminos de uso de la GNS a) Cualquier uso del sitio proporcionado por GNS &#8211; Georgina [&hellip;]<\/p>\n","protected":false},"author":1,"featured_media":0,"parent":0,"menu_order":11,"comment_status":"closed","ping_status":"closed","template":"","meta":{"site-sidebar-layout":"default","site-content-layout":"","ast-site-content-layout":"default","site-content-style":"default","site-sidebar-style":"default","ast-global-header-display":"","ast-banner-title-visibility":"","ast-main-header-display":"","ast-hfb-above-header-display":"","ast-hfb-below-header-display":"","ast-hfb-mobile-header-display":"","site-post-title":"","ast-breadcrumbs-content":"","ast-featured-img":"","footer-sml-layout":"","ast-disable-related-posts":"","theme-transparent-header-meta":"","adv-header-id-meta":"","stick-header-meta":"","header-above-stick-meta":"","header-main-stick-meta":"","header-below-stick-meta":"","astra-migrate-meta-layouts":"default","ast-page-background-enabled":"default","ast-page-background-meta":{"desktop":{"background-color":"var(--ast-global-color-5)","background-image":"","background-repeat":"repeat","background-position":"center center","background-size":"auto","background-attachment":"scroll","background-type":"","background-media":"","overlay-type":"","overlay-color":"","overlay-opacity":"","overlay-gradient":""},"tablet":{"background-color":"","background-image":"","background-repeat":"repeat","background-position":"center center","background-size":"auto","background-attachment":"scroll","background-type":"","background-media":"","overlay-type":"","overlay-color":"","overlay-opacity":"","overlay-gradient":""},"mobile":{"background-color":"","background-image":"","background-repeat":"repeat","background-position":"center center","background-size":"auto","background-attachment":"scroll","background-type":"","background-media":"","overlay-type":"","overlay-color":"","overlay-opacity":"","overlay-gradient":""}},"ast-content-background-meta":{"desktop":{"background-color":"var(--ast-global-color-4)","background-image":"","background-repeat":"repeat","background-position":"center center","background-size":"auto","background-attachment":"scroll","background-type":"","background-media":"","overlay-type":"","overlay-color":"","overlay-opacity":"","overlay-gradient":""},"tablet":{"background-color":"var(--ast-global-color-4)","background-image":"","background-repeat":"repeat","background-position":"center center","background-size":"auto","background-attachment":"scroll","background-type":"","background-media":"","overlay-type":"","overlay-color":"","overlay-opacity":"","overlay-gradient":""},"mobile":{"background-color":"var(--ast-global-color-4)","background-image":"","background-repeat":"repeat","background-position":"center center","background-size":"auto","background-attachment":"scroll","background-type":"","background-media":"","overlay-type":"","overlay-color":"","overlay-opacity":"","overlay-gradient":""}},"footnotes":""},"class_list":["post-8826","page","type-page","status-publish","hentry"],"_links":{"self":[{"href":"https:\/\/ingns.com\/es\/wp-json\/wp\/v2\/pages\/8826","targetHints":{"allow":["GET"]}}],"collection":[{"href":"https:\/\/ingns.com\/es\/wp-json\/wp\/v2\/pages"}],"about":[{"href":"https:\/\/ingns.com\/es\/wp-json\/wp\/v2\/types\/page"}],"author":[{"embeddable":true,"href":"https:\/\/ingns.com\/es\/wp-json\/wp\/v2\/users\/1"}],"replies":[{"embeddable":true,"href":"https:\/\/ingns.com\/es\/wp-json\/wp\/v2\/comments?post=8826"}],"version-history":[{"count":2,"href":"https:\/\/ingns.com\/es\/wp-json\/wp\/v2\/pages\/8826\/revisions"}],"predecessor-version":[{"id":10145,"href":"https:\/\/ingns.com\/es\/wp-json\/wp\/v2\/pages\/8826\/revisions\/10145"}],"wp:attachment":[{"href":"https:\/\/ingns.com\/es\/wp-json\/wp\/v2\/media?parent=8826"}],"curies":[{"name":"wp","href":"https:\/\/api.w.org\/{rel}","templated":true}]}}