{"id":8797,"date":"2023-05-22T10:12:11","date_gmt":"2023-05-22T10:12:11","guid":{"rendered":"https:\/\/ingns.com\/corporate\/"},"modified":"2024-09-09T14:10:39","modified_gmt":"2024-09-09T14:10:39","slug":"corporate","status":"publish","type":"page","link":"https:\/\/ingns.com\/es\/corporate\/","title":{"rendered":"Corporate"},"content":{"rendered":"\n<div style=\"height:50px\" aria-hidden=\"true\" class=\"wp-block-spacer\"><\/div>\n\n<h2 class=\"wp-block-heading has-neve-link-color-color has-text-color\">CORPORATE<\/h2>\n<h3>Un Curso Definido, Fechas Importantes, una Curva de Crecimiento<\/h3>\n<p style=\"text-align: justify;\">El Grupo Sotralu tiene su origen en Sotralu, l\u00edder europeo en el dise\u00f1o y fabricaci\u00f3n de accesorios para puertas, ventanas y series correderas de aluminio. Fundada en 1978 en Toulouse, a pocos pasos de las f\u00e1bricas donde se dise\u00f1aron y montaron el Concorde y el Airbus, Sotralu r\u00e1pidamente construy\u00f3 una reputaci\u00f3n de confiabilidad y altos est\u00e1ndares gracias a la calidad de sus productos. En 2007, Thierry Sainte-Claire Deville asumi\u00f3 el liderazgo del negocio. Es un exoficial de la flota de submarinos nucleares de la Marina Francesa que se convirti\u00f3 en CEO de una de las primeras agencias de marketing digital de Francia. La empresa pronto adopt\u00f3 una nueva perspectiva de crecimiento, centr\u00e1ndose ampliamente en los mercados internacionales. Expandendo sus mercados hacia los principales pa\u00edses europeos y luego hacia China, India y el Medio Oriente. <br \/>Sotralu ha construido un liderazgo ampliamente reconocido en su campo. Este liderazgo se refuerza constantemente gracias a una estrategia de crecimiento externo que ofrece al sector de la construcci\u00f3n una oferta integrada de productos cada vez m\u00e1s amplia. <br \/>Los primeros contornos del Grupo Sotralu aparecen en 2012, con la adquisici\u00f3n del fabricante italiano Erreti, hom\u00f3logo de Sotralu, que fabrica herrajes para ventanas oscilobatientes, ventanas basculantes, etc.  La creaci\u00f3n del Grupo Sotralu se formaliz\u00f3 en 2018 con la adquisici\u00f3n del grupo portugu\u00e9s GNS, conocido m\u00e1s espec\u00edficamente por su experiencia en cerraduras de puertas. Esta estrategia de crecimiento externo ponderado y controlado est\u00e1 llevando al grupo a estudiar y seguir varias otras oportunidades.<\/p>\n\n<figure class=\"wp-block-image aligncenter size-full\"><img loading=\"lazy\" decoding=\"async\" width=\"1499\" height=\"275\" src=\"https:\/\/ingns.com\/wp-content\/uploads\/2023\/12\/PT-Friso-do-Grupo-Sotralu.jpg\" alt=\"\" class=\"wp-image-6522\" srcset=\"https:\/\/ingns.com\/wp-content\/uploads\/2023\/12\/PT-Friso-do-Grupo-Sotralu.jpg 1499w, https:\/\/ingns.com\/wp-content\/uploads\/2023\/12\/PT-Friso-do-Grupo-Sotralu-300x55.jpg 300w, https:\/\/ingns.com\/wp-content\/uploads\/2023\/12\/PT-Friso-do-Grupo-Sotralu-1024x188.jpg 1024w, https:\/\/ingns.com\/wp-content\/uploads\/2023\/12\/PT-Friso-do-Grupo-Sotralu-150x28.jpg 150w, https:\/\/ingns.com\/wp-content\/uploads\/2023\/12\/PT-Friso-do-Grupo-Sotralu-768x141.jpg 768w, https:\/\/ingns.com\/wp-content\/uploads\/2023\/12\/PT-Friso-do-Grupo-Sotralu-18x3.jpg 18w\" sizes=\"auto, (max-width: 1499px) 100vw, 1499px\" \/><\/figure>\n\n<div style=\"height:25px\" aria-hidden=\"true\" class=\"wp-block-spacer\"><\/div>\n<p style=\"text-align: justify;\"><strong>El Grupo Sotralu es uno de los l\u00edderes en accesorios para sistemas de aluminio.<br \/><\/strong><\/p>\n<p style=\"text-align: justify;\">Las manillas, bisagras, rodillos, cerraduras y mecanismos del Grupo Sotralu ponen el aluminio en movimiento para brindar a los fabricantes y a sus usuarios la m\u00e1xima libertad. Siendo un socio importante de las principales empresas del sector de sistemas industriales y fabricantes de ventanas y puertas, el Grupo Sotralu dise\u00f1a, proyecta y fabrica la mayor variedad de accesorios producidos exclusivamente en europa.<\/p>\n<p style=\"text-align: justify;\">Gracias a esto y al concepto de \u00abun dise\u00f1o para todas las aperturas\u00bb, el Grupo Sotralu ofrece una l\u00f3gica real de un punto \u00fanico para los accesorios de puertas, ventanas y series de correderas en aluminio. No importa si los accesorios son oscilobatientes o de series de correderas, los accesorios del Grupo Sotralu subliman la calidad percibida y aumentan la apreciaci\u00f3n, la confiabilidad y el rendimiento.<\/p>\n\n<div style=\"height:25px\" aria-hidden=\"true\" class=\"wp-block-spacer\"><\/div>\n<h3>Calidad e innovaci\u00f3n del \u00abmade in Europe\u00bb<\/h3>\n<p><strong>El Grupo Sotralu, una empresa 100% europea<\/strong>, re\u00fane cuatro empresas reconocidas, cada una con m\u00e1s de 30 a\u00f1os de experiencia: Dr Accessories, Erreti, GNS y Sotralu.<\/p>\n<p style=\"text-align: justify;\">El Grupo Sotralu genera el 50% de su volumen de negocios a trav\u00e9s de exportaciones. En la firme convicci\u00f3n de que la industria europea tiene un futuro econ\u00f3mico y un papel que desempe\u00f1ar en la competencia global, hemos implementado una estrategia industrial, log\u00edstica y comercial que se extiende por todo el Sur de Europa. En un mundo donde la deslocalizaci\u00f3n de la producci\u00f3n hacia pa\u00edses de bajo costo o de mejor costo sigue siendo una realidad, el Grupo Sotralu opt\u00f3 por producir en Europa y vender al resto del mundo. Para que una estrategia tan ambiciosa tenga \u00e9xito, ser\u00e1 necesaria una evoluci\u00f3n constante para brindar un verdadero valor a\u00f1adido competitivo a cada producto. El Grupo Sotralu permite que profesionales e individuos en todo el mundo contin\u00faen con su b\u00fasqueda de calidad que los llev\u00f3 a elegir el aluminio para sus puertas y ventanas.<\/p>\n<p style=\"text-align: justify;\">El Grupo Sotralu optimiza y simplifica las tareas de instalaci\u00f3n, personalizaci\u00f3n, utilizaci\u00f3n (seguridad, comodidad, facilidad de movimiento, durabilidad, etc) y mantenimiento. Gracias a la gama m\u00e1s completa del mercado y a su cultura de servicio personalizado, el Grupo Sotralu tiene las respuestas a las necesidades de su mercado.<\/p>\n\n<div style=\"height:25px\" aria-hidden=\"true\" class=\"wp-block-spacer\"><\/div>\n<h3>Poner Nuestras Convicciones al Servicio de Nuestros Clientes<\/h3>\n<p style=\"text-align: justify;\">Todo nuestro concepto se basa en una cultura de compartir, compartiendo las competencias de nuestras cuatro marcas y nuestra convicci\u00f3n de que europa y nuestros tres pa\u00edses tienen un papel que desempe\u00f1ar en la competencia industrial global. Mejor a\u00fan, podemos ser ganadores gracias a una distribuci\u00f3n cuidadosa de tareas. M\u00e1s all\u00e1 de la excelencia t\u00e9cnica, esto requiere una adhesi\u00f3n constante a nuestros valores y compromisos: con nuestros clientes y mercados, no hace falta decirlo, pero tambi\u00e9n con los colaboradores, nuestros socios, y en una escala m\u00e1s amplia, con nuestra sociedad y nuestro entorno.<\/p>\n<p style=\"text-align: justify;\">Para el Grupo Sotralu, la excelencia t\u00e9cnica debe servir a la humanidad. Esa excelencia solo tiene significado y valor si respeta los principios \u00e9ticos relativos a la dignidad humana, las condiciones laborales y ayuda a preservar nuestro planeta.<\/p>\n<p style=\"text-align: justify;\">Incluir a las personas con discapacidad en el lugar de trabajo, ayudar a los desempleados de larga duraci\u00f3n a volver al trabajo, garantizar que nuestros proveedores respeten los mismos valores: calidad justa y sostenible es algo que solo puede construirse d\u00eda tras d\u00eda, en todos los aspectos de lo que hacemos.<\/p>\n\n<div style=\"height:25px\" aria-hidden=\"true\" class=\"wp-block-spacer\"><\/div>\n<h3>Productos Pioneros<\/h3>\n<p style=\"text-align: justify;\"><strong>Al dedicar el 7% de su facturaci\u00f3n anual a ID<\/strong>, el Grupo Sotralu est\u00e1 a la vanguardia de la innovaci\u00f3n, presentando soluciones que a menudo transforman el mercado. M\u00e1s de 30 patentes han sido registradas hasta el momento, principalmente en relaci\u00f3n con los siguientes productos. Como pionero, el grupo invent\u00f3 el concepto \u00abun design para todas las aberturas\u00bb, que por primera vez proporciona una coherencia est\u00e9tica perfecta entre los tiradores instalados en los diferentes tipos de aberturas (puertas, ventanas y series de correderas) dentro de un entorno.<\/p>\n\n<div style=\"height:50px\" aria-hidden=\"true\" class=\"wp-block-spacer\"><\/div>\n\n<div class=\"wp-block-columns is-layout-flex wp-container-core-columns-is-layout-28f84493 wp-block-columns-is-layout-flex\">\n<div class=\"wp-block-column is-layout-flow wp-block-column-is-layout-flow\" style=\"flex-basis:33.33%\">\n<figure class=\"wp-block-image aligncenter size-full is-resized\"><img loading=\"lazy\" decoding=\"async\" width=\"670\" height=\"903\" src=\"https:\/\/ingns.com\/wp-content\/uploads\/2023\/12\/RASATA.jpg\" alt=\"\" class=\"wp-image-6462\" style=\"width:300px;height:auto\" srcset=\"https:\/\/ingns.com\/wp-content\/uploads\/2023\/12\/RASATA.jpg 670w, https:\/\/ingns.com\/wp-content\/uploads\/2023\/12\/RASATA-223x300.jpg 223w, https:\/\/ingns.com\/wp-content\/uploads\/2023\/12\/RASATA-111x150.jpg 111w, https:\/\/ingns.com\/wp-content\/uploads\/2023\/12\/RASATA-9x12.jpg 9w, https:\/\/ingns.com\/wp-content\/uploads\/2023\/12\/RASATA-15x20.jpg 15w\" sizes=\"auto, (max-width: 670px) 100vw, 670px\" \/><\/figure>\n<\/div>\n\n\n\n<div class=\"wp-block-column is-layout-flow wp-block-column-is-layout-flow\" style=\"flex-basis:66.66%\">\n<h3>RASATA<br>Manilla Innovadora y Minimalista<\/h3>\n<ul>\n<li style=\"text-align: justify;\">Disign minimalista sin base;<\/li>\n<li style=\"text-align: justify;\">Montaje r\u00e1pido y sencillo: fijaci\u00f3n en el perfil sin tornillos;<\/li>\n<li style=\"text-align: justify;\">Posibilidad de instalaci\u00f3n en el lugar;<\/li>\n<li style=\"text-align: justify;\">Compatible con todos los mecanismos de eje de 7mm;<\/li>\n<li style=\"text-align: justify;\">Compatible con todos los canales (canal europeo, canal de 16 mm, etc).<\/li>\n<\/ul>\n<\/div>\n<\/div>\n\n<div style=\"height:50px\" aria-hidden=\"true\" class=\"wp-block-spacer\"><\/div>\n\n<div class=\"wp-block-columns is-layout-flex wp-container-core-columns-is-layout-28f84493 wp-block-columns-is-layout-flex\">\n<div class=\"wp-block-column is-layout-flow wp-block-column-is-layout-flow\" style=\"flex-basis:33.33%\">\n<figure class=\"wp-block-image aligncenter size-full is-resized\"><img loading=\"lazy\" decoding=\"async\" width=\"670\" height=\"903\" src=\"https:\/\/ingns.com\/wp-content\/uploads\/2023\/12\/NOVEM.jpg\" alt=\"\" class=\"wp-image-6461\" style=\"width:300px;height:auto\" srcset=\"https:\/\/ingns.com\/wp-content\/uploads\/2023\/12\/NOVEM.jpg 670w, https:\/\/ingns.com\/wp-content\/uploads\/2023\/12\/NOVEM-223x300.jpg 223w, https:\/\/ingns.com\/wp-content\/uploads\/2023\/12\/NOVEM-111x150.jpg 111w, https:\/\/ingns.com\/wp-content\/uploads\/2023\/12\/NOVEM-9x12.jpg 9w, https:\/\/ingns.com\/wp-content\/uploads\/2023\/12\/NOVEM-15x20.jpg 15w\" sizes=\"auto, (max-width: 670px) 100vw, 670px\" \/><\/figure>\n<\/div>\n\n\n\n<div class=\"wp-block-column is-layout-flow wp-block-column-is-layout-flow\" style=\"flex-basis:66.66%\">\n<h3>NOVEM<br>Manilla con Movimiento Intuitivo<\/h3>\n<ul>\n<li style=\"text-align: justify;\">Desbloqueo y bloqueo en un movimiento fluido y natural;<\/li>\n<li style=\"text-align: justify;\">Fruto de la colaboraci\u00f3n entre las oficinas de design de Sotralu y Erreti;<\/li>\n<li style=\"text-align: justify;\">Mecanismo espec\u00edfico para 19 grados que activa los dispositivos de bloqueo de 7 mm cuadrados;<\/li>\n<li style=\"text-align: justify;\">Disponible en la l\u00ednea Chronos, Versus y Flexis;<\/li>\n<li style=\"text-align: justify;\">Uso interno y externo para Chronos y Flexis;<\/li>\n<li style=\"text-align: justify;\">Solo uso interno para Versus.<\/li>\n<\/ul>\n<\/div>\n<\/div>\n\n<div style=\"height:50px\" aria-hidden=\"true\" class=\"wp-block-spacer\"><\/div>\n\n<div class=\"wp-block-columns is-layout-flex wp-container-core-columns-is-layout-28f84493 wp-block-columns-is-layout-flex\">\n<div class=\"wp-block-column is-layout-flow wp-block-column-is-layout-flow\" style=\"flex-basis:33.33%\">\n<figure class=\"wp-block-image aligncenter size-full is-resized\"><img loading=\"lazy\" decoding=\"async\" width=\"670\" height=\"903\" src=\"https:\/\/ingns.com\/wp-content\/uploads\/2023\/12\/RINOVA.jpg\" alt=\"\" class=\"wp-image-6463\" style=\"width:300px;height:auto\" srcset=\"https:\/\/ingns.com\/wp-content\/uploads\/2023\/12\/RINOVA.jpg 670w, https:\/\/ingns.com\/wp-content\/uploads\/2023\/12\/RINOVA-223x300.jpg 223w, https:\/\/ingns.com\/wp-content\/uploads\/2023\/12\/RINOVA-111x150.jpg 111w, https:\/\/ingns.com\/wp-content\/uploads\/2023\/12\/RINOVA-9x12.jpg 9w, https:\/\/ingns.com\/wp-content\/uploads\/2023\/12\/RINOVA-15x20.jpg 15w\" sizes=\"auto, (max-width: 670px) 100vw, 670px\" \/><\/figure>\n<\/div>\n\n\n\n<div class=\"wp-block-column is-layout-flow wp-block-column-is-layout-flow\" style=\"flex-basis:66.66%\">\n<h3>RINOVA<br>La Innovadora Soluci\u00f3n de Oscilobatiente<\/h3>\n<ul>\n<li style=\"text-align: justify;\">2 capacidades de peso: 120kg y 160kg;<\/li>\n<li style=\"text-align: justify;\">Bisagras visibles e invisibles;<\/li>\n<li style=\"text-align: justify;\">Tama\u00f1os grandes: Lm\u00edn 425 a Lm\u00e1x 1700mm &#8211; Hm\u00edn 605 a Hm\u00e1x 2800mm;<\/li>\n<li style=\"text-align: justify;\">Ajustes tridimensionales;<\/li>\n<li style=\"text-align: justify;\">R\u00e1pido y f\u00e1cil de instalar;<\/li>\n<li style=\"text-align: justify;\">Sistema de ventilaci\u00f3n patentado;<\/li>\n<li style=\"text-align: justify;\">Est\u00e9tica: simetr\u00eda de las bisagras; anodizado a\u00fan disponible;<\/li>\n<li style=\"text-align: justify;\">Mismo tama\u00f1o de varilla para cremona o mecanismo interno: \u00fanico en el mercado.<\/li>\n<\/ul>\n<\/div>\n<\/div>\n\n<div style=\"height:25px\" aria-hidden=\"true\" class=\"wp-block-spacer\"><\/div>\n<h3>La M\u00e1s Amplia Variedad de Accesorios para Sistemas de Aluminio Producidos en Europa<\/h3>\n<p style=\"text-align: justify;\"><strong>El Grupo Sotralu es uno de los l\u00edderes europeos en accesorios para sistemas de aluminio<\/strong>.<br \/>Puertas, ventanas o series correderas, desarrollamos una gama \u00fanica de accesorios con un dise\u00f1o unificado que satisface las necesidades de las principales industrias y empresas de sistemas en todo el mundo, ayud\u00e1ndolas a mejorar el rendimiento de sus productos.<\/p>\n\n<div style=\"height:70px\" aria-hidden=\"true\" class=\"wp-block-spacer\"><\/div>\n","protected":false},"excerpt":{"rendered":"<p>CORPORATE Un Curso Definido, Fechas Importantes, una Curva de Crecimiento El Grupo Sotralu tiene su origen en Sotralu, l\u00edder europeo [&hellip;]<\/p>\n","protected":false},"author":1,"featured_media":0,"parent":0,"menu_order":2,"comment_status":"closed","ping_status":"closed","template":"","meta":{"site-sidebar-layout":"default","site-content-layout":"","ast-site-content-layout":"default","site-content-style":"default","site-sidebar-style":"default","ast-global-header-display":"","ast-banner-title-visibility":"","ast-main-header-display":"","ast-hfb-above-header-display":"","ast-hfb-below-header-display":"","ast-hfb-mobile-header-display":"","site-post-title":"","ast-breadcrumbs-content":"","ast-featured-img":"","footer-sml-layout":"","ast-disable-related-posts":"","theme-transparent-header-meta":"","adv-header-id-meta":"","stick-header-meta":"","header-above-stick-meta":"","header-main-stick-meta":"","header-below-stick-meta":"","astra-migrate-meta-layouts":"default","ast-page-background-enabled":"default","ast-page-background-meta":{"desktop":{"background-color":"var(--ast-global-color-5)","background-image":"","background-repeat":"repeat","background-position":"center center","background-size":"auto","background-attachment":"scroll","background-type":"","background-media":"","overlay-type":"","overlay-color":"","overlay-opacity":"","overlay-gradient":""},"tablet":{"background-color":"","background-image":"","background-repeat":"repeat","background-position":"center center","background-size":"auto","background-attachment":"scroll","background-type":"","background-media":"","overlay-type":"","overlay-color":"","overlay-opacity":"","overlay-gradient":""},"mobile":{"background-color":"","background-image":"","background-repeat":"repeat","background-position":"center center","background-size":"auto","background-attachment":"scroll","background-type":"","background-media":"","overlay-type":"","overlay-color":"","overlay-opacity":"","overlay-gradient":""}},"ast-content-background-meta":{"desktop":{"background-color":"var(--ast-global-color-4)","background-image":"","background-repeat":"repeat","background-position":"center center","background-size":"auto","background-attachment":"scroll","background-type":"","background-media":"","overlay-type":"","overlay-color":"","overlay-opacity":"","overlay-gradient":""},"tablet":{"background-color":"var(--ast-global-color-4)","background-image":"","background-repeat":"repeat","background-position":"center center","background-size":"auto","background-attachment":"scroll","background-type":"","background-media":"","overlay-type":"","overlay-color":"","overlay-opacity":"","overlay-gradient":""},"mobile":{"background-color":"var(--ast-global-color-4)","background-image":"","background-repeat":"repeat","background-position":"center center","background-size":"auto","background-attachment":"scroll","background-type":"","background-media":"","overlay-type":"","overlay-color":"","overlay-opacity":"","overlay-gradient":""}},"footnotes":""},"class_list":["post-8797","page","type-page","status-publish","hentry"],"_links":{"self":[{"href":"https:\/\/ingns.com\/es\/wp-json\/wp\/v2\/pages\/8797","targetHints":{"allow":["GET"]}}],"collection":[{"href":"https:\/\/ingns.com\/es\/wp-json\/wp\/v2\/pages"}],"about":[{"href":"https:\/\/ingns.com\/es\/wp-json\/wp\/v2\/types\/page"}],"author":[{"embeddable":true,"href":"https:\/\/ingns.com\/es\/wp-json\/wp\/v2\/users\/1"}],"replies":[{"embeddable":true,"href":"https:\/\/ingns.com\/es\/wp-json\/wp\/v2\/comments?post=8797"}],"version-history":[{"count":8,"href":"https:\/\/ingns.com\/es\/wp-json\/wp\/v2\/pages\/8797\/revisions"}],"predecessor-version":[{"id":13345,"href":"https:\/\/ingns.com\/es\/wp-json\/wp\/v2\/pages\/8797\/revisions\/13345"}],"wp:attachment":[{"href":"https:\/\/ingns.com\/es\/wp-json\/wp\/v2\/media?parent=8797"}],"curies":[{"name":"wp","href":"https:\/\/api.w.org\/{rel}","templated":true}]}}