{"id":8782,"date":"2023-05-22T10:12:11","date_gmt":"2023-05-22T10:12:11","guid":{"rendered":"https:\/\/ingns.com\/sobre\/"},"modified":"2024-09-06T11:28:07","modified_gmt":"2024-09-06T11:28:07","slug":"sobre","status":"publish","type":"page","link":"https:\/\/ingns.com\/es\/sobre\/","title":{"rendered":"Sobre"},"content":{"rendered":"\n<div style=\"height:50px\" aria-hidden=\"true\" class=\"wp-block-spacer\"><\/div>\n\n<h2 class=\"wp-block-heading has-neve-link-color-color has-text-color\">SOBRE<\/h2>\n\n<div style=\"height:25px\" aria-hidden=\"true\" class=\"wp-block-spacer\"><\/div>\n\n<figure class=\"wp-block-image aligncenter size-large is-resized\"><img loading=\"lazy\" decoding=\"async\" width=\"1024\" height=\"538\" src=\"https:\/\/ingns.com\/wp-content\/uploads\/2023\/05\/DJI_0006-1024x538.jpg\" alt=\"\" class=\"wp-image-181\" style=\"width:704px;height:auto\" srcset=\"https:\/\/ingns.com\/wp-content\/uploads\/2023\/05\/DJI_0006-1024x538.jpg 1024w, https:\/\/ingns.com\/wp-content\/uploads\/2023\/05\/DJI_0006-300x158.jpg 300w, https:\/\/ingns.com\/wp-content\/uploads\/2023\/05\/DJI_0006-150x79.jpg 150w, https:\/\/ingns.com\/wp-content\/uploads\/2023\/05\/DJI_0006-768x403.jpg 768w, https:\/\/ingns.com\/wp-content\/uploads\/2023\/05\/DJI_0006-1536x806.jpg 1536w, https:\/\/ingns.com\/wp-content\/uploads\/2023\/05\/DJI_0006-18x9.jpg 18w, https:\/\/ingns.com\/wp-content\/uploads\/2023\/05\/DJI_0006-20x11.jpg 20w, https:\/\/ingns.com\/wp-content\/uploads\/2023\/05\/DJI_0006.jpg 2000w\" sizes=\"auto, (max-width: 1024px) 100vw, 1024px\" \/><\/figure>\n\n<div style=\"height:50px\" aria-hidden=\"true\" class=\"wp-block-spacer\"><\/div>\n\n<div class=\"wp-block-columns is-layout-flex wp-container-core-columns-is-layout-28f84493 wp-block-columns-is-layout-flex\">\n<div class=\"wp-block-column is-vertically-aligned-center is-layout-flow wp-block-column-is-layout-flow\">\n<h3>ALUMINIUM IT&#8217;S OUR DNA<\/h3>\n<p style=\"text-align: justify;\">La GNS es un grupo de empresas industriales con m\u00e1s de 50 a\u00f1os de experiencia, especializadas en el desarrollo de productos y soluciones para la industria de la carpinter\u00eda de aluminio.<\/p>\n<p style=\"text-align: justify;\">Ofrecemos soluciones innovadoras y adaptadas a las necesidades de clientes en todo el mundo. Todos los empleados del GNS comparten el entusiasmo por un proyecto com\u00fan para el crecimiento y mejora continua, por lo que decimos que el <strong>Aluminio est\u00e1 en nuestro ADN<\/strong>.<\/p>\n<p style=\"text-align: justify;\">Tenemos com compromiso de contribuir al futuro desarrollo de nuestra comunidad, de la industria y del \u00abmade in Portugal\u00bb, que siempre ha representado un producto de calidad en todo el mundo, y ha sido siempre una bandera que las empresas de nuestro grupo llevan con orgullo por todo este tiempo.<\/p>\n<\/div>\n<\/div>\n\n<div style=\"height:25px\" aria-hidden=\"true\" class=\"wp-block-spacer\"><\/div>\n\n<div class=\"wp-block-columns is-layout-flex wp-container-core-columns-is-layout-28f84493 wp-block-columns-is-layout-flex\">\n<div class=\"wp-block-column is-vertically-aligned-center is-layout-flow wp-block-column-is-layout-flow\">\n<h3>La Calidad de Nuestros Productos<\/h3>\n<p style=\"text-align: justify;\">Todos nuestros productos est\u00e1n sujetos a los ensayos de calidad m\u00e1s exigentes. Cada una de las diferentes l\u00edneas de productos est\u00e1n certificados y aprobados de acuerdo con los requisitos de la marca CE. El primado de la calidad que ponemos en cada producto que fabricamos comienza con la cuidadosa selecci\u00f3n de nuestros proveedores de materias primas.<\/p>\n<\/div>\n<\/div>\n\n<div style=\"height:25px\" aria-hidden=\"true\" class=\"wp-block-spacer\"><\/div>\n\n<div class=\"wp-block-columns is-layout-flex wp-container-core-columns-is-layout-28f84493 wp-block-columns-is-layout-flex\">\n<div class=\"wp-block-column is-vertically-aligned-center is-layout-flow wp-block-column-is-layout-flow\">\n<h3>Innovaci\u00f3n y Desarrollo del Producto<\/h3>\n<p style=\"text-align: justify;\">Soportado por nuestro departamento de investigaci\u00f3n y desarrollo de productos, desarrollamos soluciones adaptadas a las necesidades reales del mercado, siguiendo las principales tendencias en design, econom\u00eda y comodidad. A trav\u00e9s de las colaboraciones que desarrollamos con las universidades, desarrollamos productos para despertar nuevas necesidades.<\/p>\n<\/div>\n<\/div>\n\n<div style=\"height:25px\" aria-hidden=\"true\" class=\"wp-block-spacer\"><\/div>\n\n<div class=\"wp-block-columns is-layout-flex wp-container-core-columns-is-layout-28f84493 wp-block-columns-is-layout-flex\">\n<div class=\"wp-block-column is-layout-flow wp-block-column-is-layout-flow\">\n<h3>Exclusividad y Patentes<\/h3>\n<p style=\"text-align: justify;\">Desarrollando productos innovadores y de alto valor a\u00f1adido, en el sentido de la exclusividad y la protecci\u00f3n de la propiedad industrial, patentamos los de mayor potencial, defendiendo as\u00ed a nuestros clientes y distribuidores. En este momento la GNS tiene la patente de la principal cerradura vendida en la Pen\u00ednsula Ib\u00e9rica (7715), y somos el \u00fanico fabricante portugu\u00e9s del sistema de ventilaci\u00f3n pasiva &#8211; ANCOVENT.<\/p>\n<\/div>\n<\/div>\n\n<div style=\"height:25px\" aria-hidden=\"true\" class=\"wp-block-spacer\"><\/div>\n\n<div class=\"wp-block-columns is-layout-flex wp-container-core-columns-is-layout-28f84493 wp-block-columns-is-layout-flex\">\n<div class=\"wp-block-column is-layout-flow wp-block-column-is-layout-flow\">\n<h3>Servicio al Cliente<\/h3>\n<p style=\"text-align: justify;\">Para nosotros, el cliente siempre viene en primero. A trav\u00e9s de m\u00e9todos de fabricaci\u00f3n ampliamente experimentados, aseguramos el env\u00edo de cualquier pedido en un plazo m\u00e1ximo de una semana. Desarrollamos un fuerte componente de formaci\u00f3n de productos con los clientes de nuestros clientes. A trav\u00e9s de nuestro departamento t\u00e9cnico, en estrecha sinton\u00eda con el \u00e1rea comercial, ayudamos a nuestros clientes en cualquier situaci\u00f3n.<\/p>\n<\/div>\n<\/div>\n\n<div style=\"height:25px\" aria-hidden=\"true\" class=\"wp-block-spacer\"><\/div>\n\n<div class=\"wp-block-columns is-layout-flex wp-container-core-columns-is-layout-28f84493 wp-block-columns-is-layout-flex\">\n<div class=\"wp-block-column is-layout-flow wp-block-column-is-layout-flow\">\n<h3>Formaci\u00f3n y Desarrollo de Competencias<\/h3>\n<p>Todos los diferentes equipos y sectores de la empresa est\u00e1n involucrados en un continuo y exigente proceso de formaci\u00f3n continua, con el fin de dotar a las diferentes \u00e1reas de la empresa con conocimientos diferenciados a n\u00edvel del proceso de fabricaci\u00f3n y producto.<\/p>\n<\/div>\n<\/div>\n\n<div style=\"height:25px\" aria-hidden=\"true\" class=\"wp-block-spacer\"><\/div>\n\n<div class=\"wp-block-columns is-layout-flex wp-container-core-columns-is-layout-28f84493 wp-block-columns-is-layout-flex\">\n<div class=\"wp-block-column is-layout-flow wp-block-column-is-layout-flow\">\n<h3>Tecnolog\u00eda<\/h3>\n<p style=\"text-align: justify;\">Cerraduras de monopunto y multipunto, manillas, cremonas, accesorios de cierres, bisagras, sistemas de oscilobatiente con o sin microventilaci\u00f3n, en GNS tenemos todo lo necesario para la fabricaci\u00f3n de puertas y ventanas en perfil de aluminio. Una gama completa de productos de alta calidad, que oferece a nuestros clientes poderosos argumentos para excelentes oportunidades de negocio.<\/p>\n<p style=\"text-align: justify;\">En los \u00faltimos a\u00f1os, nuestros ingenieros han presentado y patentado diversos productos con un alto grado de innovaci\u00f3n y seguimos haci\u00e9ndolo a\u00f1o a a\u00f1o, completando una amplia gama de soluciones en un mercado extremadamente exigente y de alto nivel t\u00e9cnico.<\/p>\n<p style=\"text-align: justify;\">Con las mejores materias primas, como el aluminio, acero y acero inoxidable, seleccionando el tratamiento de superficie m\u00e1s adecuada, galvanizado, niquelado, pintura electrost\u00e1tica o anodizado, con componentes de montaje, como tornillos y resortes exclusivamente en acero inoxidable, con los processos de producci\u00f3n controlado con un personal eficiente y bien entrenado, nos aseguramos de larga vida a nuestros productos y la confianza y satisfacci\u00f3n a nuestros clientes.<\/p>\n<\/div>\n<\/div>\n\n<div style=\"height:70px\" aria-hidden=\"true\" class=\"wp-block-spacer\"><\/div>\n","protected":false},"excerpt":{"rendered":"<p>SOBRE ALUMINIUM IT&#8217;S OUR DNA La GNS es un grupo de empresas industriales con m\u00e1s de 50 a\u00f1os de experiencia, [&hellip;]<\/p>\n","protected":false},"author":1,"featured_media":0,"parent":0,"menu_order":1,"comment_status":"closed","ping_status":"closed","template":"","meta":{"site-sidebar-layout":"default","site-content-layout":"","ast-site-content-layout":"default","site-content-style":"default","site-sidebar-style":"default","ast-global-header-display":"","ast-banner-title-visibility":"","ast-main-header-display":"","ast-hfb-above-header-display":"","ast-hfb-below-header-display":"","ast-hfb-mobile-header-display":"","site-post-title":"","ast-breadcrumbs-content":"","ast-featured-img":"","footer-sml-layout":"","ast-disable-related-posts":"","theme-transparent-header-meta":"","adv-header-id-meta":"","stick-header-meta":"","header-above-stick-meta":"","header-main-stick-meta":"","header-below-stick-meta":"","astra-migrate-meta-layouts":"default","ast-page-background-enabled":"default","ast-page-background-meta":{"desktop":{"background-color":"var(--ast-global-color-5)","background-image":"","background-repeat":"repeat","background-position":"center center","background-size":"auto","background-attachment":"scroll","background-type":"","background-media":"","overlay-type":"","overlay-color":"","overlay-opacity":"","overlay-gradient":""},"tablet":{"background-color":"","background-image":"","background-repeat":"repeat","background-position":"center center","background-size":"auto","background-attachment":"scroll","background-type":"","background-media":"","overlay-type":"","overlay-color":"","overlay-opacity":"","overlay-gradient":""},"mobile":{"background-color":"","background-image":"","background-repeat":"repeat","background-position":"center center","background-size":"auto","background-attachment":"scroll","background-type":"","background-media":"","overlay-type":"","overlay-color":"","overlay-opacity":"","overlay-gradient":""}},"ast-content-background-meta":{"desktop":{"background-color":"var(--ast-global-color-4)","background-image":"","background-repeat":"repeat","background-position":"center center","background-size":"auto","background-attachment":"scroll","background-type":"","background-media":"","overlay-type":"","overlay-color":"","overlay-opacity":"","overlay-gradient":""},"tablet":{"background-color":"var(--ast-global-color-4)","background-image":"","background-repeat":"repeat","background-position":"center center","background-size":"auto","background-attachment":"scroll","background-type":"","background-media":"","overlay-type":"","overlay-color":"","overlay-opacity":"","overlay-gradient":""},"mobile":{"background-color":"var(--ast-global-color-4)","background-image":"","background-repeat":"repeat","background-position":"center center","background-size":"auto","background-attachment":"scroll","background-type":"","background-media":"","overlay-type":"","overlay-color":"","overlay-opacity":"","overlay-gradient":""}},"footnotes":""},"class_list":["post-8782","page","type-page","status-publish","hentry"],"_links":{"self":[{"href":"https:\/\/ingns.com\/es\/wp-json\/wp\/v2\/pages\/8782","targetHints":{"allow":["GET"]}}],"collection":[{"href":"https:\/\/ingns.com\/es\/wp-json\/wp\/v2\/pages"}],"about":[{"href":"https:\/\/ingns.com\/es\/wp-json\/wp\/v2\/types\/page"}],"author":[{"embeddable":true,"href":"https:\/\/ingns.com\/es\/wp-json\/wp\/v2\/users\/1"}],"replies":[{"embeddable":true,"href":"https:\/\/ingns.com\/es\/wp-json\/wp\/v2\/comments?post=8782"}],"version-history":[{"count":10,"href":"https:\/\/ingns.com\/es\/wp-json\/wp\/v2\/pages\/8782\/revisions"}],"predecessor-version":[{"id":12754,"href":"https:\/\/ingns.com\/es\/wp-json\/wp\/v2\/pages\/8782\/revisions\/12754"}],"wp:attachment":[{"href":"https:\/\/ingns.com\/es\/wp-json\/wp\/v2\/media?parent=8782"}],"curies":[{"name":"wp","href":"https:\/\/api.w.org\/{rel}","templated":true}]}}